{"id":13601,"date":"2026-01-16T11:51:07","date_gmt":"2026-01-16T10:51:07","guid":{"rendered":"https:\/\/www.smokingpaper.com\/smoqueen-rose-quartz-king-size\/"},"modified":"2026-01-16T12:06:47","modified_gmt":"2026-01-16T11:06:47","slug":"smoqueen-rose-quartz-king-size","status":"publish","type":"product","link":"https:\/\/www.smokingpaper.com\/de\/smoqueen-rose-quartz-king-size\/","title":{"rendered":"Smoqueen Rose Quartz King Size"},"content":{"rendered":"","protected":false},"excerpt":{"rendered":"<p>Der Smoqueen Rose Quartz spiegelt die Zartheit und den Charme von Rosenquarz wider und ist Teil der Premium-Kollektion &#8222;Gemstones&#8220;. Ein kleines rosa Papierheft mit 34 Bl\u00e4ttern, hergestellt mit Lebensmittelfarbe, die den Geschmack und das Aroma Ihrer Mischung nicht ver\u00e4ndert. Das ultrad\u00fcnne Papier mit einer Grammatur von 13 g\/m\u00b2, langsamer Verbrennung und Smoking\u00ae-Wasserzeichen sorgt f\u00fcr ein sanftes, ausgewogenes und angenehmes Erlebnis.<\/p>\n<p>Dieses FSC\u00ae-zertifizierte und zusatzstofffreie Papier bietet bei jedem Gebrauch Weichheit und Reinheit.<\/p>\n","protected":false},"featured_media":13593,"template":"","meta":{"_acf_changed":false,"inline_featured_image":false},"product_brand":[],"product_cat":[111],"product_tag":[],"class_list":{"0":"post-13601","1":"product","2":"type-product","3":"status-publish","4":"has-post-thumbnail","6":"product_cat-kingsize","8":"first","9":"instock","10":"shipping-taxable","11":"product-type-simple"},"acf":[],"yoast_head":"<!-- This site is optimized with the Yoast SEO plugin v26.2 - https:\/\/yoast.com\/wordpress\/plugins\/seo\/ -->\n<title>Smoqueen Rose Quartz King Size | Smoking<\/title>\n<meta name=\"robots\" content=\"index, follow, max-snippet:-1, max-image-preview:large, max-video-preview:-1\" \/>\n<link rel=\"canonical\" href=\"https:\/\/www.smokingpaper.com\/de\/smoqueen-rose-quartz-king-size\/\" \/>\n<meta property=\"og:locale\" content=\"de_DE\" \/>\n<meta property=\"og:type\" content=\"article\" \/>\n<meta property=\"og:title\" content=\"Smoqueen Rose Quartz King Size | Smoking\" \/>\n<meta property=\"og:description\" content=\"Der Smoqueen Rose Quartz spiegelt die Zartheit und den Charme von Rosenquarz wider und ist Teil der Premium-Kollektion &quot;Gemstones&quot;. Ein kleines rosa Papierheft mit 34 Bl\u00e4ttern, hergestellt mit Lebensmittelfarbe, die den Geschmack und das Aroma Ihrer Mischung nicht ver\u00e4ndert. Das ultrad\u00fcnne Papier mit einer Grammatur von 13 g\/m\u00b2, langsamer Verbrennung und Smoking\u00ae-Wasserzeichen sorgt f\u00fcr ein sanftes, ausgewogenes und angenehmes Erlebnis.  Dieses FSC\u00ae-zertifizierte und zusatzstofffreie Papier bietet bei jedem Gebrauch Weichheit und Reinheit.\" \/>\n<meta property=\"og:url\" content=\"https:\/\/www.smokingpaper.com\/de\/smoqueen-rose-quartz-king-size\/\" \/>\n<meta property=\"og:site_name\" content=\"Smoking\" \/>\n<meta property=\"article:modified_time\" content=\"2026-01-16T11:06:47+00:00\" \/>\n<meta property=\"og:image\" content=\"https:\/\/www.smokingpaper.com\/wp-content\/uploads\/2026\/01\/3D-LIBRITO-ROSE-QUARTZ.webp\" \/>\n\t<meta property=\"og:image:width\" content=\"3196\" \/>\n\t<meta property=\"og:image:height\" content=\"1564\" \/>\n\t<meta property=\"og:image:type\" content=\"image\/webp\" \/>\n<meta name=\"twitter:card\" content=\"summary_large_image\" \/>\n<!-- \/ Yoast SEO plugin. -->","yoast_head_json":{"title":"Smoqueen Rose Quartz King Size | Smoking","robots":{"index":"index","follow":"follow","max-snippet":"max-snippet:-1","max-image-preview":"max-image-preview:large","max-video-preview":"max-video-preview:-1"},"canonical":"https:\/\/www.smokingpaper.com\/de\/smoqueen-rose-quartz-king-size\/","og_locale":"de_DE","og_type":"article","og_title":"Smoqueen Rose Quartz King Size | Smoking","og_description":"Der Smoqueen Rose Quartz spiegelt die Zartheit und den Charme von Rosenquarz wider und ist Teil der Premium-Kollektion \"Gemstones\". Ein kleines rosa Papierheft mit 34 Bl\u00e4ttern, hergestellt mit Lebensmittelfarbe, die den Geschmack und das Aroma Ihrer Mischung nicht ver\u00e4ndert. Das ultrad\u00fcnne Papier mit einer Grammatur von 13 g\/m\u00b2, langsamer Verbrennung und Smoking\u00ae-Wasserzeichen sorgt f\u00fcr ein sanftes, ausgewogenes und angenehmes Erlebnis.  Dieses FSC\u00ae-zertifizierte und zusatzstofffreie Papier bietet bei jedem Gebrauch Weichheit und Reinheit.","og_url":"https:\/\/www.smokingpaper.com\/de\/smoqueen-rose-quartz-king-size\/","og_site_name":"Smoking","article_modified_time":"2026-01-16T11:06:47+00:00","og_image":[{"width":3196,"height":1564,"url":"https:\/\/www.smokingpaper.com\/wp-content\/uploads\/2026\/01\/3D-LIBRITO-ROSE-QUARTZ.webp","type":"image\/webp"}],"twitter_card":"summary_large_image","schema":{"@context":"https:\/\/schema.org","@graph":[{"@type":"BreadcrumbList","@id":"https:\/\/www.smokingpaper.com\/de\/smoqueen-rose-quartz-king-size\/#breadcrumb","itemListElement":[{"@type":"ListItem","position":1,"name":"Home","item":"https:\/\/www.smokingpaper.com\/de\/"},{"@type":"ListItem","position":2,"name":"Produkte","item":"https:\/\/www.smokingpaper.com\/de\/shop\/"},{"@type":"ListItem","position":3,"name":"ZIGARETTENPAPIER","item":"https:\/\/www.smokingpaper.com\/de\/produkte\/blattchen\/"},{"@type":"ListItem","position":4,"name":"King size","item":"https:\/\/www.smokingpaper.com\/de\/produkte\/blattchen\/kingsize\/"},{"@type":"ListItem","position":5,"name":"Smoqueen Rose Quartz King Size"}]}]}},"_links":{"self":[{"href":"https:\/\/www.smokingpaper.com\/de\/wp-json\/wp\/v2\/product\/13601","targetHints":{"allow":["GET"]}}],"collection":[{"href":"https:\/\/www.smokingpaper.com\/de\/wp-json\/wp\/v2\/product"}],"about":[{"href":"https:\/\/www.smokingpaper.com\/de\/wp-json\/wp\/v2\/types\/product"}],"wp:featuredmedia":[{"embeddable":true,"href":"https:\/\/www.smokingpaper.com\/de\/wp-json\/wp\/v2\/media\/13593"}],"wp:attachment":[{"href":"https:\/\/www.smokingpaper.com\/de\/wp-json\/wp\/v2\/media?parent=13601"}],"wp:term":[{"taxonomy":"product_brand","embeddable":true,"href":"https:\/\/www.smokingpaper.com\/de\/wp-json\/wp\/v2\/product_brand?post=13601"},{"taxonomy":"product_cat","embeddable":true,"href":"https:\/\/www.smokingpaper.com\/de\/wp-json\/wp\/v2\/product_cat?post=13601"},{"taxonomy":"product_tag","embeddable":true,"href":"https:\/\/www.smokingpaper.com\/de\/wp-json\/wp\/v2\/product_tag?post=13601"}],"curies":[{"name":"wp","href":"https:\/\/api.w.org\/{rel}","templated":true}]}}