{"id":12887,"date":"2025-10-20T14:54:48","date_gmt":"2025-10-20T12:54:48","guid":{"rendered":"https:\/\/www.smokingpaper.com\/supreme-brown-regular\/"},"modified":"2025-10-20T15:03:25","modified_gmt":"2025-10-20T13:03:25","slug":"supreme-brown-regular","status":"publish","type":"product","link":"https:\/\/www.smokingpaper.com\/de\/supreme-brown-regular\/","title":{"rendered":"Supreme Brown Regular"},"content":{"rendered":"","protected":false},"excerpt":{"rendered":"<p>Neu im Sortiment: Supreme Brown Regular von Smoking Paper. Entdecke unser ungebleichtes Zigarettenpapier, das Sanftheit, Qualit\u00e4t und Umweltbewusstsein vereint. 60 Bl\u00e4ttchen mit nat\u00fcrlicher Gummierung \u2013 frei von Farb- und Zusatzstoffen \u2013 bieten ein auf dem Markt einzigartiges Griffgef\u00fchl und eine makellose Haftung. Die FSC-Zertifizierung garantiert Holz aus verantwortungsvoll bewirtschafteten W\u00e4ldern und sch\u00fctzt die Biodiversit\u00e4t.<\/p>\n","protected":false},"featured_media":12882,"template":"","meta":{"_acf_changed":false,"inline_featured_image":false},"product_brand":[],"product_cat":[112,111],"product_tag":[],"class_list":{"0":"post-12887","1":"product","2":"type-product","3":"status-publish","4":"has-post-thumbnail","6":"product_cat-blattchen","7":"product_cat-kingsize","9":"first","10":"instock","11":"shipping-taxable","12":"product-type-simple"},"acf":[],"yoast_head":"<!-- This site is optimized with the Yoast SEO plugin v26.2 - https:\/\/yoast.com\/wordpress\/plugins\/seo\/ -->\n<title>Supreme Brown Regular | Smoking<\/title>\n<meta name=\"robots\" content=\"index, follow, max-snippet:-1, max-image-preview:large, max-video-preview:-1\" \/>\n<link rel=\"canonical\" href=\"https:\/\/www.smokingpaper.com\/de\/supreme-brown-regular\/\" \/>\n<meta property=\"og:locale\" content=\"de_DE\" \/>\n<meta property=\"og:type\" content=\"article\" \/>\n<meta property=\"og:title\" content=\"Supreme Brown Regular | Smoking\" \/>\n<meta property=\"og:description\" content=\"Neu im Sortiment: Supreme Brown Regular von Smoking Paper. Entdecke unser ungebleichtes Zigarettenpapier, das Sanftheit, Qualit\u00e4t und Umweltbewusstsein vereint. 60 Bl\u00e4ttchen mit nat\u00fcrlicher Gummierung \u2013 frei von Farb- und Zusatzstoffen \u2013 bieten ein auf dem Markt einzigartiges Griffgef\u00fchl und eine makellose Haftung. Die FSC-Zertifizierung garantiert Holz aus verantwortungsvoll bewirtschafteten W\u00e4ldern und sch\u00fctzt die Biodiversit\u00e4t.\" \/>\n<meta property=\"og:url\" content=\"https:\/\/www.smokingpaper.com\/de\/supreme-brown-regular\/\" \/>\n<meta property=\"og:site_name\" content=\"Smoking\" \/>\n<meta property=\"article:modified_time\" content=\"2025-10-20T13:03:25+00:00\" \/>\n<meta property=\"og:image\" content=\"https:\/\/www.smokingpaper.com\/wp-content\/uploads\/2025\/10\/3D-LIBRITO-SMOKING-SUPREME-BROWN-Regular.png\" \/>\n\t<meta property=\"og:image:width\" content=\"2786\" \/>\n\t<meta property=\"og:image:height\" content=\"1563\" \/>\n\t<meta property=\"og:image:type\" content=\"image\/png\" \/>\n<meta name=\"twitter:card\" content=\"summary_large_image\" \/>\n<!-- \/ Yoast SEO plugin. -->","yoast_head_json":{"title":"Supreme Brown Regular | Smoking","robots":{"index":"index","follow":"follow","max-snippet":"max-snippet:-1","max-image-preview":"max-image-preview:large","max-video-preview":"max-video-preview:-1"},"canonical":"https:\/\/www.smokingpaper.com\/de\/supreme-brown-regular\/","og_locale":"de_DE","og_type":"article","og_title":"Supreme Brown Regular | Smoking","og_description":"Neu im Sortiment: Supreme Brown Regular von Smoking Paper. Entdecke unser ungebleichtes Zigarettenpapier, das Sanftheit, Qualit\u00e4t und Umweltbewusstsein vereint. 60 Bl\u00e4ttchen mit nat\u00fcrlicher Gummierung \u2013 frei von Farb- und Zusatzstoffen \u2013 bieten ein auf dem Markt einzigartiges Griffgef\u00fchl und eine makellose Haftung. Die FSC-Zertifizierung garantiert Holz aus verantwortungsvoll bewirtschafteten W\u00e4ldern und sch\u00fctzt die Biodiversit\u00e4t.","og_url":"https:\/\/www.smokingpaper.com\/de\/supreme-brown-regular\/","og_site_name":"Smoking","article_modified_time":"2025-10-20T13:03:25+00:00","og_image":[{"width":2786,"height":1563,"url":"https:\/\/www.smokingpaper.com\/wp-content\/uploads\/2025\/10\/3D-LIBRITO-SMOKING-SUPREME-BROWN-Regular.png","type":"image\/png"}],"twitter_card":"summary_large_image","schema":{"@context":"https:\/\/schema.org","@graph":[{"@type":"BreadcrumbList","@id":"https:\/\/www.smokingpaper.com\/de\/supreme-brown-regular\/#breadcrumb","itemListElement":[{"@type":"ListItem","position":1,"name":"Home","item":"https:\/\/www.smokingpaper.com\/de\/"},{"@type":"ListItem","position":2,"name":"Produkte","item":"https:\/\/www.smokingpaper.com\/de\/shop\/"},{"@type":"ListItem","position":3,"name":"ZIGARETTENPAPIER","item":"https:\/\/www.smokingpaper.com\/de\/produkte\/blattchen\/"},{"@type":"ListItem","position":4,"name":"Supreme Brown Regular"}]}]}},"_links":{"self":[{"href":"https:\/\/www.smokingpaper.com\/de\/wp-json\/wp\/v2\/product\/12887","targetHints":{"allow":["GET"]}}],"collection":[{"href":"https:\/\/www.smokingpaper.com\/de\/wp-json\/wp\/v2\/product"}],"about":[{"href":"https:\/\/www.smokingpaper.com\/de\/wp-json\/wp\/v2\/types\/product"}],"wp:featuredmedia":[{"embeddable":true,"href":"https:\/\/www.smokingpaper.com\/de\/wp-json\/wp\/v2\/media\/12882"}],"wp:attachment":[{"href":"https:\/\/www.smokingpaper.com\/de\/wp-json\/wp\/v2\/media?parent=12887"}],"wp:term":[{"taxonomy":"product_brand","embeddable":true,"href":"https:\/\/www.smokingpaper.com\/de\/wp-json\/wp\/v2\/product_brand?post=12887"},{"taxonomy":"product_cat","embeddable":true,"href":"https:\/\/www.smokingpaper.com\/de\/wp-json\/wp\/v2\/product_cat?post=12887"},{"taxonomy":"product_tag","embeddable":true,"href":"https:\/\/www.smokingpaper.com\/de\/wp-json\/wp\/v2\/product_tag?post=12887"}],"curies":[{"name":"wp","href":"https:\/\/api.w.org\/{rel}","templated":true}]}}