{"id":12869,"date":"2025-10-20T13:37:18","date_gmt":"2025-10-20T11:37:18","guid":{"rendered":"https:\/\/www.smokingpaper.com\/supreme-brown-king-size-tips\/"},"modified":"2025-11-11T12:10:55","modified_gmt":"2025-11-11T11:10:55","slug":"supreme-brown-king-size-tips","status":"publish","type":"product","link":"https:\/\/www.smokingpaper.com\/de\/supreme-brown-king-size-tips\/","title":{"rendered":"Supreme Brown  King size + Tips"},"content":{"rendered":"","protected":false},"excerpt":{"rendered":"<div class=\"ql-block\" data-block-id=\"block-aaa41d59-1663-4d3c-a9de-2546efc48255\">\n<div class=\"ql-block\" data-block-id=\"block-54d09397-c944-4228-b9a2-fc30283b59cd\">\n<div class=\"ql-block\" data-block-id=\"block-54f73e01-2fbb-41e2-b594-607da8e33f04\"><strong>Smoking Supreme Brown King Size + Tips<\/strong> bietet maximalen Komfort, da Bl\u00e4ttchen und Tips in einem Heft kombiniert sind. Jedes Bl\u00e4ttchen (108 x 44 mm) besteht aus <strong>ungebleichtem, ultrafeinem Papier (12 g\/m\u00b2)<\/strong> mit einer <strong>ultraweichen Oberfl\u00e4che<\/strong>, die weltweit einzigartig ist und jedes Raucherlebnis noch angenehmer macht.<\/div>\n<p>&nbsp;<\/p>\n<div class=\"ql-block\" data-block-id=\"block-f275e98d-f8d1-41ef-8215-0ed4826a07de\">Das exklusive Smoking\u00ae-Wasserzeichen sorgt f\u00fcr ein langsames und gleichm\u00e4\u00dfiges Abbrennen. Mit 34 Bl\u00e4ttchen und 34 Tips \u2013 die praktische, nachhaltige Wahl f\u00fcr nat\u00fcrliche Qualit\u00e4t und sanften Genuss.<\/div>\n<\/div>\n<\/div>\n","protected":false},"featured_media":12858,"template":"","meta":{"_acf_changed":false,"inline_featured_image":false},"product_brand":[],"product_cat":[112,111],"product_tag":[],"class_list":{"0":"post-12869","1":"product","2":"type-product","3":"status-publish","4":"has-post-thumbnail","6":"product_cat-blattchen","7":"product_cat-kingsize","9":"first","10":"instock","11":"shipping-taxable","12":"product-type-simple"},"acf":[],"yoast_head":"<!-- This site is optimized with the Yoast SEO plugin v26.2 - https:\/\/yoast.com\/wordpress\/plugins\/seo\/ -->\n<title>Supreme Brown King size + Tips | Smoking Paper<\/title>\n<meta name=\"description\" content=\"Smoking Supreme Brown King Size + Tips \ud83c\udf3f \u2013 ultrad\u00fcnnes, ungebleichtes Papier f\u00fcr langsames Abbrennen und ein nat\u00fcrlich weiches Raucherlebnis.\" \/>\n<meta name=\"robots\" content=\"index, follow, max-snippet:-1, max-image-preview:large, max-video-preview:-1\" \/>\n<link rel=\"canonical\" href=\"https:\/\/www.smokingpaper.com\/de\/supreme-brown-king-size-tips\/\" \/>\n<meta property=\"og:locale\" content=\"de_DE\" \/>\n<meta property=\"og:type\" content=\"article\" \/>\n<meta property=\"og:title\" content=\"Supreme Brown King size + Tips | Smoking Paper\" \/>\n<meta property=\"og:description\" content=\"Smoking Supreme Brown King Size + Tips \ud83c\udf3f \u2013 ultrad\u00fcnnes, ungebleichtes Papier f\u00fcr langsames Abbrennen und ein nat\u00fcrlich weiches Raucherlebnis.\" \/>\n<meta property=\"og:url\" content=\"https:\/\/www.smokingpaper.com\/de\/supreme-brown-king-size-tips\/\" \/>\n<meta property=\"og:site_name\" content=\"Smoking\" \/>\n<meta property=\"article:modified_time\" content=\"2025-11-11T11:10:55+00:00\" \/>\n<meta property=\"og:image\" content=\"https:\/\/www.smokingpaper.com\/wp-content\/uploads\/2025\/10\/3D-ESTUCHE-SMOKING-SUPREME-BROWN-KSSTips.png\" \/>\n\t<meta property=\"og:image:width\" content=\"2993\" \/>\n\t<meta property=\"og:image:height\" content=\"1935\" \/>\n\t<meta property=\"og:image:type\" content=\"image\/png\" \/>\n<meta name=\"twitter:card\" content=\"summary_large_image\" \/>\n<!-- \/ Yoast SEO plugin. -->","yoast_head_json":{"title":"Supreme Brown King size + Tips | Smoking Paper","description":"Smoking Supreme Brown King Size + Tips \ud83c\udf3f \u2013 ultrad\u00fcnnes, ungebleichtes Papier f\u00fcr langsames Abbrennen und ein nat\u00fcrlich weiches Raucherlebnis.","robots":{"index":"index","follow":"follow","max-snippet":"max-snippet:-1","max-image-preview":"max-image-preview:large","max-video-preview":"max-video-preview:-1"},"canonical":"https:\/\/www.smokingpaper.com\/de\/supreme-brown-king-size-tips\/","og_locale":"de_DE","og_type":"article","og_title":"Supreme Brown King size + Tips | Smoking Paper","og_description":"Smoking Supreme Brown King Size + Tips \ud83c\udf3f \u2013 ultrad\u00fcnnes, ungebleichtes Papier f\u00fcr langsames Abbrennen und ein nat\u00fcrlich weiches Raucherlebnis.","og_url":"https:\/\/www.smokingpaper.com\/de\/supreme-brown-king-size-tips\/","og_site_name":"Smoking","article_modified_time":"2025-11-11T11:10:55+00:00","og_image":[{"width":2993,"height":1935,"url":"https:\/\/www.smokingpaper.com\/wp-content\/uploads\/2025\/10\/3D-ESTUCHE-SMOKING-SUPREME-BROWN-KSSTips.png","type":"image\/png"}],"twitter_card":"summary_large_image","schema":{"@context":"https:\/\/schema.org","@graph":[{"@type":"BreadcrumbList","@id":"https:\/\/www.smokingpaper.com\/de\/supreme-brown-king-size-tips\/#breadcrumb","itemListElement":[{"@type":"ListItem","position":1,"name":"Home","item":"https:\/\/www.smokingpaper.com\/de\/"},{"@type":"ListItem","position":2,"name":"Produkte","item":"https:\/\/www.smokingpaper.com\/de\/shop\/"},{"@type":"ListItem","position":3,"name":"ZIGARETTENPAPIER","item":"https:\/\/www.smokingpaper.com\/de\/produkte\/blattchen\/"},{"@type":"ListItem","position":4,"name":"Supreme Brown King size + Tips"}]}]}},"_links":{"self":[{"href":"https:\/\/www.smokingpaper.com\/de\/wp-json\/wp\/v2\/product\/12869","targetHints":{"allow":["GET"]}}],"collection":[{"href":"https:\/\/www.smokingpaper.com\/de\/wp-json\/wp\/v2\/product"}],"about":[{"href":"https:\/\/www.smokingpaper.com\/de\/wp-json\/wp\/v2\/types\/product"}],"wp:featuredmedia":[{"embeddable":true,"href":"https:\/\/www.smokingpaper.com\/de\/wp-json\/wp\/v2\/media\/12858"}],"wp:attachment":[{"href":"https:\/\/www.smokingpaper.com\/de\/wp-json\/wp\/v2\/media?parent=12869"}],"wp:term":[{"taxonomy":"product_brand","embeddable":true,"href":"https:\/\/www.smokingpaper.com\/de\/wp-json\/wp\/v2\/product_brand?post=12869"},{"taxonomy":"product_cat","embeddable":true,"href":"https:\/\/www.smokingpaper.com\/de\/wp-json\/wp\/v2\/product_cat?post=12869"},{"taxonomy":"product_tag","embeddable":true,"href":"https:\/\/www.smokingpaper.com\/de\/wp-json\/wp\/v2\/product_tag?post=12869"}],"curies":[{"name":"wp","href":"https:\/\/api.w.org\/{rel}","templated":true}]}}