{"id":1232,"date":"2021-12-02T12:27:38","date_gmt":"2021-12-02T11:27:38","guid":{"rendered":"http:\/\/new.smokingpaper.com\/products\/unkategorisiert\/tubes-275\/"},"modified":"2025-06-11T17:27:28","modified_gmt":"2025-06-11T15:27:28","slug":"275-zigarettenuelsen","status":"publish","type":"product","link":"https:\/\/www.smokingpaper.com\/de\/275-zigarettenuelsen\/","title":{"rendered":"275 ZIGARETTENH\u00dcLSEN"},"content":{"rendered":"","protected":false},"excerpt":{"rendered":"<p>Mit der 275 Tubes Box von Smoking\u00ae hast du lange Vorrat! Sie bietet dir 275 H\u00fclsen \u2013 die gr\u00f6\u00dfte Packung in unserem Sortiment. Jede H\u00fclse hat die Standardgr\u00f6\u00dfe von 84 mm L\u00e4nge und 8 mm Durchmesser und ist sofort bereit, mit deinem Lieblingstabak bef\u00fcllt zu werden.<\/p>\n<p>Das klassische Design wird durch das rote Smoking\u00ae-Logo stilvoll abgerundet \u2013 ideal f\u00fcr alle, die Komfort, Qualit\u00e4t und Quantit\u00e4t in einem Produkt suchen.<\/p>\n","protected":false},"featured_media":3093,"template":"","meta":{"_acf_changed":false,"inline_featured_image":false},"product_brand":[],"product_cat":[98],"product_tag":[],"class_list":{"0":"post-1232","1":"product","2":"type-product","3":"status-publish","4":"has-post-thumbnail","6":"product_cat-huelsen","8":"first","9":"instock","10":"shipping-taxable","11":"product-type-simple"},"acf":[],"yoast_head":"<!-- This site is optimized with the Yoast SEO plugin v26.2 - https:\/\/yoast.com\/wordpress\/plugins\/seo\/ -->\n<title>R\u00f6hrchen 275 | Smoking Paper<\/title>\n<meta name=\"description\" content=\"Finden Sie die Tubes 275, rauchen Produkte der besten Qualit\u00e4t beim Raucherpapier \u2705 zu Top-Preisen.\" \/>\n<meta name=\"robots\" content=\"index, follow, max-snippet:-1, max-image-preview:large, max-video-preview:-1\" \/>\n<link rel=\"canonical\" href=\"https:\/\/www.smokingpaper.com\/de\/275-zigarettenuelsen\/\" \/>\n<meta property=\"og:locale\" content=\"de_DE\" \/>\n<meta property=\"og:type\" content=\"article\" \/>\n<meta property=\"og:title\" content=\"R\u00f6hrchen 275 | Smoking Paper\" \/>\n<meta property=\"og:description\" content=\"Finden Sie die Tubes 275, rauchen Produkte der besten Qualit\u00e4t beim Raucherpapier \u2705 zu Top-Preisen.\" \/>\n<meta property=\"og:url\" content=\"https:\/\/www.smokingpaper.com\/de\/275-zigarettenuelsen\/\" \/>\n<meta property=\"og:site_name\" content=\"Smoking\" \/>\n<meta property=\"article:modified_time\" content=\"2025-06-11T15:27:28+00:00\" \/>\n<meta property=\"og:image\" content=\"https:\/\/www.smokingpaper.com\/wp-content\/uploads\/2021\/12\/1_optimized.png\" \/>\n\t<meta property=\"og:image:width\" content=\"692\" \/>\n\t<meta property=\"og:image:height\" content=\"527\" \/>\n\t<meta property=\"og:image:type\" content=\"image\/png\" \/>\n<meta name=\"twitter:card\" content=\"summary_large_image\" \/>\n<!-- \/ Yoast SEO plugin. -->","yoast_head_json":{"title":"R\u00f6hrchen 275 | Smoking Paper","description":"Finden Sie die Tubes 275, rauchen Produkte der besten Qualit\u00e4t beim Raucherpapier \u2705 zu Top-Preisen.","robots":{"index":"index","follow":"follow","max-snippet":"max-snippet:-1","max-image-preview":"max-image-preview:large","max-video-preview":"max-video-preview:-1"},"canonical":"https:\/\/www.smokingpaper.com\/de\/275-zigarettenuelsen\/","og_locale":"de_DE","og_type":"article","og_title":"R\u00f6hrchen 275 | Smoking Paper","og_description":"Finden Sie die Tubes 275, rauchen Produkte der besten Qualit\u00e4t beim Raucherpapier \u2705 zu Top-Preisen.","og_url":"https:\/\/www.smokingpaper.com\/de\/275-zigarettenuelsen\/","og_site_name":"Smoking","article_modified_time":"2025-06-11T15:27:28+00:00","og_image":[{"width":692,"height":527,"url":"https:\/\/www.smokingpaper.com\/wp-content\/uploads\/2021\/12\/1_optimized.png","type":"image\/png"}],"twitter_card":"summary_large_image","schema":{"@context":"https:\/\/schema.org","@graph":[{"@type":"BreadcrumbList","@id":"https:\/\/www.smokingpaper.com\/de\/275-zigarettenuelsen\/#breadcrumb","itemListElement":[{"@type":"ListItem","position":1,"name":"Home","item":"https:\/\/www.smokingpaper.com\/de\/"},{"@type":"ListItem","position":2,"name":"Produkte","item":"https:\/\/www.smokingpaper.com\/de\/shop\/"},{"@type":"ListItem","position":3,"name":"H\u00fclsen","item":"https:\/\/www.smokingpaper.com\/de\/produkte\/huelsen\/"},{"@type":"ListItem","position":4,"name":"275 ZIGARETTENH\u00dcLSEN"}]}]}},"_links":{"self":[{"href":"https:\/\/www.smokingpaper.com\/de\/wp-json\/wp\/v2\/product\/1232","targetHints":{"allow":["GET"]}}],"collection":[{"href":"https:\/\/www.smokingpaper.com\/de\/wp-json\/wp\/v2\/product"}],"about":[{"href":"https:\/\/www.smokingpaper.com\/de\/wp-json\/wp\/v2\/types\/product"}],"wp:featuredmedia":[{"embeddable":true,"href":"https:\/\/www.smokingpaper.com\/de\/wp-json\/wp\/v2\/media\/3093"}],"wp:attachment":[{"href":"https:\/\/www.smokingpaper.com\/de\/wp-json\/wp\/v2\/media?parent=1232"}],"wp:term":[{"taxonomy":"product_brand","embeddable":true,"href":"https:\/\/www.smokingpaper.com\/de\/wp-json\/wp\/v2\/product_brand?post=1232"},{"taxonomy":"product_cat","embeddable":true,"href":"https:\/\/www.smokingpaper.com\/de\/wp-json\/wp\/v2\/product_cat?post=1232"},{"taxonomy":"product_tag","embeddable":true,"href":"https:\/\/www.smokingpaper.com\/de\/wp-json\/wp\/v2\/product_tag?post=1232"}],"curies":[{"name":"wp","href":"https:\/\/api.w.org\/{rel}","templated":true}]}}