{"id":1228,"date":"2021-12-02T11:01:22","date_gmt":"2021-12-02T10:01:22","guid":{"rendered":"http:\/\/new.smokingpaper.com\/products\/unkategorisiert\/tubes-menthol\/"},"modified":"2023-10-08T23:52:11","modified_gmt":"2023-10-08T21:52:11","slug":"tubes-menthol","status":"publish","type":"product","link":"https:\/\/www.smokingpaper.com\/de\/tubes-menthol\/","title":{"rendered":"Tubes Menthol"},"content":{"rendered":"","protected":false},"excerpt":{"rendered":"<p>Menthol-Tips mit der gewohnten Qualit\u00e4t von Smoking Paper, ideal f\u00fcr jeden, der seine Zigaretten etwas schmackhafter machen m\u00f6chte. Dieses Pack enth\u00e4lt 100 Menthol-Tubes, mit denen Du schnell und einfach Deine Zigaretten drehen kannst. Die Tubes haben einen Durchmesser von 8 mm und eine L\u00e4nge von 84 mm. Genie\u00dfe nicht nur bei jedem Zug diesen unvergleichlichen Geschmack, sondern auch die Qualit\u00e4t unseres hauchd\u00fcnnen Papiers und das unverwechselbare langsame Brennverhalten.<\/p>\n","protected":false},"featured_media":753,"template":"","meta":{"_acf_changed":false,"inline_featured_image":false},"product_brand":[],"product_cat":[98],"product_tag":[],"class_list":{"0":"post-1228","1":"product","2":"type-product","3":"status-publish","4":"has-post-thumbnail","6":"product_cat-huelsen","8":"first","9":"instock","10":"shipping-taxable","11":"product-type-simple"},"acf":[],"yoast_head":"<!-- This site is optimized with the Yoast SEO plugin v26.2 - https:\/\/yoast.com\/wordpress\/plugins\/seo\/ -->\n<title>R\u00f6hrchen Menthol | Smoking Paper<\/title>\n<meta name=\"description\" content=\"Finden Sie die Tuben Menthol, Raucherprodukte der besten Qualit\u00e4t beim Raucherpapier \u2705 zu Top-Preisen, verpassen Sie nicht unseren Produktkatalog online!\" \/>\n<meta name=\"robots\" content=\"index, follow, max-snippet:-1, max-image-preview:large, max-video-preview:-1\" \/>\n<link rel=\"canonical\" href=\"https:\/\/www.smokingpaper.com\/de\/tubes-menthol\/\" \/>\n<meta property=\"og:locale\" content=\"de_DE\" \/>\n<meta property=\"og:type\" content=\"article\" \/>\n<meta property=\"og:title\" content=\"R\u00f6hrchen Menthol | Smoking Paper\" \/>\n<meta property=\"og:description\" content=\"Finden Sie die Tuben Menthol, Raucherprodukte der besten Qualit\u00e4t beim Raucherpapier \u2705 zu Top-Preisen, verpassen Sie nicht unseren Produktkatalog online!\" \/>\n<meta property=\"og:url\" content=\"https:\/\/www.smokingpaper.com\/de\/tubes-menthol\/\" \/>\n<meta property=\"og:site_name\" content=\"Smoking\" \/>\n<meta property=\"article:modified_time\" content=\"2023-10-08T21:52:11+00:00\" \/>\n<meta property=\"og:image\" content=\"https:\/\/www.smokingpaper.com\/wp-content\/uploads\/2021\/12\/tubes_menthol-removebg-preview_optimized.png\" \/>\n\t<meta property=\"og:image:width\" content=\"667\" \/>\n\t<meta property=\"og:image:height\" content=\"374\" \/>\n\t<meta property=\"og:image:type\" content=\"image\/png\" \/>\n<meta name=\"twitter:card\" content=\"summary_large_image\" \/>\n<meta name=\"twitter:label1\" content=\"Gesch\u00e4tzte Lesezeit\" \/>\n\t<meta name=\"twitter:data1\" content=\"1\u00a0Minute\" \/>\n<!-- \/ Yoast SEO plugin. -->","yoast_head_json":{"title":"R\u00f6hrchen Menthol | Smoking Paper","description":"Finden Sie die Tuben Menthol, Raucherprodukte der besten Qualit\u00e4t beim Raucherpapier \u2705 zu Top-Preisen, verpassen Sie nicht unseren Produktkatalog online!","robots":{"index":"index","follow":"follow","max-snippet":"max-snippet:-1","max-image-preview":"max-image-preview:large","max-video-preview":"max-video-preview:-1"},"canonical":"https:\/\/www.smokingpaper.com\/de\/tubes-menthol\/","og_locale":"de_DE","og_type":"article","og_title":"R\u00f6hrchen Menthol | Smoking Paper","og_description":"Finden Sie die Tuben Menthol, Raucherprodukte der besten Qualit\u00e4t beim Raucherpapier \u2705 zu Top-Preisen, verpassen Sie nicht unseren Produktkatalog online!","og_url":"https:\/\/www.smokingpaper.com\/de\/tubes-menthol\/","og_site_name":"Smoking","article_modified_time":"2023-10-08T21:52:11+00:00","og_image":[{"width":667,"height":374,"url":"https:\/\/www.smokingpaper.com\/wp-content\/uploads\/2021\/12\/tubes_menthol-removebg-preview_optimized.png","type":"image\/png"}],"twitter_card":"summary_large_image","twitter_misc":{"Gesch\u00e4tzte Lesezeit":"1\u00a0Minute"},"schema":{"@context":"https:\/\/schema.org","@graph":[{"@type":"BreadcrumbList","@id":"https:\/\/www.smokingpaper.com\/de\/tubes-menthol\/#breadcrumb","itemListElement":[{"@type":"ListItem","position":1,"name":"Home","item":"https:\/\/www.smokingpaper.com\/de\/"},{"@type":"ListItem","position":2,"name":"Produkte","item":"https:\/\/www.smokingpaper.com\/de\/shop\/"},{"@type":"ListItem","position":3,"name":"H\u00fclsen","item":"https:\/\/www.smokingpaper.com\/de\/produkte\/huelsen\/"},{"@type":"ListItem","position":4,"name":"Tubes Menthol"}]}]}},"_links":{"self":[{"href":"https:\/\/www.smokingpaper.com\/de\/wp-json\/wp\/v2\/product\/1228","targetHints":{"allow":["GET"]}}],"collection":[{"href":"https:\/\/www.smokingpaper.com\/de\/wp-json\/wp\/v2\/product"}],"about":[{"href":"https:\/\/www.smokingpaper.com\/de\/wp-json\/wp\/v2\/types\/product"}],"wp:featuredmedia":[{"embeddable":true,"href":"https:\/\/www.smokingpaper.com\/de\/wp-json\/wp\/v2\/media\/753"}],"wp:attachment":[{"href":"https:\/\/www.smokingpaper.com\/de\/wp-json\/wp\/v2\/media?parent=1228"}],"wp:term":[{"taxonomy":"product_brand","embeddable":true,"href":"https:\/\/www.smokingpaper.com\/de\/wp-json\/wp\/v2\/product_brand?post=1228"},{"taxonomy":"product_cat","embeddable":true,"href":"https:\/\/www.smokingpaper.com\/de\/wp-json\/wp\/v2\/product_cat?post=1228"},{"taxonomy":"product_tag","embeddable":true,"href":"https:\/\/www.smokingpaper.com\/de\/wp-json\/wp\/v2\/product_tag?post=1228"}],"curies":[{"name":"wp","href":"https:\/\/api.w.org\/{rel}","templated":true}]}}