{"id":1221,"date":"2021-12-03T13:16:16","date_gmt":"2021-12-03T12:16:16","guid":{"rendered":"http:\/\/new.smokingpaper.com\/?post_type=product&#038;p=1221"},"modified":"2023-12-18T17:30:28","modified_gmt":"2023-12-18T16:30:28","slug":"deluxe-tips-rolls","status":"publish","type":"product","link":"https:\/\/www.smokingpaper.com\/de\/deluxe-tips-rolls\/","title":{"rendered":"Deluxe Rolls + Tips"},"content":{"rendered":"","protected":false},"excerpt":{"rendered":"<p><span data-sheets-value=\"{&quot;1&quot;:2,&quot;2&quot;:&quot;Das Smoking Paper Deluxe Sortiment bietet mit jedem Zug ein einzigartiges Erlebnis. Au\u00dferdem ist es auch im Rollenformat erh\u00e4ltlich! So k\u00f6nnen Sie die beste Menge Papier f\u00fcr jede Gelegenheit w\u00e4hlen. Mit dem Deluxe Rolls+Tips Paket hast du alles, was du f\u00fcr deine eigenen Rollen brauchst.&quot;}\" data-sheets-userformat=\"{&quot;2&quot;:1319869,&quot;3&quot;:{&quot;1&quot;:0},&quot;5&quot;:{&quot;1&quot;:[{&quot;1&quot;:2,&quot;2&quot;:0,&quot;5&quot;:{&quot;1&quot;:2,&quot;2&quot;:0}},{&quot;1&quot;:0,&quot;2&quot;:0,&quot;3&quot;:3},{&quot;1&quot;:1,&quot;2&quot;:0,&quot;4&quot;:2}]},&quot;6&quot;:{&quot;1&quot;:[{&quot;1&quot;:2,&quot;2&quot;:0,&quot;5&quot;:{&quot;1&quot;:2,&quot;2&quot;:0}},{&quot;1&quot;:0,&quot;2&quot;:0,&quot;3&quot;:3},{&quot;1&quot;:1,&quot;2&quot;:0,&quot;4&quot;:2}]},&quot;7&quot;:{&quot;1&quot;:[{&quot;1&quot;:2,&quot;2&quot;:0,&quot;5&quot;:{&quot;1&quot;:2,&quot;2&quot;:0}},{&quot;1&quot;:0,&quot;2&quot;:0,&quot;3&quot;:3},{&quot;1&quot;:1,&quot;2&quot;:0,&quot;4&quot;:2}]},&quot;8&quot;:{&quot;1&quot;:[{&quot;1&quot;:2,&quot;2&quot;:0,&quot;5&quot;:{&quot;1&quot;:2,&quot;2&quot;:0}},{&quot;1&quot;:0,&quot;2&quot;:0,&quot;3&quot;:3},{&quot;1&quot;:1,&quot;2&quot;:0,&quot;4&quot;:2}]},&quot;10&quot;:1,&quot;11&quot;:3,&quot;12&quot;:0,&quot;16&quot;:10,&quot;21&quot;:0,&quot;23&quot;:2}\">Das Smoking Paper Deluxe Sortiment bietet mit jedem Zug ein einzigartiges Erlebnis. Au\u00dferdem ist es auch im Rollenformat erh\u00e4ltlich! So kannst Du die beste Menge Papier f\u00fcr jede Gelegenheit w\u00e4hlen. Mit dem Deluxe Rolls+Tips Paket hast Du alles, was du f\u00fcr deine Zigaretten brauchst.<\/span><\/p>\n","protected":false},"featured_media":2114,"template":"","meta":{"_acf_changed":false,"inline_featured_image":false},"product_brand":[],"product_cat":[112,368],"product_tag":[],"class_list":{"0":"post-1221","1":"product","2":"type-product","3":"status-publish","4":"has-post-thumbnail","6":"product_cat-blattchen","7":"product_cat-rolls","9":"first","10":"instock","11":"shipping-taxable","12":"product-type-simple"},"acf":[],"yoast_head":"<!-- This site is optimized with the Yoast SEO plugin v26.2 - https:\/\/yoast.com\/wordpress\/plugins\/seo\/ -->\n<title>\u25b7 Bl\u00e4ttchen Rolls Deluxe + Tips | Smoking Paper<\/title>\n<meta name=\"description\" content=\"Finden Sie die Rollen Deluxe + Tipps, Raucherprodukte der besten Qualit\u00e4t beim Raucherpapier \u2705 zu Top-Preisen. Rolling Papers f\u00fcr Raucher!\" \/>\n<meta name=\"robots\" content=\"index, follow, max-snippet:-1, max-image-preview:large, max-video-preview:-1\" \/>\n<link rel=\"canonical\" href=\"https:\/\/www.smokingpaper.com\/de\/deluxe-tips-rolls\/\" \/>\n<meta property=\"og:locale\" content=\"de_DE\" \/>\n<meta property=\"og:type\" content=\"article\" \/>\n<meta property=\"og:title\" content=\"\u25b7 Bl\u00e4ttchen Rolls Deluxe + Tips | Smoking Paper\" \/>\n<meta property=\"og:description\" content=\"Finden Sie die Rollen Deluxe + Tipps, Raucherprodukte der besten Qualit\u00e4t beim Raucherpapier \u2705 zu Top-Preisen. Rolling Papers f\u00fcr Raucher!\" \/>\n<meta property=\"og:url\" content=\"https:\/\/www.smokingpaper.com\/de\/deluxe-tips-rolls\/\" \/>\n<meta property=\"og:site_name\" content=\"Smoking\" \/>\n<meta property=\"article:modified_time\" content=\"2023-12-18T16:30:28+00:00\" \/>\n<meta property=\"og:image\" content=\"https:\/\/www.smokingpaper.com\/wp-content\/uploads\/2021\/12\/Nuevo_proyecto__14_-removebg-preview.png\" \/>\n\t<meta property=\"og:image:width\" content=\"667\" \/>\n\t<meta property=\"og:image:height\" content=\"374\" \/>\n\t<meta property=\"og:image:type\" content=\"image\/png\" \/>\n<meta name=\"twitter:card\" content=\"summary_large_image\" \/>\n<meta name=\"twitter:label1\" content=\"Gesch\u00e4tzte Lesezeit\" \/>\n\t<meta name=\"twitter:data1\" content=\"1\u00a0Minute\" \/>\n<!-- \/ Yoast SEO plugin. -->","yoast_head_json":{"title":"\u25b7 Bl\u00e4ttchen Rolls Deluxe + Tips | Smoking Paper","description":"Finden Sie die Rollen Deluxe + Tipps, Raucherprodukte der besten Qualit\u00e4t beim Raucherpapier \u2705 zu Top-Preisen. Rolling Papers f\u00fcr Raucher!","robots":{"index":"index","follow":"follow","max-snippet":"max-snippet:-1","max-image-preview":"max-image-preview:large","max-video-preview":"max-video-preview:-1"},"canonical":"https:\/\/www.smokingpaper.com\/de\/deluxe-tips-rolls\/","og_locale":"de_DE","og_type":"article","og_title":"\u25b7 Bl\u00e4ttchen Rolls Deluxe + Tips | Smoking Paper","og_description":"Finden Sie die Rollen Deluxe + Tipps, Raucherprodukte der besten Qualit\u00e4t beim Raucherpapier \u2705 zu Top-Preisen. Rolling Papers f\u00fcr Raucher!","og_url":"https:\/\/www.smokingpaper.com\/de\/deluxe-tips-rolls\/","og_site_name":"Smoking","article_modified_time":"2023-12-18T16:30:28+00:00","og_image":[{"width":667,"height":374,"url":"https:\/\/www.smokingpaper.com\/wp-content\/uploads\/2021\/12\/Nuevo_proyecto__14_-removebg-preview.png","type":"image\/png"}],"twitter_card":"summary_large_image","twitter_misc":{"Gesch\u00e4tzte Lesezeit":"1\u00a0Minute"},"schema":{"@context":"https:\/\/schema.org","@graph":[{"@type":"BreadcrumbList","@id":"https:\/\/www.smokingpaper.com\/de\/deluxe-tips-rolls\/#breadcrumb","itemListElement":[{"@type":"ListItem","position":1,"name":"Home","item":"https:\/\/www.smokingpaper.com\/de\/"},{"@type":"ListItem","position":2,"name":"Produkte","item":"https:\/\/www.smokingpaper.com\/de\/shop\/"},{"@type":"ListItem","position":3,"name":"ZIGARETTENPAPIER","item":"https:\/\/www.smokingpaper.com\/de\/produkte\/blattchen\/"},{"@type":"ListItem","position":4,"name":"Deluxe Rolls + Tips"}]}]}},"_links":{"self":[{"href":"https:\/\/www.smokingpaper.com\/de\/wp-json\/wp\/v2\/product\/1221","targetHints":{"allow":["GET"]}}],"collection":[{"href":"https:\/\/www.smokingpaper.com\/de\/wp-json\/wp\/v2\/product"}],"about":[{"href":"https:\/\/www.smokingpaper.com\/de\/wp-json\/wp\/v2\/types\/product"}],"wp:featuredmedia":[{"embeddable":true,"href":"https:\/\/www.smokingpaper.com\/de\/wp-json\/wp\/v2\/media\/2114"}],"wp:attachment":[{"href":"https:\/\/www.smokingpaper.com\/de\/wp-json\/wp\/v2\/media?parent=1221"}],"wp:term":[{"taxonomy":"product_brand","embeddable":true,"href":"https:\/\/www.smokingpaper.com\/de\/wp-json\/wp\/v2\/product_brand?post=1221"},{"taxonomy":"product_cat","embeddable":true,"href":"https:\/\/www.smokingpaper.com\/de\/wp-json\/wp\/v2\/product_cat?post=1221"},{"taxonomy":"product_tag","embeddable":true,"href":"https:\/\/www.smokingpaper.com\/de\/wp-json\/wp\/v2\/product_tag?post=1221"}],"curies":[{"name":"wp","href":"https:\/\/api.w.org\/{rel}","templated":true}]}}