{"id":1191,"date":"2021-12-03T12:58:01","date_gmt":"2021-12-03T11:58:01","guid":{"rendered":"http:\/\/new.smokingpaper.com\/?post_type=product&#038;p=1191"},"modified":"2026-03-09T08:34:37","modified_gmt":"2026-03-09T07:34:37","slug":"red-king-size","status":"publish","type":"product","link":"https:\/\/www.smokingpaper.com\/de\/red-king-size\/","title":{"rendered":"Red King Size"},"content":{"rendered":"","protected":false},"excerpt":{"rendered":"<p><span data-sheets-value=\"{&quot;1&quot;:2,&quot;2&quot;:&quot;Eins der klassischen Smoking\u00ae Zigarettenpapiere, jetzt in einem King Size-Booklet erh\u00e4ltlich. Das Booklet enth\u00e4lt 33 Bl\u00e4ttchen im Format 108 x 52 mm - die noch sehr leicht sind - f\u00fcr maximale Transparenz und optimale Festigkeit. Der im Set enthaltene Kautschuk ist rein pflanzlichen Ursprungs, ohne Farbstoffe oder andere Zusatzstoffe, und garantiert eine ideale und m\u00fchelose Haftung. Das Produkt ist FSC\u00ae -zertifiziert, weil das Papier aus W\u00e4ldern, die unter strengen \u00f6kologischen Auflagen unterhalten werden, stammt.&quot;}\" data-sheets-userformat=\"{&quot;2&quot;:1319869,&quot;3&quot;:{&quot;1&quot;:0},&quot;5&quot;:{&quot;1&quot;:[{&quot;1&quot;:2,&quot;2&quot;:0,&quot;5&quot;:{&quot;1&quot;:2,&quot;2&quot;:0}},{&quot;1&quot;:0,&quot;2&quot;:0,&quot;3&quot;:3},{&quot;1&quot;:1,&quot;2&quot;:0,&quot;4&quot;:2}]},&quot;6&quot;:{&quot;1&quot;:[{&quot;1&quot;:2,&quot;2&quot;:0,&quot;5&quot;:{&quot;1&quot;:2,&quot;2&quot;:0}},{&quot;1&quot;:0,&quot;2&quot;:0,&quot;3&quot;:3},{&quot;1&quot;:1,&quot;2&quot;:0,&quot;4&quot;:2}]},&quot;7&quot;:{&quot;1&quot;:[{&quot;1&quot;:2,&quot;2&quot;:0,&quot;5&quot;:{&quot;1&quot;:2,&quot;2&quot;:0}},{&quot;1&quot;:0,&quot;2&quot;:0,&quot;3&quot;:3},{&quot;1&quot;:1,&quot;2&quot;:0,&quot;4&quot;:2}]},&quot;8&quot;:{&quot;1&quot;:[{&quot;1&quot;:2,&quot;2&quot;:0,&quot;5&quot;:{&quot;1&quot;:2,&quot;2&quot;:0}},{&quot;1&quot;:0,&quot;2&quot;:0,&quot;3&quot;:3},{&quot;1&quot;:1,&quot;2&quot;:0,&quot;4&quot;:2}]},&quot;10&quot;:1,&quot;11&quot;:4,&quot;12&quot;:0,&quot;16&quot;:10,&quot;21&quot;:0,&quot;23&quot;:2}\">Eins der klassischen Smoking\u00ae Zigarettenpapiere, jetzt in einem King Size-Booklet erh\u00e4ltlich. Das Booklet enth\u00e4lt 33 Bl\u00e4ttchen im 108 x 52 mm Format &#8211; die extra leicht sind &#8211; f\u00fcr maximale Transparenz und optimale Festigkeit. Mit 100 % nat\u00fcrlichem Gummi pflanzlichen Ursprungs, das keine Farbstoffe oder andere Zusatzstoffe enth\u00e4lt, ist ein perfektes Kleben beim ersten Versuch garantiert. Es ist ein FSC\u00ae-zertifiziertes Produkt, da es aus W\u00e4ldern stammt, die die Artenvielfalt erhalten.<\/span><\/p>\n","protected":false},"featured_media":1194,"template":"","meta":{"_acf_changed":false,"inline_featured_image":false},"product_brand":[],"product_cat":[112,111],"product_tag":[],"class_list":{"0":"post-1191","1":"product","2":"type-product","3":"status-publish","4":"has-post-thumbnail","6":"product_cat-blattchen","7":"product_cat-kingsize","9":"first","10":"instock","11":"shipping-taxable","12":"product-type-simple"},"acf":[],"yoast_head":"<!-- This site is optimized with the Yoast SEO plugin v26.2 - https:\/\/yoast.com\/wordpress\/plugins\/seo\/ -->\n<title>Bl\u00e4ttchen King Size Red | Smoking Paper<\/title>\n<meta name=\"description\" content=\"Finden Sie die King Size Red Papiere, Raucherprodukte von bester Qualit\u00e4t in Raucherpapiere \u2705 zu den besten Preisen. Alle Arten von Papieren bei Smoking!\" \/>\n<meta name=\"robots\" content=\"index, follow, max-snippet:-1, max-image-preview:large, max-video-preview:-1\" \/>\n<link rel=\"canonical\" href=\"https:\/\/www.smokingpaper.com\/de\/red-king-size\/\" \/>\n<meta property=\"og:locale\" content=\"de_DE\" \/>\n<meta property=\"og:type\" content=\"article\" \/>\n<meta property=\"og:title\" content=\"Bl\u00e4ttchen King Size Red | Smoking Paper\" \/>\n<meta property=\"og:description\" content=\"Finden Sie die King Size Red Papiere, Raucherprodukte von bester Qualit\u00e4t in Raucherpapiere \u2705 zu den besten Preisen. Alle Arten von Papieren bei Smoking!\" \/>\n<meta property=\"og:url\" content=\"https:\/\/www.smokingpaper.com\/de\/red-king-size\/\" \/>\n<meta property=\"og:site_name\" content=\"Smoking\" \/>\n<meta property=\"article:modified_time\" content=\"2026-03-09T07:34:37+00:00\" \/>\n<meta property=\"og:image\" content=\"https:\/\/www.smokingpaper.com\/wp-content\/uploads\/2021\/12\/ks-red-removebg-preview.png\" \/>\n\t<meta property=\"og:image:width\" content=\"667\" \/>\n\t<meta property=\"og:image:height\" content=\"374\" \/>\n\t<meta property=\"og:image:type\" content=\"image\/png\" \/>\n<meta name=\"twitter:card\" content=\"summary_large_image\" \/>\n<meta name=\"twitter:label1\" content=\"Gesch\u00e4tzte Lesezeit\" \/>\n\t<meta name=\"twitter:data1\" content=\"1\u00a0Minute\" \/>\n<!-- \/ Yoast SEO plugin. -->","yoast_head_json":{"title":"Bl\u00e4ttchen King Size Red | Smoking Paper","description":"Finden Sie die King Size Red Papiere, Raucherprodukte von bester Qualit\u00e4t in Raucherpapiere \u2705 zu den besten Preisen. Alle Arten von Papieren bei Smoking!","robots":{"index":"index","follow":"follow","max-snippet":"max-snippet:-1","max-image-preview":"max-image-preview:large","max-video-preview":"max-video-preview:-1"},"canonical":"https:\/\/www.smokingpaper.com\/de\/red-king-size\/","og_locale":"de_DE","og_type":"article","og_title":"Bl\u00e4ttchen King Size Red | Smoking Paper","og_description":"Finden Sie die King Size Red Papiere, Raucherprodukte von bester Qualit\u00e4t in Raucherpapiere \u2705 zu den besten Preisen. Alle Arten von Papieren bei Smoking!","og_url":"https:\/\/www.smokingpaper.com\/de\/red-king-size\/","og_site_name":"Smoking","article_modified_time":"2026-03-09T07:34:37+00:00","og_image":[{"width":667,"height":374,"url":"https:\/\/www.smokingpaper.com\/wp-content\/uploads\/2021\/12\/ks-red-removebg-preview.png","type":"image\/png"}],"twitter_card":"summary_large_image","twitter_misc":{"Gesch\u00e4tzte Lesezeit":"1\u00a0Minute"},"schema":{"@context":"https:\/\/schema.org","@graph":[{"@type":"BreadcrumbList","@id":"https:\/\/www.smokingpaper.com\/de\/red-king-size\/#breadcrumb","itemListElement":[{"@type":"ListItem","position":1,"name":"Home","item":"https:\/\/www.smokingpaper.com\/de\/"},{"@type":"ListItem","position":2,"name":"Produkte","item":"https:\/\/www.smokingpaper.com\/de\/shop\/"},{"@type":"ListItem","position":3,"name":"ZIGARETTENPAPIER","item":"https:\/\/www.smokingpaper.com\/de\/produkte\/blattchen\/"},{"@type":"ListItem","position":4,"name":"Red King Size"}]}]}},"_links":{"self":[{"href":"https:\/\/www.smokingpaper.com\/de\/wp-json\/wp\/v2\/product\/1191","targetHints":{"allow":["GET"]}}],"collection":[{"href":"https:\/\/www.smokingpaper.com\/de\/wp-json\/wp\/v2\/product"}],"about":[{"href":"https:\/\/www.smokingpaper.com\/de\/wp-json\/wp\/v2\/types\/product"}],"wp:featuredmedia":[{"embeddable":true,"href":"https:\/\/www.smokingpaper.com\/de\/wp-json\/wp\/v2\/media\/1194"}],"wp:attachment":[{"href":"https:\/\/www.smokingpaper.com\/de\/wp-json\/wp\/v2\/media?parent=1191"}],"wp:term":[{"taxonomy":"product_brand","embeddable":true,"href":"https:\/\/www.smokingpaper.com\/de\/wp-json\/wp\/v2\/product_brand?post=1191"},{"taxonomy":"product_cat","embeddable":true,"href":"https:\/\/www.smokingpaper.com\/de\/wp-json\/wp\/v2\/product_cat?post=1191"},{"taxonomy":"product_tag","embeddable":true,"href":"https:\/\/www.smokingpaper.com\/de\/wp-json\/wp\/v2\/product_tag?post=1191"}],"curies":[{"name":"wp","href":"https:\/\/api.w.org\/{rel}","templated":true}]}}