{"id":1171,"date":"2021-12-02T16:05:47","date_gmt":"2021-12-02T15:05:47","guid":{"rendered":"http:\/\/new.smokingpaper.com\/product\/thinnest-brown-tips-king-size\/"},"modified":"2024-12-12T13:01:53","modified_gmt":"2024-12-12T12:01:53","slug":"thinnest-brown-tips-king-size","status":"publish","type":"product","link":"https:\/\/www.smokingpaper.com\/de\/thinnest-brown-tips-king-size\/","title":{"rendered":"Thinnest Brown King Size + Tips"},"content":{"rendered":"","protected":false},"excerpt":{"rendered":"<p><span data-sheets-value=\"{&quot;1&quot;:2,&quot;2&quot;:&quot;Mit unserem Thinnest Brown King Size Booklet + Tips erhalten Sie alles, was Sie brauchen, um selbst Ihre Zigaretten zu drehen. Es enth\u00e4lt 33 Bl\u00e4ttchen im King-Size-Format (108 x 44 mm), mit denen Sie nach Belieben rauchen k\u00f6nnen - Aus ultrad\u00fcnnem (10 g\/m2), ungebleichtem und nachhaltigerem Zigarettenpapier. Dar\u00fcber hinaus enthalten Sie 33 zus\u00e4tzliche Tips aus Pappe, so dass es Ihnen beim Drehen Ihrer Zigaretten nie an etwas mangelt. Die Bl\u00e4ttchen sind FSC\u00ae -zertifiziert, da sie aus W\u00e4ldern, die unter strengen \u00f6kologischen Auflagen unterhalten werden, stammen. Der Kautschuk ist rein pflanzlich, ohne Farbstoffe oder andere Zusatzstoffe.&quot;}\" data-sheets-userformat=\"{&quot;2&quot;:1319869,&quot;3&quot;:{&quot;1&quot;:0},&quot;5&quot;:{&quot;1&quot;:[{&quot;1&quot;:2,&quot;2&quot;:0,&quot;5&quot;:{&quot;1&quot;:2,&quot;2&quot;:0}},{&quot;1&quot;:0,&quot;2&quot;:0,&quot;3&quot;:3},{&quot;1&quot;:1,&quot;2&quot;:0,&quot;4&quot;:2}]},&quot;6&quot;:{&quot;1&quot;:[{&quot;1&quot;:2,&quot;2&quot;:0,&quot;5&quot;:{&quot;1&quot;:2,&quot;2&quot;:0}},{&quot;1&quot;:0,&quot;2&quot;:0,&quot;3&quot;:3},{&quot;1&quot;:1,&quot;2&quot;:0,&quot;4&quot;:2}]},&quot;7&quot;:{&quot;1&quot;:[{&quot;1&quot;:2,&quot;2&quot;:0,&quot;5&quot;:{&quot;1&quot;:2,&quot;2&quot;:0}},{&quot;1&quot;:0,&quot;2&quot;:0,&quot;3&quot;:3},{&quot;1&quot;:1,&quot;2&quot;:0,&quot;4&quot;:2}]},&quot;8&quot;:{&quot;1&quot;:[{&quot;1&quot;:2,&quot;2&quot;:0,&quot;5&quot;:{&quot;1&quot;:2,&quot;2&quot;:0}},{&quot;1&quot;:0,&quot;2&quot;:0,&quot;3&quot;:3},{&quot;1&quot;:1,&quot;2&quot;:0,&quot;4&quot;:2}]},&quot;10&quot;:1,&quot;11&quot;:4,&quot;12&quot;:0,&quot;16&quot;:10,&quot;21&quot;:0,&quot;23&quot;:2}\">Mit unserem Thinnest Brown King Size Booklet + Tips hast Du alles, was Du brauchst, um deine Zigaretten selber zu drehen. Es enth\u00e4lt 33 Bl\u00e4ttchen im King-Size-Format (108 x 44 mm), mit denen Du nach Belieben rauchen kannst &#8211; Aus ultrad\u00fcnnem (12 g\/m2), ungebleichtem und nachhaltigerem Zigarettenpapier. Dar\u00fcber hinaus enth\u00e4ltst Du 33 zus\u00e4tzliche Tips, so dass es\u00a0 beim Drehen der Zigaretten nie an etwas mangelt. Die Bl\u00e4ttchen sind FSC\u00ae -zertifiziert, da sie aus W\u00e4ldern, die unter strengen \u00f6kologischen Auflagen unterhalten werden, stammen. Der Gummi ist rein pflanzlich, ohne Farbstoffe oder andere Zusatzstoffe.<\/span><\/p>\n","protected":false},"featured_media":7564,"template":"","meta":{"_acf_changed":false,"inline_featured_image":false},"product_brand":[],"product_cat":[112,111],"product_tag":[],"class_list":{"0":"post-1171","1":"product","2":"type-product","3":"status-publish","4":"has-post-thumbnail","6":"product_cat-blattchen","7":"product_cat-kingsize","9":"first","10":"instock","11":"shipping-taxable","12":"product-type-simple"},"acf":[],"yoast_head":"<!-- This site is optimized with the Yoast SEO plugin v26.2 - https:\/\/yoast.com\/wordpress\/plugins\/seo\/ -->\n<title>Bl\u00e4ttchen King Size Thinnest Brown + Tips | Smoking Paper<\/title>\n<meta name=\"description\" content=\"Finden Sie die King-Size Thinnest Brown + Tips, Raucherpapier Produkte von bester Qualit\u00e4t \u2705 zu den besten Preisen, Online-Produktkatalog!\" \/>\n<meta name=\"robots\" content=\"index, follow, max-snippet:-1, max-image-preview:large, max-video-preview:-1\" \/>\n<link rel=\"canonical\" href=\"https:\/\/www.smokingpaper.com\/de\/thinnest-brown-tips-king-size\/\" \/>\n<meta property=\"og:locale\" content=\"de_DE\" \/>\n<meta property=\"og:type\" content=\"article\" \/>\n<meta property=\"og:title\" content=\"Bl\u00e4ttchen King Size Thinnest Brown + Tips | Smoking Paper\" \/>\n<meta property=\"og:description\" content=\"Finden Sie die King-Size Thinnest Brown + Tips, Raucherpapier Produkte von bester Qualit\u00e4t \u2705 zu den besten Preisen, Online-Produktkatalog!\" \/>\n<meta property=\"og:url\" content=\"https:\/\/www.smokingpaper.com\/de\/thinnest-brown-tips-king-size\/\" \/>\n<meta property=\"og:site_name\" content=\"Smoking\" \/>\n<meta property=\"article:modified_time\" content=\"2024-12-12T12:01:53+00:00\" \/>\n<meta property=\"og:image\" content=\"https:\/\/www.smokingpaper.com\/wp-content\/uploads\/2021\/12\/3d_smoking_thinnest_ks__tips_-_librito__mediana.png\" \/>\n\t<meta property=\"og:image:width\" content=\"615\" \/>\n\t<meta property=\"og:image:height\" content=\"406\" \/>\n\t<meta property=\"og:image:type\" content=\"image\/png\" \/>\n<meta name=\"twitter:card\" content=\"summary_large_image\" \/>\n<meta name=\"twitter:label1\" content=\"Gesch\u00e4tzte Lesezeit\" \/>\n\t<meta name=\"twitter:data1\" content=\"1\u00a0Minute\" \/>\n<!-- \/ Yoast SEO plugin. -->","yoast_head_json":{"title":"Bl\u00e4ttchen King Size Thinnest Brown + Tips | Smoking Paper","description":"Finden Sie die King-Size Thinnest Brown + Tips, Raucherpapier Produkte von bester Qualit\u00e4t \u2705 zu den besten Preisen, Online-Produktkatalog!","robots":{"index":"index","follow":"follow","max-snippet":"max-snippet:-1","max-image-preview":"max-image-preview:large","max-video-preview":"max-video-preview:-1"},"canonical":"https:\/\/www.smokingpaper.com\/de\/thinnest-brown-tips-king-size\/","og_locale":"de_DE","og_type":"article","og_title":"Bl\u00e4ttchen King Size Thinnest Brown + Tips | Smoking Paper","og_description":"Finden Sie die King-Size Thinnest Brown + Tips, Raucherpapier Produkte von bester Qualit\u00e4t \u2705 zu den besten Preisen, Online-Produktkatalog!","og_url":"https:\/\/www.smokingpaper.com\/de\/thinnest-brown-tips-king-size\/","og_site_name":"Smoking","article_modified_time":"2024-12-12T12:01:53+00:00","og_image":[{"width":615,"height":406,"url":"https:\/\/www.smokingpaper.com\/wp-content\/uploads\/2021\/12\/3d_smoking_thinnest_ks__tips_-_librito__mediana.png","type":"image\/png"}],"twitter_card":"summary_large_image","twitter_misc":{"Gesch\u00e4tzte Lesezeit":"1\u00a0Minute"},"schema":{"@context":"https:\/\/schema.org","@graph":[{"@type":"BreadcrumbList","@id":"https:\/\/www.smokingpaper.com\/de\/thinnest-brown-tips-king-size\/#breadcrumb","itemListElement":[{"@type":"ListItem","position":1,"name":"Home","item":"https:\/\/www.smokingpaper.com\/de\/"},{"@type":"ListItem","position":2,"name":"Produkte","item":"https:\/\/www.smokingpaper.com\/de\/shop\/"},{"@type":"ListItem","position":3,"name":"ZIGARETTENPAPIER","item":"https:\/\/www.smokingpaper.com\/de\/produkte\/blattchen\/"},{"@type":"ListItem","position":4,"name":"Thinnest Brown King Size + Tips"}]}]}},"_links":{"self":[{"href":"https:\/\/www.smokingpaper.com\/de\/wp-json\/wp\/v2\/product\/1171","targetHints":{"allow":["GET"]}}],"collection":[{"href":"https:\/\/www.smokingpaper.com\/de\/wp-json\/wp\/v2\/product"}],"about":[{"href":"https:\/\/www.smokingpaper.com\/de\/wp-json\/wp\/v2\/types\/product"}],"wp:featuredmedia":[{"embeddable":true,"href":"https:\/\/www.smokingpaper.com\/de\/wp-json\/wp\/v2\/media\/7564"}],"wp:attachment":[{"href":"https:\/\/www.smokingpaper.com\/de\/wp-json\/wp\/v2\/media?parent=1171"}],"wp:term":[{"taxonomy":"product_brand","embeddable":true,"href":"https:\/\/www.smokingpaper.com\/de\/wp-json\/wp\/v2\/product_brand?post=1171"},{"taxonomy":"product_cat","embeddable":true,"href":"https:\/\/www.smokingpaper.com\/de\/wp-json\/wp\/v2\/product_cat?post=1171"},{"taxonomy":"product_tag","embeddable":true,"href":"https:\/\/www.smokingpaper.com\/de\/wp-json\/wp\/v2\/product_tag?post=1171"}],"curies":[{"name":"wp","href":"https:\/\/api.w.org\/{rel}","templated":true}]}}