{"id":1127,"date":"2021-12-02T16:54:11","date_gmt":"2021-12-02T15:54:11","guid":{"rendered":"http:\/\/new.smokingpaper.com\/product\/deluxe-bulk-cones\/"},"modified":"2025-05-19T10:34:38","modified_gmt":"2025-05-19T08:34:38","slug":"deluxe-bulk-cones","status":"publish","type":"product","link":"https:\/\/www.smokingpaper.com\/de\/deluxe-bulk-cones\/","title":{"rendered":"Deluxe Bulk Cones"},"content":{"rendered":"","protected":false},"excerpt":{"rendered":"<p><span style=\"font-weight: 400;\">Die ideale Verpackung f\u00fcr dein Gesch\u00e4ft \u2013 perfekt f\u00fcr Kund:innen, die auf der Suche nach <\/span><b>hochwertigen XL-Cones<\/b><span style=\"font-weight: 400;\"> sind. Unsere <\/span><b>Deluxe King Size Cones <\/b><span style=\"font-weight: 400;\">bestehen aus ultrafeinem, hochtransparentem, gebleichtem Smoking\u00ae-Papier \u2013 dem gleichen Qualit\u00e4tsmaterial, durch das sich auch unsere klassischen Papers auszeichnen. In jeder Gro\u00dfpackung findest du 1.000 spiralf\u00f6rmig vorgerollte Cones, die eine optimale Pressung des Tabaks erm\u00f6glichen. Dank unseres charakteristisch langsam brennenden Papiers bieten sie ein langanhaltendes und intensives Raucherlebnis.<\/span><\/p>\n","protected":false},"featured_media":1125,"template":"","meta":{"_acf_changed":false,"inline_featured_image":false},"product_brand":[],"product_cat":[374],"product_tag":[],"class_list":{"0":"post-1127","1":"product","2":"type-product","3":"status-publish","4":"has-post-thumbnail","6":"product_cat-cones","8":"first","9":"instock","10":"shipping-taxable","11":"product-type-simple"},"acf":[],"yoast_head":"<!-- This site is optimized with the Yoast SEO plugin v26.2 - https:\/\/yoast.com\/wordpress\/plugins\/seo\/ -->\n<title>Bl\u00e4ttchen Cones Deluxe Bulk | Smoking Paper<\/title>\n<meta name=\"description\" content=\"Finden Sie die Kegel-Deluxe-Masse, die Raucherprodukte der besten Qualit\u00e4t beim Raucherpapier \u2705 zu Top-Preisen.\" \/>\n<meta name=\"robots\" content=\"index, follow, max-snippet:-1, max-image-preview:large, max-video-preview:-1\" \/>\n<link rel=\"canonical\" href=\"https:\/\/www.smokingpaper.com\/de\/deluxe-bulk-cones\/\" \/>\n<meta property=\"og:locale\" content=\"de_DE\" \/>\n<meta property=\"og:type\" content=\"article\" \/>\n<meta property=\"og:title\" content=\"Bl\u00e4ttchen Cones Deluxe Bulk | Smoking Paper\" \/>\n<meta property=\"og:description\" content=\"Finden Sie die Kegel-Deluxe-Masse, die Raucherprodukte der besten Qualit\u00e4t beim Raucherpapier \u2705 zu Top-Preisen.\" \/>\n<meta property=\"og:url\" content=\"https:\/\/www.smokingpaper.com\/de\/deluxe-bulk-cones\/\" \/>\n<meta property=\"og:site_name\" content=\"Smoking\" \/>\n<meta property=\"article:modified_time\" content=\"2025-05-19T08:34:38+00:00\" \/>\n<meta property=\"og:image\" content=\"https:\/\/www.smokingpaper.com\/wp-content\/uploads\/2021\/12\/cones_deluxe_bulk-removebg-preview.png\" \/>\n\t<meta property=\"og:image:width\" content=\"667\" \/>\n\t<meta property=\"og:image:height\" content=\"374\" \/>\n\t<meta property=\"og:image:type\" content=\"image\/png\" \/>\n<meta name=\"twitter:card\" content=\"summary_large_image\" \/>\n<meta name=\"twitter:label1\" content=\"Gesch\u00e4tzte Lesezeit\" \/>\n\t<meta name=\"twitter:data1\" content=\"1\u00a0Minute\" \/>\n<!-- \/ Yoast SEO plugin. -->","yoast_head_json":{"title":"Bl\u00e4ttchen Cones Deluxe Bulk | Smoking Paper","description":"Finden Sie die Kegel-Deluxe-Masse, die Raucherprodukte der besten Qualit\u00e4t beim Raucherpapier \u2705 zu Top-Preisen.","robots":{"index":"index","follow":"follow","max-snippet":"max-snippet:-1","max-image-preview":"max-image-preview:large","max-video-preview":"max-video-preview:-1"},"canonical":"https:\/\/www.smokingpaper.com\/de\/deluxe-bulk-cones\/","og_locale":"de_DE","og_type":"article","og_title":"Bl\u00e4ttchen Cones Deluxe Bulk | Smoking Paper","og_description":"Finden Sie die Kegel-Deluxe-Masse, die Raucherprodukte der besten Qualit\u00e4t beim Raucherpapier \u2705 zu Top-Preisen.","og_url":"https:\/\/www.smokingpaper.com\/de\/deluxe-bulk-cones\/","og_site_name":"Smoking","article_modified_time":"2025-05-19T08:34:38+00:00","og_image":[{"width":667,"height":374,"url":"https:\/\/www.smokingpaper.com\/wp-content\/uploads\/2021\/12\/cones_deluxe_bulk-removebg-preview.png","type":"image\/png"}],"twitter_card":"summary_large_image","twitter_misc":{"Gesch\u00e4tzte Lesezeit":"1\u00a0Minute"},"schema":{"@context":"https:\/\/schema.org","@graph":[{"@type":"BreadcrumbList","@id":"https:\/\/www.smokingpaper.com\/de\/deluxe-bulk-cones\/#breadcrumb","itemListElement":[{"@type":"ListItem","position":1,"name":"Home","item":"https:\/\/www.smokingpaper.com\/de\/"},{"@type":"ListItem","position":2,"name":"Produkte","item":"https:\/\/www.smokingpaper.com\/de\/shop\/"},{"@type":"ListItem","position":3,"name":"Cones","item":"https:\/\/www.smokingpaper.com\/de\/produkte\/cones\/"},{"@type":"ListItem","position":4,"name":"Deluxe Bulk Cones"}]}]}},"_links":{"self":[{"href":"https:\/\/www.smokingpaper.com\/de\/wp-json\/wp\/v2\/product\/1127","targetHints":{"allow":["GET"]}}],"collection":[{"href":"https:\/\/www.smokingpaper.com\/de\/wp-json\/wp\/v2\/product"}],"about":[{"href":"https:\/\/www.smokingpaper.com\/de\/wp-json\/wp\/v2\/types\/product"}],"wp:featuredmedia":[{"embeddable":true,"href":"https:\/\/www.smokingpaper.com\/de\/wp-json\/wp\/v2\/media\/1125"}],"wp:attachment":[{"href":"https:\/\/www.smokingpaper.com\/de\/wp-json\/wp\/v2\/media?parent=1127"}],"wp:term":[{"taxonomy":"product_brand","embeddable":true,"href":"https:\/\/www.smokingpaper.com\/de\/wp-json\/wp\/v2\/product_brand?post=1127"},{"taxonomy":"product_cat","embeddable":true,"href":"https:\/\/www.smokingpaper.com\/de\/wp-json\/wp\/v2\/product_cat?post=1127"},{"taxonomy":"product_tag","embeddable":true,"href":"https:\/\/www.smokingpaper.com\/de\/wp-json\/wp\/v2\/product_tag?post=1127"}],"curies":[{"name":"wp","href":"https:\/\/api.w.org\/{rel}","templated":true}]}}