{"id":1120,"date":"2021-12-02T16:50:04","date_gmt":"2021-12-02T15:50:04","guid":{"rendered":"http:\/\/new.smokingpaper.com\/product\/brown-king-sizes-cones\/"},"modified":"2025-05-19T10:30:11","modified_gmt":"2025-05-19T08:30:11","slug":"brown-king-sizes-cones","status":"publish","type":"product","link":"https:\/\/www.smokingpaper.com\/de\/brown-king-sizes-cones\/","title":{"rendered":"Brown King Size Cones x3"},"content":{"rendered":"","protected":false},"excerpt":{"rendered":"<p><b>King Size Cones<\/b><span style=\"font-weight: 400;\"> aus unserer Brown-Reihe \u2013 die umweltfreundliche Alternative f\u00fcr anspruchsvolle Genie\u00dfer. In dieser Packung erh\u00e4ltst du 3 XL-Cones aus original Smoking\u00ae Brown Papier \u2013 ultrad\u00fcnn, ungebleicht (unbleached) und nat\u00fcrlich chlorfrei. Dank des integrierten Filters kannst du sofort loslegen \u2013 einfach und praktisch! Das klassische, gerade Design in Kombination mit der langsamen Verbrennung sorgt f\u00fcr ein intensives und ausgewogenes Raucherlebnis im praktischen King-Size-Format.<\/span><\/p>\n","protected":false},"featured_media":1118,"template":"","meta":{"_acf_changed":false,"inline_featured_image":false},"product_brand":[],"product_cat":[374],"product_tag":[],"class_list":{"0":"post-1120","1":"product","2":"type-product","3":"status-publish","4":"has-post-thumbnail","6":"product_cat-cones","8":"first","9":"instock","10":"shipping-taxable","11":"product-type-simple"},"acf":[],"yoast_head":"<!-- This site is optimized with the Yoast SEO plugin v26.2 - https:\/\/yoast.com\/wordpress\/plugins\/seo\/ -->\n<title>Bl\u00e4ttchen Cones Brown King Size | Smoking Paper<\/title>\n<meta name=\"description\" content=\"Finden Sie die Kegel-Braun-King-Gr\u00f6\u00dfe, die Raucherprodukte der besten Qualit\u00e4t beim Raucherpapier \u2705 zu Top-Preisen\" \/>\n<meta name=\"robots\" content=\"index, follow, max-snippet:-1, max-image-preview:large, max-video-preview:-1\" \/>\n<link rel=\"canonical\" href=\"https:\/\/www.smokingpaper.com\/de\/brown-king-sizes-cones\/\" \/>\n<meta property=\"og:locale\" content=\"de_DE\" \/>\n<meta property=\"og:type\" content=\"article\" \/>\n<meta property=\"og:title\" content=\"Bl\u00e4ttchen Cones Brown King Size | Smoking Paper\" \/>\n<meta property=\"og:description\" content=\"Finden Sie die Kegel-Braun-King-Gr\u00f6\u00dfe, die Raucherprodukte der besten Qualit\u00e4t beim Raucherpapier \u2705 zu Top-Preisen\" \/>\n<meta property=\"og:url\" content=\"https:\/\/www.smokingpaper.com\/de\/brown-king-sizes-cones\/\" \/>\n<meta property=\"og:site_name\" content=\"Smoking\" \/>\n<meta property=\"article:modified_time\" content=\"2025-05-19T08:30:11+00:00\" \/>\n<meta property=\"og:image\" content=\"https:\/\/www.smokingpaper.com\/wp-content\/uploads\/2021\/12\/brown_ks_cones-removebg-preview.png\" \/>\n\t<meta property=\"og:image:width\" content=\"667\" \/>\n\t<meta property=\"og:image:height\" content=\"374\" \/>\n\t<meta property=\"og:image:type\" content=\"image\/png\" \/>\n<meta name=\"twitter:card\" content=\"summary_large_image\" \/>\n<meta name=\"twitter:label1\" content=\"Gesch\u00e4tzte Lesezeit\" \/>\n\t<meta name=\"twitter:data1\" content=\"1\u00a0Minute\" \/>\n<!-- \/ Yoast SEO plugin. -->","yoast_head_json":{"title":"Bl\u00e4ttchen Cones Brown King Size | Smoking Paper","description":"Finden Sie die Kegel-Braun-King-Gr\u00f6\u00dfe, die Raucherprodukte der besten Qualit\u00e4t beim Raucherpapier \u2705 zu Top-Preisen","robots":{"index":"index","follow":"follow","max-snippet":"max-snippet:-1","max-image-preview":"max-image-preview:large","max-video-preview":"max-video-preview:-1"},"canonical":"https:\/\/www.smokingpaper.com\/de\/brown-king-sizes-cones\/","og_locale":"de_DE","og_type":"article","og_title":"Bl\u00e4ttchen Cones Brown King Size | Smoking Paper","og_description":"Finden Sie die Kegel-Braun-King-Gr\u00f6\u00dfe, die Raucherprodukte der besten Qualit\u00e4t beim Raucherpapier \u2705 zu Top-Preisen","og_url":"https:\/\/www.smokingpaper.com\/de\/brown-king-sizes-cones\/","og_site_name":"Smoking","article_modified_time":"2025-05-19T08:30:11+00:00","og_image":[{"width":667,"height":374,"url":"https:\/\/www.smokingpaper.com\/wp-content\/uploads\/2021\/12\/brown_ks_cones-removebg-preview.png","type":"image\/png"}],"twitter_card":"summary_large_image","twitter_misc":{"Gesch\u00e4tzte Lesezeit":"1\u00a0Minute"},"schema":{"@context":"https:\/\/schema.org","@graph":[{"@type":"BreadcrumbList","@id":"https:\/\/www.smokingpaper.com\/de\/brown-king-sizes-cones\/#breadcrumb","itemListElement":[{"@type":"ListItem","position":1,"name":"Home","item":"https:\/\/www.smokingpaper.com\/de\/"},{"@type":"ListItem","position":2,"name":"Produkte","item":"https:\/\/www.smokingpaper.com\/de\/shop\/"},{"@type":"ListItem","position":3,"name":"Cones","item":"https:\/\/www.smokingpaper.com\/de\/produkte\/cones\/"},{"@type":"ListItem","position":4,"name":"Brown King Size Cones x3"}]}]}},"_links":{"self":[{"href":"https:\/\/www.smokingpaper.com\/de\/wp-json\/wp\/v2\/product\/1120","targetHints":{"allow":["GET"]}}],"collection":[{"href":"https:\/\/www.smokingpaper.com\/de\/wp-json\/wp\/v2\/product"}],"about":[{"href":"https:\/\/www.smokingpaper.com\/de\/wp-json\/wp\/v2\/types\/product"}],"wp:featuredmedia":[{"embeddable":true,"href":"https:\/\/www.smokingpaper.com\/de\/wp-json\/wp\/v2\/media\/1118"}],"wp:attachment":[{"href":"https:\/\/www.smokingpaper.com\/de\/wp-json\/wp\/v2\/media?parent=1120"}],"wp:term":[{"taxonomy":"product_brand","embeddable":true,"href":"https:\/\/www.smokingpaper.com\/de\/wp-json\/wp\/v2\/product_brand?post=1120"},{"taxonomy":"product_cat","embeddable":true,"href":"https:\/\/www.smokingpaper.com\/de\/wp-json\/wp\/v2\/product_cat?post=1120"},{"taxonomy":"product_tag","embeddable":true,"href":"https:\/\/www.smokingpaper.com\/de\/wp-json\/wp\/v2\/product_tag?post=1120"}],"curies":[{"name":"wp","href":"https:\/\/api.w.org\/{rel}","templated":true}]}}