{"id":11173,"date":"2025-01-09T14:22:39","date_gmt":"2025-01-09T13:22:39","guid":{"rendered":"https:\/\/www.smokingpaper.com\/kollektion-kukuxumusu-centenary-king-size-tips\/"},"modified":"2025-05-16T13:14:34","modified_gmt":"2025-05-16T11:14:34","slug":"kollektion-kukuxumusu-centenary-king-size-tips","status":"publish","type":"product","link":"https:\/\/www.smokingpaper.com\/de\/kollektion-kukuxumusu-centenary-king-size-tips\/","title":{"rendered":"SMOKING KUKUXUMUSU CENTENARY KS + TIPS COLLECTION"},"content":{"rendered":"","protected":false},"excerpt":{"rendered":"<p><span style=\"font-weight: 400;\">Die <\/span><b>Smoking Kukuxumusu Centenary KS + Tips Collection<\/b><span style=\"font-weight: 400;\"> feiert Kunst, Kreativit\u00e4t und Qualit\u00e4t auf h\u00f6chstem Niveau. Sie kombiniert <\/span><b>exklusive Designs<\/b><span style=\"font-weight: 400;\"> mit herausragenden technischen Eigenschaften und w\u00fcrdigt das Erbe von Kukuxumusu sowie Smoking&#8217;s Engagement f\u00fcr Exzellenz. Diese Sonderedition enth\u00e4lt <\/span><b>thematische Designs<\/b><span style=\"font-weight: 400;\">, die Geschichten erz\u00e4hlen, mit lebendigen und dynamischen Illustrationen, in denen sich Kreativit\u00e4t und Innovation widerspiegeln \u2013 ideal f\u00fcr Sammler.<\/span><\/p>\n<p><span style=\"font-weight: 400;\">Jedes Heft enth\u00e4lt au\u00dferdem <\/span><b>praktische Tips<\/b><span style=\"font-weight: 400;\">, die das Raucherlebnis abrunden. Das <\/span><b>ultrad\u00fcnne Papier (13 g\/m\u00b2)<\/b><span style=\"font-weight: 400;\"> garantiert ein <\/span><b>langsames und gleichm\u00e4\u00dfiges Abbrennen.<\/b><span style=\"font-weight: 400;\"> Zudem garantiert das <\/span><b>exklusive Smoking-Wasserzeichen<\/b><span style=\"font-weight: 400;\"> beste Qualit\u00e4t. Das <\/span><b>King Size Format (108 x 44 mm)<\/b><span style=\"font-weight: 400;\"> enth\u00e4lt <\/span><b>33 Bl\u00e4tter pro Heft<\/b><span style=\"font-weight: 400;\"> und ist FSC\u00ae-zertifiziert, was die nachhaltige Herkunft des Produkts belegt.<\/span><\/p>\n<p><span style=\"font-weight: 400;\">Mehr als nur ein Produkt \u2013 die <\/span><b>Smoking Kukuxumusu Centenary KS + Tips Collection<\/b><span style=\"font-weight: 400;\"> ist eine Hommage an Kreativit\u00e4t, Innovation und au\u00dfergew\u00f6hnliches Design.<\/span><\/p>\n","protected":false},"featured_media":11251,"template":"","meta":{"_acf_changed":false,"inline_featured_image":false},"product_brand":[],"product_cat":[112,111],"product_tag":[],"class_list":{"0":"post-11173","1":"product","2":"type-product","3":"status-publish","4":"has-post-thumbnail","6":"product_cat-blattchen","7":"product_cat-kingsize","9":"first","10":"instock","11":"shipping-taxable","12":"product-type-simple"},"acf":[],"yoast_head":"<!-- This site is optimized with the Yoast SEO plugin v26.2 - https:\/\/yoast.com\/wordpress\/plugins\/seo\/ -->\n<title>SMOKING KUKUXUMUSU CENTENARY KS + TIPS COLLECTION | Smoking Paper<\/title>\n<meta name=\"description\" content=\"Entdecken Sie die Kukuxumusu Centenary KS + Tips Kollektion: einzigartige Designs, hauchd\u00fcnnes, nachhaltiges Papier, mehr Kreativit\u00e4t und Qualit\u00e4t!\" \/>\n<meta name=\"robots\" content=\"index, follow, max-snippet:-1, max-image-preview:large, max-video-preview:-1\" \/>\n<link rel=\"canonical\" href=\"https:\/\/www.smokingpaper.com\/de\/kollektion-kukuxumusu-centenary-king-size-tips\/\" \/>\n<meta property=\"og:locale\" content=\"de_DE\" \/>\n<meta property=\"og:type\" content=\"article\" \/>\n<meta property=\"og:title\" content=\"SMOKING KUKUXUMUSU CENTENARY KS + TIPS COLLECTION | Smoking Paper\" \/>\n<meta property=\"og:description\" content=\"Entdecken Sie die Kukuxumusu Centenary KS + Tips Kollektion: einzigartige Designs, hauchd\u00fcnnes, nachhaltiges Papier, mehr Kreativit\u00e4t und Qualit\u00e4t!\" \/>\n<meta property=\"og:url\" content=\"https:\/\/www.smokingpaper.com\/de\/kollektion-kukuxumusu-centenary-king-size-tips\/\" \/>\n<meta property=\"og:site_name\" content=\"Smoking\" \/>\n<meta property=\"article:modified_time\" content=\"2025-05-16T11:14:34+00:00\" \/>\n<meta property=\"og:image\" content=\"https:\/\/www.smokingpaper.com\/wp-content\/uploads\/2025\/01\/FICHA-PRODUCTO-KS-Tips-Centenary-kuku.png\" \/>\n\t<meta property=\"og:image:width\" content=\"944\" \/>\n\t<meta property=\"og:image:height\" content=\"708\" \/>\n\t<meta property=\"og:image:type\" content=\"image\/png\" \/>\n<meta name=\"twitter:card\" content=\"summary_large_image\" \/>\n<!-- \/ Yoast SEO plugin. -->","yoast_head_json":{"title":"SMOKING KUKUXUMUSU CENTENARY KS + TIPS COLLECTION | Smoking Paper","description":"Entdecken Sie die Kukuxumusu Centenary KS + Tips Kollektion: einzigartige Designs, hauchd\u00fcnnes, nachhaltiges Papier, mehr Kreativit\u00e4t und Qualit\u00e4t!","robots":{"index":"index","follow":"follow","max-snippet":"max-snippet:-1","max-image-preview":"max-image-preview:large","max-video-preview":"max-video-preview:-1"},"canonical":"https:\/\/www.smokingpaper.com\/de\/kollektion-kukuxumusu-centenary-king-size-tips\/","og_locale":"de_DE","og_type":"article","og_title":"SMOKING KUKUXUMUSU CENTENARY KS + TIPS COLLECTION | Smoking Paper","og_description":"Entdecken Sie die Kukuxumusu Centenary KS + Tips Kollektion: einzigartige Designs, hauchd\u00fcnnes, nachhaltiges Papier, mehr Kreativit\u00e4t und Qualit\u00e4t!","og_url":"https:\/\/www.smokingpaper.com\/de\/kollektion-kukuxumusu-centenary-king-size-tips\/","og_site_name":"Smoking","article_modified_time":"2025-05-16T11:14:34+00:00","og_image":[{"width":944,"height":708,"url":"https:\/\/www.smokingpaper.com\/wp-content\/uploads\/2025\/01\/FICHA-PRODUCTO-KS-Tips-Centenary-kuku.png","type":"image\/png"}],"twitter_card":"summary_large_image","schema":{"@context":"https:\/\/schema.org","@graph":[{"@type":"BreadcrumbList","@id":"https:\/\/www.smokingpaper.com\/de\/kollektion-kukuxumusu-centenary-king-size-tips\/#breadcrumb","itemListElement":[{"@type":"ListItem","position":1,"name":"Home","item":"https:\/\/www.smokingpaper.com\/de\/"},{"@type":"ListItem","position":2,"name":"Produkte","item":"https:\/\/www.smokingpaper.com\/de\/shop\/"},{"@type":"ListItem","position":3,"name":"ZIGARETTENPAPIER","item":"https:\/\/www.smokingpaper.com\/de\/produkte\/blattchen\/"},{"@type":"ListItem","position":4,"name":"King size","item":"https:\/\/www.smokingpaper.com\/de\/produkte\/blattchen\/kingsize\/"},{"@type":"ListItem","position":5,"name":"SMOKING KUKUXUMUSU CENTENARY KS + TIPS COLLECTION"}]}]}},"_links":{"self":[{"href":"https:\/\/www.smokingpaper.com\/de\/wp-json\/wp\/v2\/product\/11173","targetHints":{"allow":["GET"]}}],"collection":[{"href":"https:\/\/www.smokingpaper.com\/de\/wp-json\/wp\/v2\/product"}],"about":[{"href":"https:\/\/www.smokingpaper.com\/de\/wp-json\/wp\/v2\/types\/product"}],"wp:featuredmedia":[{"embeddable":true,"href":"https:\/\/www.smokingpaper.com\/de\/wp-json\/wp\/v2\/media\/11251"}],"wp:attachment":[{"href":"https:\/\/www.smokingpaper.com\/de\/wp-json\/wp\/v2\/media?parent=11173"}],"wp:term":[{"taxonomy":"product_brand","embeddable":true,"href":"https:\/\/www.smokingpaper.com\/de\/wp-json\/wp\/v2\/product_brand?post=11173"},{"taxonomy":"product_cat","embeddable":true,"href":"https:\/\/www.smokingpaper.com\/de\/wp-json\/wp\/v2\/product_cat?post=11173"},{"taxonomy":"product_tag","embeddable":true,"href":"https:\/\/www.smokingpaper.com\/de\/wp-json\/wp\/v2\/product_tag?post=11173"}],"curies":[{"name":"wp","href":"https:\/\/api.w.org\/{rel}","templated":true}]}}