{"id":11168,"date":"2025-01-09T10:27:03","date_gmt":"2025-01-09T09:27:03","guid":{"rendered":"https:\/\/www.smokingpaper.com\/kollektion-kukuxumusu-centenary-king-size-papier\/"},"modified":"2025-05-16T13:17:29","modified_gmt":"2025-05-16T11:17:29","slug":"kollektion-kukuxumusu-centenary-king-size-papier","status":"publish","type":"product","link":"https:\/\/www.smokingpaper.com\/de\/kollektion-kukuxumusu-centenary-king-size-papier\/","title":{"rendered":"SMOKING KUKUXUMUSU CENTENARY KS COLLECTION"},"content":{"rendered":"","protected":false},"excerpt":{"rendered":"<p><span style=\"font-weight: 400;\">Die <\/span><b>Smoking Kukuxumusu Centenary KS Collection<\/b><span style=\"font-weight: 400;\"> zelebriert Kunst, Kreativit\u00e4t und h\u00f6chste Qualit\u00e4t in ihrer vollendeten Form. Sie vereint <\/span><b>exklusive Designs<\/b><span style=\"font-weight: 400;\"> mit erstklassigen technischen Eigenschaften zu einer einzigartigen Sonderedition. Inspiriert vom Erbe Kukuxumusus und dem kompromisslosen Qualit\u00e4tsanspruch von Smoking, erz\u00e4hlt jedes Heft mit frischen, dynamischen Illustrationen eine eigene Geschichte \u2013 ein wahres Highlight f\u00fcr <\/span><b>Sammler<\/b><span style=\"font-weight: 400;\"> und Designliebhaber.\u00a0<\/span><\/p>\n<p><span style=\"font-weight: 400;\">Technisch \u00fcberzeugt die Kollektion mit <\/span><b>ultrad\u00fcnnem Papier (13 g\/m\u00b2)<\/b><span style=\"font-weight: 400;\"> f\u00fcr ein <\/span><b>langsames, gleichm\u00e4\u00dfiges Abbrennen<\/b><span style=\"font-weight: 400;\">, einem <\/span><b>exklusiven Smoking-Wasserzeichen<\/b><span style=\"font-weight: 400;\">, dem <\/span><b>King Size Format (108 x 44 mm)<\/b><span style=\"font-weight: 400;\"> und <\/span><b>33 Bl\u00e4ttchen pro Heft<\/b><span style=\"font-weight: 400;\"> \u2013 alle FSC\u00ae-zertifiziert, um die nachhaltige Herkunft zu garantieren.\u00a0<\/span><\/p>\n<p><b>Mehr als nur Rolling Papers \u2013 ein Statement f\u00fcr Kreativit\u00e4t, Pers\u00f6nlichkeit und Umweltbewusstsein.<\/b><\/p>\n","protected":false},"featured_media":11248,"template":"","meta":{"_acf_changed":false,"inline_featured_image":false},"product_brand":[],"product_cat":[112,111],"product_tag":[],"class_list":{"0":"post-11168","1":"product","2":"type-product","3":"status-publish","4":"has-post-thumbnail","6":"product_cat-blattchen","7":"product_cat-kingsize","9":"first","10":"instock","11":"shipping-taxable","12":"product-type-simple"},"acf":[],"yoast_head":"<!-- This site is optimized with the Yoast SEO plugin v26.2 - https:\/\/yoast.com\/wordpress\/plugins\/seo\/ -->\n<title>SMOKING KUKUXUMUSU CENTENARY KS COLLECTION | Smoking Paper<\/title>\n<meta name=\"description\" content=\"Entdecken Sie die Kukuxumusu Centenary KS Kollektion: einzigartige Designs, ultrad\u00fcnnes, nachhaltiges Papier. F\u00fcgen Sie Kreativit\u00e4t und Qualit\u00e4t hinzu!\" \/>\n<meta name=\"robots\" content=\"index, follow, max-snippet:-1, max-image-preview:large, max-video-preview:-1\" \/>\n<link rel=\"canonical\" href=\"https:\/\/www.smokingpaper.com\/de\/kollektion-kukuxumusu-centenary-king-size-papier\/\" \/>\n<meta property=\"og:locale\" content=\"de_DE\" \/>\n<meta property=\"og:type\" content=\"article\" \/>\n<meta property=\"og:title\" content=\"SMOKING KUKUXUMUSU CENTENARY KS COLLECTION | Smoking Paper\" \/>\n<meta property=\"og:description\" content=\"Entdecken Sie die Kukuxumusu Centenary KS Kollektion: einzigartige Designs, ultrad\u00fcnnes, nachhaltiges Papier. F\u00fcgen Sie Kreativit\u00e4t und Qualit\u00e4t hinzu!\" \/>\n<meta property=\"og:url\" content=\"https:\/\/www.smokingpaper.com\/de\/kollektion-kukuxumusu-centenary-king-size-papier\/\" \/>\n<meta property=\"og:site_name\" content=\"Smoking\" \/>\n<meta property=\"article:modified_time\" content=\"2025-05-16T11:17:29+00:00\" \/>\n<meta property=\"og:image\" content=\"https:\/\/www.smokingpaper.com\/wp-content\/uploads\/2025\/01\/FICHA-PRODUCTO-Kukuxumusu-Centenary.png\" \/>\n\t<meta property=\"og:image:width\" content=\"944\" \/>\n\t<meta property=\"og:image:height\" content=\"708\" \/>\n\t<meta property=\"og:image:type\" content=\"image\/png\" \/>\n<meta name=\"twitter:card\" content=\"summary_large_image\" \/>\n<!-- \/ Yoast SEO plugin. -->","yoast_head_json":{"title":"SMOKING KUKUXUMUSU CENTENARY KS COLLECTION | Smoking Paper","description":"Entdecken Sie die Kukuxumusu Centenary KS Kollektion: einzigartige Designs, ultrad\u00fcnnes, nachhaltiges Papier. F\u00fcgen Sie Kreativit\u00e4t und Qualit\u00e4t hinzu!","robots":{"index":"index","follow":"follow","max-snippet":"max-snippet:-1","max-image-preview":"max-image-preview:large","max-video-preview":"max-video-preview:-1"},"canonical":"https:\/\/www.smokingpaper.com\/de\/kollektion-kukuxumusu-centenary-king-size-papier\/","og_locale":"de_DE","og_type":"article","og_title":"SMOKING KUKUXUMUSU CENTENARY KS COLLECTION | Smoking Paper","og_description":"Entdecken Sie die Kukuxumusu Centenary KS Kollektion: einzigartige Designs, ultrad\u00fcnnes, nachhaltiges Papier. F\u00fcgen Sie Kreativit\u00e4t und Qualit\u00e4t hinzu!","og_url":"https:\/\/www.smokingpaper.com\/de\/kollektion-kukuxumusu-centenary-king-size-papier\/","og_site_name":"Smoking","article_modified_time":"2025-05-16T11:17:29+00:00","og_image":[{"width":944,"height":708,"url":"https:\/\/www.smokingpaper.com\/wp-content\/uploads\/2025\/01\/FICHA-PRODUCTO-Kukuxumusu-Centenary.png","type":"image\/png"}],"twitter_card":"summary_large_image","schema":{"@context":"https:\/\/schema.org","@graph":[{"@type":"BreadcrumbList","@id":"https:\/\/www.smokingpaper.com\/de\/kollektion-kukuxumusu-centenary-king-size-papier\/#breadcrumb","itemListElement":[{"@type":"ListItem","position":1,"name":"Home","item":"https:\/\/www.smokingpaper.com\/de\/"},{"@type":"ListItem","position":2,"name":"Produkte","item":"https:\/\/www.smokingpaper.com\/de\/shop\/"},{"@type":"ListItem","position":3,"name":"ZIGARETTENPAPIER","item":"https:\/\/www.smokingpaper.com\/de\/produkte\/blattchen\/"},{"@type":"ListItem","position":4,"name":"King size","item":"https:\/\/www.smokingpaper.com\/de\/produkte\/blattchen\/kingsize\/"},{"@type":"ListItem","position":5,"name":"SMOKING KUKUXUMUSU CENTENARY KS COLLECTION"}]}]}},"_links":{"self":[{"href":"https:\/\/www.smokingpaper.com\/de\/wp-json\/wp\/v2\/product\/11168","targetHints":{"allow":["GET"]}}],"collection":[{"href":"https:\/\/www.smokingpaper.com\/de\/wp-json\/wp\/v2\/product"}],"about":[{"href":"https:\/\/www.smokingpaper.com\/de\/wp-json\/wp\/v2\/types\/product"}],"wp:featuredmedia":[{"embeddable":true,"href":"https:\/\/www.smokingpaper.com\/de\/wp-json\/wp\/v2\/media\/11248"}],"wp:attachment":[{"href":"https:\/\/www.smokingpaper.com\/de\/wp-json\/wp\/v2\/media?parent=11168"}],"wp:term":[{"taxonomy":"product_brand","embeddable":true,"href":"https:\/\/www.smokingpaper.com\/de\/wp-json\/wp\/v2\/product_brand?post=11168"},{"taxonomy":"product_cat","embeddable":true,"href":"https:\/\/www.smokingpaper.com\/de\/wp-json\/wp\/v2\/product_cat?post=11168"},{"taxonomy":"product_tag","embeddable":true,"href":"https:\/\/www.smokingpaper.com\/de\/wp-json\/wp\/v2\/product_tag?post=11168"}],"curies":[{"name":"wp","href":"https:\/\/api.w.org\/{rel}","templated":true}]}}