{"id":11164,"date":"2025-01-09T09:02:41","date_gmt":"2025-01-09T08:02:41","guid":{"rendered":"https:\/\/www.smokingpaper.com\/kollektion-kukuxumusu-king-size-papier\/"},"modified":"2025-05-16T13:18:50","modified_gmt":"2025-05-16T11:18:50","slug":"kollektion-kukuxumusu-king-size-papier","status":"publish","type":"product","link":"https:\/\/www.smokingpaper.com\/de\/kollektion-kukuxumusu-king-size-papier\/","title":{"rendered":"SMOKING KUKUXUMUSU KING SIZE COLLECTION"},"content":{"rendered":"","protected":false},"excerpt":{"rendered":"<p><span style=\"font-weight: 400;\">Die <\/span><b>Smoking Kukuxumusu King Size Collection<\/b><span style=\"font-weight: 400;\"> verbindet den kreativen, humorvollen Stil von Kukuxumusu mit der bew\u00e4hrten Qualit\u00e4t von Smoking Paper und bietet ein einzigartiges Produkt f\u00fcr alle, die das Besondere suchen. Die Serie besteht aus <\/span><b>15 individuell gestalteten Booklets<\/b><span style=\"font-weight: 400;\"> mit <\/span><b>farbenfrohen, witzigen Illustrationen<\/b><span style=\"font-weight: 400;\">, die den unverwechselbaren Charakter von Kukuxumusu zum Ausdruck bringen \u2013 ideal f\u00fcr Sammler und Designliebhaber.\u00a0<\/span><\/p>\n<p><span style=\"font-weight: 400;\">Technisch \u00fcberzeugt die Kollektion mit <\/span><b>ultrafeinem Papier (13 g\/m\u00b2)<\/b><span style=\"font-weight: 400;\"> f\u00fcr ein <\/span><b>langsames, gleichm\u00e4\u00dfiges Abbrennen<\/b><span style=\"font-weight: 400;\">, einem <\/span><b>King Size-Format (108 x 37 mm)<\/b><span style=\"font-weight: 400;\">, <\/span><b>33 Bl\u00e4ttern pro Heft<\/b><span style=\"font-weight: 400;\"> und einem <\/span><b>exklusiven Smoking-Wasserzeichen<\/b><span style=\"font-weight: 400;\"> als Garantie f\u00fcr kontrolliertes Brennverhalten. Die <\/span><b>100 % nat\u00fcrliche, zusatzstofffreie Gummierung<\/b><span style=\"font-weight: 400;\"> sowie die <\/span><b>FSC\u00ae-Zertifizierung<\/b><span style=\"font-weight: 400;\"> stehen f\u00fcr Nachhaltigkeit und Umweltbewusstsein. Eine Kollektion, die Kreativit\u00e4t, Funktionalit\u00e4t und \u00f6kologische Verantwortung harmonisch vereint.<\/span><\/p>\n","protected":false},"featured_media":11255,"template":"","meta":{"_acf_changed":false,"inline_featured_image":false},"product_brand":[],"product_cat":[112,111],"product_tag":[],"class_list":{"0":"post-11164","1":"product","2":"type-product","3":"status-publish","4":"has-post-thumbnail","6":"product_cat-blattchen","7":"product_cat-kingsize","9":"first","10":"instock","11":"shipping-taxable","12":"product-type-simple"},"acf":[],"yoast_head":"<!-- This site is optimized with the Yoast SEO plugin v26.2 - https:\/\/yoast.com\/wordpress\/plugins\/seo\/ -->\n<title>SMOKING KUKUXUMUSU KING SIZE COLLECTION | Smoking Paper<\/title>\n<meta name=\"description\" content=\"Entdecken Sie eine besondere Kollektion von King Size Rolling Papers in Zusammenarbeit mit Kukuxumusu. Eine lustige Ausgabe voller einzigartiger Designs.\" \/>\n<meta name=\"robots\" content=\"index, follow, max-snippet:-1, max-image-preview:large, max-video-preview:-1\" \/>\n<link rel=\"canonical\" href=\"https:\/\/www.smokingpaper.com\/de\/kollektion-kukuxumusu-king-size-papier\/\" \/>\n<meta property=\"og:locale\" content=\"de_DE\" \/>\n<meta property=\"og:type\" content=\"article\" \/>\n<meta property=\"og:title\" content=\"SMOKING KUKUXUMUSU KING SIZE COLLECTION | Smoking Paper\" \/>\n<meta property=\"og:description\" content=\"Entdecken Sie eine besondere Kollektion von King Size Rolling Papers in Zusammenarbeit mit Kukuxumusu. Eine lustige Ausgabe voller einzigartiger Designs.\" \/>\n<meta property=\"og:url\" content=\"https:\/\/www.smokingpaper.com\/de\/kollektion-kukuxumusu-king-size-papier\/\" \/>\n<meta property=\"og:site_name\" content=\"Smoking\" \/>\n<meta property=\"article:modified_time\" content=\"2025-05-16T11:18:50+00:00\" \/>\n<meta property=\"og:image\" content=\"https:\/\/www.smokingpaper.com\/wp-content\/uploads\/2025\/01\/FICHA-PRODUCTO-Kukuxumusu-King-Size.png\" \/>\n\t<meta property=\"og:image:width\" content=\"944\" \/>\n\t<meta property=\"og:image:height\" content=\"708\" \/>\n\t<meta property=\"og:image:type\" content=\"image\/png\" \/>\n<meta name=\"twitter:card\" content=\"summary_large_image\" \/>\n<!-- \/ Yoast SEO plugin. -->","yoast_head_json":{"title":"SMOKING KUKUXUMUSU KING SIZE COLLECTION | Smoking Paper","description":"Entdecken Sie eine besondere Kollektion von King Size Rolling Papers in Zusammenarbeit mit Kukuxumusu. Eine lustige Ausgabe voller einzigartiger Designs.","robots":{"index":"index","follow":"follow","max-snippet":"max-snippet:-1","max-image-preview":"max-image-preview:large","max-video-preview":"max-video-preview:-1"},"canonical":"https:\/\/www.smokingpaper.com\/de\/kollektion-kukuxumusu-king-size-papier\/","og_locale":"de_DE","og_type":"article","og_title":"SMOKING KUKUXUMUSU KING SIZE COLLECTION | Smoking Paper","og_description":"Entdecken Sie eine besondere Kollektion von King Size Rolling Papers in Zusammenarbeit mit Kukuxumusu. Eine lustige Ausgabe voller einzigartiger Designs.","og_url":"https:\/\/www.smokingpaper.com\/de\/kollektion-kukuxumusu-king-size-papier\/","og_site_name":"Smoking","article_modified_time":"2025-05-16T11:18:50+00:00","og_image":[{"width":944,"height":708,"url":"https:\/\/www.smokingpaper.com\/wp-content\/uploads\/2025\/01\/FICHA-PRODUCTO-Kukuxumusu-King-Size.png","type":"image\/png"}],"twitter_card":"summary_large_image","schema":{"@context":"https:\/\/schema.org","@graph":[{"@type":"BreadcrumbList","@id":"https:\/\/www.smokingpaper.com\/de\/kollektion-kukuxumusu-king-size-papier\/#breadcrumb","itemListElement":[{"@type":"ListItem","position":1,"name":"Home","item":"https:\/\/www.smokingpaper.com\/de\/"},{"@type":"ListItem","position":2,"name":"Produkte","item":"https:\/\/www.smokingpaper.com\/de\/shop\/"},{"@type":"ListItem","position":3,"name":"ZIGARETTENPAPIER","item":"https:\/\/www.smokingpaper.com\/de\/produkte\/blattchen\/"},{"@type":"ListItem","position":4,"name":"King size","item":"https:\/\/www.smokingpaper.com\/de\/produkte\/blattchen\/kingsize\/"},{"@type":"ListItem","position":5,"name":"SMOKING KUKUXUMUSU KING SIZE COLLECTION"}]}]}},"_links":{"self":[{"href":"https:\/\/www.smokingpaper.com\/de\/wp-json\/wp\/v2\/product\/11164","targetHints":{"allow":["GET"]}}],"collection":[{"href":"https:\/\/www.smokingpaper.com\/de\/wp-json\/wp\/v2\/product"}],"about":[{"href":"https:\/\/www.smokingpaper.com\/de\/wp-json\/wp\/v2\/types\/product"}],"wp:featuredmedia":[{"embeddable":true,"href":"https:\/\/www.smokingpaper.com\/de\/wp-json\/wp\/v2\/media\/11255"}],"wp:attachment":[{"href":"https:\/\/www.smokingpaper.com\/de\/wp-json\/wp\/v2\/media?parent=11164"}],"wp:term":[{"taxonomy":"product_brand","embeddable":true,"href":"https:\/\/www.smokingpaper.com\/de\/wp-json\/wp\/v2\/product_brand?post=11164"},{"taxonomy":"product_cat","embeddable":true,"href":"https:\/\/www.smokingpaper.com\/de\/wp-json\/wp\/v2\/product_cat?post=11164"},{"taxonomy":"product_tag","embeddable":true,"href":"https:\/\/www.smokingpaper.com\/de\/wp-json\/wp\/v2\/product_tag?post=11164"}],"curies":[{"name":"wp","href":"https:\/\/api.w.org\/{rel}","templated":true}]}}