{"id":1100,"date":"2021-12-02T16:41:57","date_gmt":"2021-12-02T15:41:57","guid":{"rendered":"http:\/\/new.smokingpaper.com\/product\/thinnest-brown-rolls\/"},"modified":"2024-12-12T13:16:21","modified_gmt":"2024-12-12T12:16:21","slug":"thinnest-brown-rolls","status":"publish","type":"product","link":"https:\/\/www.smokingpaper.com\/de\/thinnest-brown-rolls\/","title":{"rendered":"Thinnest Brown Rolls"},"content":{"rendered":"","protected":false},"excerpt":{"rendered":"<p><span data-sheets-value=\"{&quot;1&quot;:2,&quot;2&quot;:&quot;Das d\u00fcnnnste, ungebleichte Zigarettenpapier! Mit dem Thinnest Brown Rolls-Set erhalten Sie bis zu 4 m des d\u00fcnnsten Zigarettenpapiers von allen, mit einem Gewicht von nur 10 g\/m2. 20 % leichter als das durchschnittliche Papier am Markt! Dar\u00fcber hinaus wird es weniger verarbeitet und ist daher umweltfreundlicher. Dieses Produkt ist FSC\u00ae -zertifiziert, da seine Inhaltsstoffe aus W\u00e4ldern stammen, die unter strengen \u00f6kologischen Auflagen unterhalten werden. Der Kautschuk im Inneren ist rein pflanzlichen Ursprungs, ohne Farbstoffe oder andere Zus\u00e4tze, um eine effektive Haftung zu erm\u00f6glichen.&quot;}\" data-sheets-userformat=\"{&quot;2&quot;:1319869,&quot;3&quot;:{&quot;1&quot;:0},&quot;5&quot;:{&quot;1&quot;:[{&quot;1&quot;:2,&quot;2&quot;:0,&quot;5&quot;:{&quot;1&quot;:2,&quot;2&quot;:0}},{&quot;1&quot;:0,&quot;2&quot;:0,&quot;3&quot;:3},{&quot;1&quot;:1,&quot;2&quot;:0,&quot;4&quot;:2}]},&quot;6&quot;:{&quot;1&quot;:[{&quot;1&quot;:2,&quot;2&quot;:0,&quot;5&quot;:{&quot;1&quot;:2,&quot;2&quot;:0}},{&quot;1&quot;:0,&quot;2&quot;:0,&quot;3&quot;:3},{&quot;1&quot;:1,&quot;2&quot;:0,&quot;4&quot;:2}]},&quot;7&quot;:{&quot;1&quot;:[{&quot;1&quot;:2,&quot;2&quot;:0,&quot;5&quot;:{&quot;1&quot;:2,&quot;2&quot;:0}},{&quot;1&quot;:0,&quot;2&quot;:0,&quot;3&quot;:3},{&quot;1&quot;:1,&quot;2&quot;:0,&quot;4&quot;:2}]},&quot;8&quot;:{&quot;1&quot;:[{&quot;1&quot;:2,&quot;2&quot;:0,&quot;5&quot;:{&quot;1&quot;:2,&quot;2&quot;:0}},{&quot;1&quot;:0,&quot;2&quot;:0,&quot;3&quot;:3},{&quot;1&quot;:1,&quot;2&quot;:0,&quot;4&quot;:2}]},&quot;10&quot;:1,&quot;11&quot;:4,&quot;12&quot;:0,&quot;16&quot;:10,&quot;21&quot;:0,&quot;23&quot;:2}\">Das d\u00fcnnnste, ungebleichte Zigarettenpapier! Mit dem Thinnest Brown Rolls-Set erh\u00e4ltst Du bis zu 4 m des d\u00fcnnsten Zigarettenpapiers von allen, mit einem Gewicht von nur 12 g\/m2. 20 % leichter als das durchschnittliche Papier am Markt! Dar\u00fcber hinaus wird es weniger verarbeitet und ist daher umweltfreundlicher. Dieses Produkt ist FSC\u00ae -zertifiziert, da es aus W\u00e4ldern stammt, die die Artenvielfalt erhalten. Und es hat Gummi aus 100% nat\u00fcrlichen pflanzlichen Ursprungs, ohne Farbstoffe oder andere Zus\u00e4tze, um einen effektiven Stick mit dem ersten Lecken zu erhalten.<\/span><\/p>\n","protected":false},"featured_media":7532,"template":"","meta":{"_acf_changed":false,"inline_featured_image":false},"product_brand":[],"product_cat":[112,368],"product_tag":[],"class_list":{"0":"post-1100","1":"product","2":"type-product","3":"status-publish","4":"has-post-thumbnail","6":"product_cat-blattchen","7":"product_cat-rolls","9":"first","10":"instock","11":"shipping-taxable","12":"product-type-simple"},"acf":[],"yoast_head":"<!-- This site is optimized with the Yoast SEO plugin v26.2 - https:\/\/yoast.com\/wordpress\/plugins\/seo\/ -->\n<title>Bl\u00e4ttchen Rolls Thinnest Brown | Smoking Paper<\/title>\n<meta name=\"description\" content=\"Finden Sie die Rollen, die feinsten braunen Rauchprodukte von h\u00f6chster Qualit\u00e4t in Rolling Papers \u2705 zu den besten Preisen - Online-Produktkatalog!\" \/>\n<meta name=\"robots\" content=\"index, follow, max-snippet:-1, max-image-preview:large, max-video-preview:-1\" \/>\n<link rel=\"canonical\" href=\"https:\/\/www.smokingpaper.com\/de\/thinnest-brown-rolls\/\" \/>\n<meta property=\"og:locale\" content=\"de_DE\" \/>\n<meta property=\"og:type\" content=\"article\" \/>\n<meta property=\"og:title\" content=\"Bl\u00e4ttchen Rolls Thinnest Brown | Smoking Paper\" \/>\n<meta property=\"og:description\" content=\"Finden Sie die Rollen, die feinsten braunen Rauchprodukte von h\u00f6chster Qualit\u00e4t in Rolling Papers \u2705 zu den besten Preisen - Online-Produktkatalog!\" \/>\n<meta property=\"og:url\" content=\"https:\/\/www.smokingpaper.com\/de\/thinnest-brown-rolls\/\" \/>\n<meta property=\"og:site_name\" content=\"Smoking\" \/>\n<meta property=\"article:modified_time\" content=\"2024-12-12T12:16:21+00:00\" \/>\n<meta property=\"og:image\" content=\"https:\/\/www.smokingpaper.com\/wp-content\/uploads\/2022\/01\/3d-smoking-thinnest-brown-roll-estuche-1.png\" \/>\n\t<meta property=\"og:image:width\" content=\"917\" \/>\n\t<meta property=\"og:image:height\" content=\"768\" \/>\n\t<meta property=\"og:image:type\" content=\"image\/png\" \/>\n<meta name=\"twitter:card\" content=\"summary_large_image\" \/>\n<meta name=\"twitter:label1\" content=\"Gesch\u00e4tzte Lesezeit\" \/>\n\t<meta name=\"twitter:data1\" content=\"1\u00a0Minute\" \/>\n<!-- \/ Yoast SEO plugin. -->","yoast_head_json":{"title":"Bl\u00e4ttchen Rolls Thinnest Brown | Smoking Paper","description":"Finden Sie die Rollen, die feinsten braunen Rauchprodukte von h\u00f6chster Qualit\u00e4t in Rolling Papers \u2705 zu den besten Preisen - Online-Produktkatalog!","robots":{"index":"index","follow":"follow","max-snippet":"max-snippet:-1","max-image-preview":"max-image-preview:large","max-video-preview":"max-video-preview:-1"},"canonical":"https:\/\/www.smokingpaper.com\/de\/thinnest-brown-rolls\/","og_locale":"de_DE","og_type":"article","og_title":"Bl\u00e4ttchen Rolls Thinnest Brown | Smoking Paper","og_description":"Finden Sie die Rollen, die feinsten braunen Rauchprodukte von h\u00f6chster Qualit\u00e4t in Rolling Papers \u2705 zu den besten Preisen - Online-Produktkatalog!","og_url":"https:\/\/www.smokingpaper.com\/de\/thinnest-brown-rolls\/","og_site_name":"Smoking","article_modified_time":"2024-12-12T12:16:21+00:00","og_image":[{"width":917,"height":768,"url":"https:\/\/www.smokingpaper.com\/wp-content\/uploads\/2022\/01\/3d-smoking-thinnest-brown-roll-estuche-1.png","type":"image\/png"}],"twitter_card":"summary_large_image","twitter_misc":{"Gesch\u00e4tzte Lesezeit":"1\u00a0Minute"},"schema":{"@context":"https:\/\/schema.org","@graph":[{"@type":"BreadcrumbList","@id":"https:\/\/www.smokingpaper.com\/de\/thinnest-brown-rolls\/#breadcrumb","itemListElement":[{"@type":"ListItem","position":1,"name":"Home","item":"https:\/\/www.smokingpaper.com\/de\/"},{"@type":"ListItem","position":2,"name":"Produkte","item":"https:\/\/www.smokingpaper.com\/de\/shop\/"},{"@type":"ListItem","position":3,"name":"ZIGARETTENPAPIER","item":"https:\/\/www.smokingpaper.com\/de\/produkte\/blattchen\/"},{"@type":"ListItem","position":4,"name":"Thinnest Brown Rolls"}]}]}},"_links":{"self":[{"href":"https:\/\/www.smokingpaper.com\/de\/wp-json\/wp\/v2\/product\/1100","targetHints":{"allow":["GET"]}}],"collection":[{"href":"https:\/\/www.smokingpaper.com\/de\/wp-json\/wp\/v2\/product"}],"about":[{"href":"https:\/\/www.smokingpaper.com\/de\/wp-json\/wp\/v2\/types\/product"}],"wp:featuredmedia":[{"embeddable":true,"href":"https:\/\/www.smokingpaper.com\/de\/wp-json\/wp\/v2\/media\/7532"}],"wp:attachment":[{"href":"https:\/\/www.smokingpaper.com\/de\/wp-json\/wp\/v2\/media?parent=1100"}],"wp:term":[{"taxonomy":"product_brand","embeddable":true,"href":"https:\/\/www.smokingpaper.com\/de\/wp-json\/wp\/v2\/product_brand?post=1100"},{"taxonomy":"product_cat","embeddable":true,"href":"https:\/\/www.smokingpaper.com\/de\/wp-json\/wp\/v2\/product_cat?post=1100"},{"taxonomy":"product_tag","embeddable":true,"href":"https:\/\/www.smokingpaper.com\/de\/wp-json\/wp\/v2\/product_tag?post=1100"}],"curies":[{"name":"wp","href":"https:\/\/api.w.org\/{rel}","templated":true}]}}