{"id":1088,"date":"2021-12-02T16:31:33","date_gmt":"2021-12-02T15:31:33","guid":{"rendered":"http:\/\/new.smokingpaper.com\/product\/organic-rolls\/"},"modified":"2023-12-18T21:53:40","modified_gmt":"2023-12-18T20:53:40","slug":"organic-rolls","status":"publish","type":"product","link":"https:\/\/www.smokingpaper.com\/de\/organic-rolls\/","title":{"rendered":"Organic Rolls"},"content":{"rendered":"","protected":false},"excerpt":{"rendered":"<p>Smoking Organic spendet einen Teil seines Umsatzes an Trees for the Future, um die Aufforstungsarbeit zu unterst\u00fctzen. Auf diese Weise tr\u00e4gst Du mit dem Kauf eines beliebigen Smoking Organic-Produkts dazu bei, dass jedes Jahr 50.000 B\u00e4ume gepflanzt werden.<\/p>\n<p>F\u00fcr diejenigen, die es vorziehen, die L\u00e4nge ihrer Zigarette an ihr Lecken anzupassen. Unser \u00f6kologischstes und umweltfreundlichstes Papier, hergestellt aus 100% BIO-zertifiziertem Hanf, \u00f6kologisch angebaut, ohne Pestizide, Herbizide oder Kunstd\u00fcnger. Ungebleichtes Papier. TREE FREE-Siegel, das bescheinigt, dass f\u00fcr die Herstellung des Papiers kein Baum gef\u00e4llt wurde, da es vollst\u00e4ndig aus Hanfpaste besteht. 100% nat\u00fcrliches Pflanzengummi, ohne Farbstoffe oder andere Zus\u00e4tze. So erh\u00e4ltst Du den optimalen Stick mit nur einem Leck.<\/p>\n","protected":false},"featured_media":7193,"template":"","meta":{"_acf_changed":false,"inline_featured_image":false},"product_brand":[],"product_cat":[112,368],"product_tag":[],"class_list":{"0":"post-1088","1":"product","2":"type-product","3":"status-publish","4":"has-post-thumbnail","6":"product_cat-blattchen","7":"product_cat-rolls","9":"first","10":"instock","11":"shipping-taxable","12":"product-type-simple"},"acf":[],"yoast_head":"<!-- This site is optimized with the Yoast SEO plugin v26.2 - https:\/\/yoast.com\/wordpress\/plugins\/seo\/ -->\n<title>Bl\u00e4ttchen Rolls Organic | Smoking Paper<\/title>\n<meta name=\"description\" content=\"Lernen Sie die Rolle von Bio-Zigarettenpapier kennen, das die beste Qualit\u00e4t auf dem Markt hat\u2705 Produktkatalog f\u00fcr Papier und Filter!\" \/>\n<meta name=\"robots\" content=\"index, follow, max-snippet:-1, max-image-preview:large, max-video-preview:-1\" \/>\n<link rel=\"canonical\" href=\"https:\/\/www.smokingpaper.com\/de\/organic-rolls\/\" \/>\n<meta property=\"og:locale\" content=\"de_DE\" \/>\n<meta property=\"og:type\" content=\"article\" \/>\n<meta property=\"og:title\" content=\"Bl\u00e4ttchen Rolls Organic | Smoking Paper\" \/>\n<meta property=\"og:description\" content=\"Lernen Sie die Rolle von Bio-Zigarettenpapier kennen, das die beste Qualit\u00e4t auf dem Markt hat\u2705 Produktkatalog f\u00fcr Papier und Filter!\" \/>\n<meta property=\"og:url\" content=\"https:\/\/www.smokingpaper.com\/de\/organic-rolls\/\" \/>\n<meta property=\"og:site_name\" content=\"Smoking\" \/>\n<meta property=\"article:modified_time\" content=\"2023-12-18T20:53:40+00:00\" \/>\n<meta property=\"og:image\" content=\"https:\/\/www.smokingpaper.com\/wp-content\/uploads\/2021\/12\/3d-rolls-organic.png\" \/>\n\t<meta property=\"og:image:width\" content=\"573\" \/>\n\t<meta property=\"og:image:height\" content=\"480\" \/>\n\t<meta property=\"og:image:type\" content=\"image\/png\" \/>\n<meta name=\"twitter:card\" content=\"summary_large_image\" \/>\n<meta name=\"twitter:label1\" content=\"Gesch\u00e4tzte Lesezeit\" \/>\n\t<meta name=\"twitter:data1\" content=\"1\u00a0Minute\" \/>\n<!-- \/ Yoast SEO plugin. -->","yoast_head_json":{"title":"Bl\u00e4ttchen Rolls Organic | Smoking Paper","description":"Lernen Sie die Rolle von Bio-Zigarettenpapier kennen, das die beste Qualit\u00e4t auf dem Markt hat\u2705 Produktkatalog f\u00fcr Papier und Filter!","robots":{"index":"index","follow":"follow","max-snippet":"max-snippet:-1","max-image-preview":"max-image-preview:large","max-video-preview":"max-video-preview:-1"},"canonical":"https:\/\/www.smokingpaper.com\/de\/organic-rolls\/","og_locale":"de_DE","og_type":"article","og_title":"Bl\u00e4ttchen Rolls Organic | Smoking Paper","og_description":"Lernen Sie die Rolle von Bio-Zigarettenpapier kennen, das die beste Qualit\u00e4t auf dem Markt hat\u2705 Produktkatalog f\u00fcr Papier und Filter!","og_url":"https:\/\/www.smokingpaper.com\/de\/organic-rolls\/","og_site_name":"Smoking","article_modified_time":"2023-12-18T20:53:40+00:00","og_image":[{"width":573,"height":480,"url":"https:\/\/www.smokingpaper.com\/wp-content\/uploads\/2021\/12\/3d-rolls-organic.png","type":"image\/png"}],"twitter_card":"summary_large_image","twitter_misc":{"Gesch\u00e4tzte Lesezeit":"1\u00a0Minute"},"schema":{"@context":"https:\/\/schema.org","@graph":[{"@type":"BreadcrumbList","@id":"https:\/\/www.smokingpaper.com\/de\/organic-rolls\/#breadcrumb","itemListElement":[{"@type":"ListItem","position":1,"name":"Home","item":"https:\/\/www.smokingpaper.com\/de\/"},{"@type":"ListItem","position":2,"name":"Produkte","item":"https:\/\/www.smokingpaper.com\/de\/shop\/"},{"@type":"ListItem","position":3,"name":"ZIGARETTENPAPIER","item":"https:\/\/www.smokingpaper.com\/de\/produkte\/blattchen\/"},{"@type":"ListItem","position":4,"name":"Organic Rolls"}]}]}},"_links":{"self":[{"href":"https:\/\/www.smokingpaper.com\/de\/wp-json\/wp\/v2\/product\/1088","targetHints":{"allow":["GET"]}}],"collection":[{"href":"https:\/\/www.smokingpaper.com\/de\/wp-json\/wp\/v2\/product"}],"about":[{"href":"https:\/\/www.smokingpaper.com\/de\/wp-json\/wp\/v2\/types\/product"}],"wp:featuredmedia":[{"embeddable":true,"href":"https:\/\/www.smokingpaper.com\/de\/wp-json\/wp\/v2\/media\/7193"}],"wp:attachment":[{"href":"https:\/\/www.smokingpaper.com\/de\/wp-json\/wp\/v2\/media?parent=1088"}],"wp:term":[{"taxonomy":"product_brand","embeddable":true,"href":"https:\/\/www.smokingpaper.com\/de\/wp-json\/wp\/v2\/product_brand?post=1088"},{"taxonomy":"product_cat","embeddable":true,"href":"https:\/\/www.smokingpaper.com\/de\/wp-json\/wp\/v2\/product_cat?post=1088"},{"taxonomy":"product_tag","embeddable":true,"href":"https:\/\/www.smokingpaper.com\/de\/wp-json\/wp\/v2\/product_tag?post=1088"}],"curies":[{"name":"wp","href":"https:\/\/api.w.org\/{rel}","templated":true}]}}