{"id":1079,"date":"2021-12-03T08:49:27","date_gmt":"2021-12-03T07:49:27","guid":{"rendered":"http:\/\/new.smokingpaper.com\/product\/thinnest\/"},"modified":"2024-12-12T13:49:08","modified_gmt":"2024-12-12T12:49:08","slug":"thinnest","status":"publish","type":"product","link":"https:\/\/www.smokingpaper.com\/de\/thinnest\/","title":{"rendered":"Thinnest Medium"},"content":{"rendered":"","protected":false},"excerpt":{"rendered":"<p><span data-sheets-value=\"{&quot;1&quot;:2,&quot;2&quot;:&quot;Die d\u00fcnnsten Bl\u00e4ttchen f\u00fcr MEDIUM-Gr\u00f6\u00dfe Zigaretten. Mit unserem Thinnest Medium Booklet erhalten Sie 50 Bl\u00e4ttchen, die 20 % leichter sind als jedes vergleichbare Tabakpapier am Markt (nur 10 g\/m2). Jedes Bl\u00e4ttchen hat eine Gr\u00f6\u00dfe von 77 x 44 mm, damit Sie Ihre Zigaretten in der von Ihnen gew\u00fcnschten Gr\u00f6\u00dfe drehen k\u00f6nnen. Dieses Produkt ist FSC\u00ae -zertifiziert, da seine Inhaltsstoffe aus W\u00e4ldern stammen, die unter strengen \u00f6kologischen Auflagen unterhalten werden. Der Kautschuk ist nat\u00fcrlich und rein pflanzlichen Ursprungs und haftet daher perfekt, ohne Farbstoffe oder andere Zusatzstoffe.&quot;}\" data-sheets-userformat=\"{&quot;2&quot;:1319869,&quot;3&quot;:{&quot;1&quot;:0},&quot;5&quot;:{&quot;1&quot;:[{&quot;1&quot;:2,&quot;2&quot;:0,&quot;5&quot;:{&quot;1&quot;:2,&quot;2&quot;:0}},{&quot;1&quot;:0,&quot;2&quot;:0,&quot;3&quot;:3},{&quot;1&quot;:1,&quot;2&quot;:0,&quot;4&quot;:2}]},&quot;6&quot;:{&quot;1&quot;:[{&quot;1&quot;:2,&quot;2&quot;:0,&quot;5&quot;:{&quot;1&quot;:2,&quot;2&quot;:0}},{&quot;1&quot;:0,&quot;2&quot;:0,&quot;3&quot;:3},{&quot;1&quot;:1,&quot;2&quot;:0,&quot;4&quot;:2}]},&quot;7&quot;:{&quot;1&quot;:[{&quot;1&quot;:2,&quot;2&quot;:0,&quot;5&quot;:{&quot;1&quot;:2,&quot;2&quot;:0}},{&quot;1&quot;:0,&quot;2&quot;:0,&quot;3&quot;:3},{&quot;1&quot;:1,&quot;2&quot;:0,&quot;4&quot;:2}]},&quot;8&quot;:{&quot;1&quot;:[{&quot;1&quot;:2,&quot;2&quot;:0,&quot;5&quot;:{&quot;1&quot;:2,&quot;2&quot;:0}},{&quot;1&quot;:0,&quot;2&quot;:0,&quot;3&quot;:3},{&quot;1&quot;:1,&quot;2&quot;:0,&quot;4&quot;:2}]},&quot;10&quot;:1,&quot;11&quot;:4,&quot;12&quot;:0,&quot;16&quot;:10,&quot;21&quot;:0,&quot;23&quot;:2}\">Die d\u00fcnnsten Bl\u00e4ttchen f\u00fcr MEDIUM-Gr\u00f6\u00dfe Zigaretten. Mit unserem Thinnest Medium Booklet erhalten Sie 50 Bl\u00e4ttchen, die 20 % leichter sind als jedes vergleichbare Zigarettenpapier auf dem Markt (nur 12 g\/m2). Jedes Bl\u00e4ttchen hat eine Gr\u00f6\u00dfe von 77 x 44 mm, damit Du Deine Zigaretten in der von dir gew\u00fcnschten Gr\u00f6\u00dfe drehen kannst. Dieses Produkt ist FSC\u00ae -zertifiziert, da seine Inhaltsstoffe aus W\u00e4ldern stammen, die unter strengen \u00f6kologischen Auflagen unterhalten werden. Der Gummi ist nat\u00fcrlich und rein pflanzlichen Ursprungs und haftet daher perfekt, ohne Farbstoffe oder andere Zusatzstoffe.<\/span><\/p>\n","protected":false},"featured_media":7520,"template":"","meta":{"_acf_changed":false,"inline_featured_image":false},"product_brand":[],"product_cat":[112,304],"product_tag":[],"class_list":{"0":"post-1079","1":"product","2":"type-product","3":"status-publish","4":"has-post-thumbnail","6":"product_cat-blattchen","7":"product_cat-medium","9":"first","10":"instock","11":"shipping-taxable","12":"product-type-simple"},"acf":[],"yoast_head":"<!-- This site is optimized with the Yoast SEO plugin v26.2 - https:\/\/yoast.com\/wordpress\/plugins\/seo\/ -->\n<title>Papier mittel D\u00fcnnst | Smoking Paper<\/title>\n<meta name=\"description\" content=\"Finden Sie die King-Size, die feinsten + Tipps, Raucherprodukte der besten Qualit\u00e4t in Rolling Papers \u2705 zu den besten Preisen. Papier und Filter Katalog!\" \/>\n<meta name=\"robots\" content=\"index, follow, max-snippet:-1, max-image-preview:large, max-video-preview:-1\" \/>\n<link rel=\"canonical\" href=\"https:\/\/www.smokingpaper.com\/de\/thinnest\/\" \/>\n<meta property=\"og:locale\" content=\"de_DE\" \/>\n<meta property=\"og:type\" content=\"article\" \/>\n<meta property=\"og:title\" content=\"Papier mittel D\u00fcnnst | Smoking Paper\" \/>\n<meta property=\"og:description\" content=\"Finden Sie die King-Size, die feinsten + Tipps, Raucherprodukte der besten Qualit\u00e4t in Rolling Papers \u2705 zu den besten Preisen. Papier und Filter Katalog!\" \/>\n<meta property=\"og:url\" content=\"https:\/\/www.smokingpaper.com\/de\/thinnest\/\" \/>\n<meta property=\"og:site_name\" content=\"Smoking\" \/>\n<meta property=\"article:modified_time\" content=\"2024-12-12T12:49:08+00:00\" \/>\n<meta property=\"og:image\" content=\"https:\/\/www.smokingpaper.com\/wp-content\/uploads\/2022\/01\/3d-librito-smokiing-thinnest-medium-1.png\" \/>\n\t<meta property=\"og:image:width\" content=\"1280\" \/>\n\t<meta property=\"og:image:height\" content=\"717\" \/>\n\t<meta property=\"og:image:type\" content=\"image\/png\" \/>\n<meta name=\"twitter:card\" content=\"summary_large_image\" \/>\n<meta name=\"twitter:label1\" content=\"Gesch\u00e4tzte Lesezeit\" \/>\n\t<meta name=\"twitter:data1\" content=\"1\u00a0Minute\" \/>\n<!-- \/ Yoast SEO plugin. -->","yoast_head_json":{"title":"Papier mittel D\u00fcnnst | Smoking Paper","description":"Finden Sie die King-Size, die feinsten + Tipps, Raucherprodukte der besten Qualit\u00e4t in Rolling Papers \u2705 zu den besten Preisen. Papier und Filter Katalog!","robots":{"index":"index","follow":"follow","max-snippet":"max-snippet:-1","max-image-preview":"max-image-preview:large","max-video-preview":"max-video-preview:-1"},"canonical":"https:\/\/www.smokingpaper.com\/de\/thinnest\/","og_locale":"de_DE","og_type":"article","og_title":"Papier mittel D\u00fcnnst | Smoking Paper","og_description":"Finden Sie die King-Size, die feinsten + Tipps, Raucherprodukte der besten Qualit\u00e4t in Rolling Papers \u2705 zu den besten Preisen. Papier und Filter Katalog!","og_url":"https:\/\/www.smokingpaper.com\/de\/thinnest\/","og_site_name":"Smoking","article_modified_time":"2024-12-12T12:49:08+00:00","og_image":[{"width":1280,"height":717,"url":"https:\/\/www.smokingpaper.com\/wp-content\/uploads\/2022\/01\/3d-librito-smokiing-thinnest-medium-1.png","type":"image\/png"}],"twitter_card":"summary_large_image","twitter_misc":{"Gesch\u00e4tzte Lesezeit":"1\u00a0Minute"},"schema":{"@context":"https:\/\/schema.org","@graph":[{"@type":"BreadcrumbList","@id":"https:\/\/www.smokingpaper.com\/de\/thinnest\/#breadcrumb","itemListElement":[{"@type":"ListItem","position":1,"name":"Home","item":"https:\/\/www.smokingpaper.com\/de\/"},{"@type":"ListItem","position":2,"name":"Produkte","item":"https:\/\/www.smokingpaper.com\/de\/shop\/"},{"@type":"ListItem","position":3,"name":"ZIGARETTENPAPIER","item":"https:\/\/www.smokingpaper.com\/de\/produkte\/blattchen\/"},{"@type":"ListItem","position":4,"name":"Thinnest Medium"}]}]}},"_links":{"self":[{"href":"https:\/\/www.smokingpaper.com\/de\/wp-json\/wp\/v2\/product\/1079","targetHints":{"allow":["GET"]}}],"collection":[{"href":"https:\/\/www.smokingpaper.com\/de\/wp-json\/wp\/v2\/product"}],"about":[{"href":"https:\/\/www.smokingpaper.com\/de\/wp-json\/wp\/v2\/types\/product"}],"wp:featuredmedia":[{"embeddable":true,"href":"https:\/\/www.smokingpaper.com\/de\/wp-json\/wp\/v2\/media\/7520"}],"wp:attachment":[{"href":"https:\/\/www.smokingpaper.com\/de\/wp-json\/wp\/v2\/media?parent=1079"}],"wp:term":[{"taxonomy":"product_brand","embeddable":true,"href":"https:\/\/www.smokingpaper.com\/de\/wp-json\/wp\/v2\/product_brand?post=1079"},{"taxonomy":"product_cat","embeddable":true,"href":"https:\/\/www.smokingpaper.com\/de\/wp-json\/wp\/v2\/product_cat?post=1079"},{"taxonomy":"product_tag","embeddable":true,"href":"https:\/\/www.smokingpaper.com\/de\/wp-json\/wp\/v2\/product_tag?post=1079"}],"curies":[{"name":"wp","href":"https:\/\/api.w.org\/{rel}","templated":true}]}}