{"id":1075,"date":"2021-12-02T16:16:18","date_gmt":"2021-12-02T15:16:18","guid":{"rendered":"http:\/\/new.smokingpaper.com\/products\/deluxe-rolls\/"},"modified":"2023-12-18T17:25:15","modified_gmt":"2023-12-18T16:25:15","slug":"deluxe-rolls","status":"publish","type":"product","link":"https:\/\/www.smokingpaper.com\/de\/deluxe-rolls\/","title":{"rendered":"Deluxe Rolls"},"content":{"rendered":"","protected":false},"excerpt":{"rendered":"<p><span data-sheets-value=\"{&quot;1&quot;:2,&quot;2&quot;:&quot;Rollen Sie Ihre Zigaretten so, wie Sie es w\u00fcnschen, mit der Deluxe Rolls Box! Im Inneren finden Sie eine 4 m lange Rolle Standardpapier mit Smoking\u00ae-Pr\u00e4gung. Langsam verbrennendes, 13 g\/m2-Zigarettenapier f\u00fcr maximale Transparenzhohe und Rei\u00dffestigkeit. Die perfekte Wahl, um Ihre Zigaretten nach Ihren W\u00fcnschen zu drehen. Auch mit rein pflanzlichem Kautschuk, ohne Farbstoffe oder andere Zusatzstoffe. Das Papier ist FSC\u00ae -zertifiziert, weil es aus Plantagen, die unter strengen \u00f6kologischen Auflagen unterhalten werden, stammt.&quot;}\" data-sheets-userformat=\"{&quot;2&quot;:1319869,&quot;3&quot;:{&quot;1&quot;:0},&quot;5&quot;:{&quot;1&quot;:[{&quot;1&quot;:2,&quot;2&quot;:0,&quot;5&quot;:{&quot;1&quot;:2,&quot;2&quot;:0}},{&quot;1&quot;:0,&quot;2&quot;:0,&quot;3&quot;:3},{&quot;1&quot;:1,&quot;2&quot;:0,&quot;4&quot;:2}]},&quot;6&quot;:{&quot;1&quot;:[{&quot;1&quot;:2,&quot;2&quot;:0,&quot;5&quot;:{&quot;1&quot;:2,&quot;2&quot;:0}},{&quot;1&quot;:0,&quot;2&quot;:0,&quot;3&quot;:3},{&quot;1&quot;:1,&quot;2&quot;:0,&quot;4&quot;:2}]},&quot;7&quot;:{&quot;1&quot;:[{&quot;1&quot;:2,&quot;2&quot;:0,&quot;5&quot;:{&quot;1&quot;:2,&quot;2&quot;:0}},{&quot;1&quot;:0,&quot;2&quot;:0,&quot;3&quot;:3},{&quot;1&quot;:1,&quot;2&quot;:0,&quot;4&quot;:2}]},&quot;8&quot;:{&quot;1&quot;:[{&quot;1&quot;:2,&quot;2&quot;:0,&quot;5&quot;:{&quot;1&quot;:2,&quot;2&quot;:0}},{&quot;1&quot;:0,&quot;2&quot;:0,&quot;3&quot;:3},{&quot;1&quot;:1,&quot;2&quot;:0,&quot;4&quot;:2}]},&quot;10&quot;:1,&quot;11&quot;:4,&quot;12&quot;:0,&quot;16&quot;:10,&quot;21&quot;:0,&quot;23&quot;:2}\">Rolle deine Zigaretten so, wie Du es dir w\u00fcnscht, mit der Deluxe Rolls Box! Im Inneren findest Du eine 4 m lange Rolle Standardpapier mit Smoking\u00ae-Pr\u00e4gung. Langsam verbrennendes, 13 g\/m2-Zigarettenapier f\u00fcr maximale Transparenzhohe und Rei\u00dffestigkeit. Die perfekte Wahl, um deine Zigaretten\u00a0 zu drehen. Au\u00dferdem besteht es zu 100 % aus rein pflanzlichem Gummi arabicum, ohne Farbstoffe oder andere Zusatzstoffe. Da es aus Plantagen stammt, die die Artenvielfalt erhalten, ist es ein FSC\u00ae-zertifiziertes Produkt.<\/span><\/p>\n","protected":false},"featured_media":7199,"template":"","meta":{"_acf_changed":false,"inline_featured_image":false},"product_brand":[],"product_cat":[112,368],"product_tag":[],"class_list":{"0":"post-1075","1":"product","2":"type-product","3":"status-publish","4":"has-post-thumbnail","6":"product_cat-blattchen","7":"product_cat-rolls","9":"first","10":"instock","11":"shipping-taxable","12":"product-type-simple"},"acf":[],"yoast_head":"<!-- This site is optimized with the Yoast SEO plugin v26.2 - https:\/\/yoast.com\/wordpress\/plugins\/seo\/ -->\n<title>Bl\u00e4ttchen Rolls Deluxe | Smoking Paper<\/title>\n<meta name=\"description\" content=\"Finden Sie die Rolls Deluxe, die Raucherprodukte der besten Qualit\u00e4t beim Raucherpapier \u2705 zu Top-Preisen. Rolling Papers f\u00fcr Raucher!\" \/>\n<meta name=\"robots\" content=\"index, follow, max-snippet:-1, max-image-preview:large, max-video-preview:-1\" \/>\n<link rel=\"canonical\" href=\"https:\/\/www.smokingpaper.com\/de\/deluxe-rolls\/\" \/>\n<meta property=\"og:locale\" content=\"de_DE\" \/>\n<meta property=\"og:type\" content=\"article\" \/>\n<meta property=\"og:title\" content=\"Bl\u00e4ttchen Rolls Deluxe | Smoking Paper\" \/>\n<meta property=\"og:description\" content=\"Finden Sie die Rolls Deluxe, die Raucherprodukte der besten Qualit\u00e4t beim Raucherpapier \u2705 zu Top-Preisen. Rolling Papers f\u00fcr Raucher!\" \/>\n<meta property=\"og:url\" content=\"https:\/\/www.smokingpaper.com\/de\/deluxe-rolls\/\" \/>\n<meta property=\"og:site_name\" content=\"Smoking\" \/>\n<meta property=\"article:modified_time\" content=\"2023-12-18T16:25:15+00:00\" \/>\n<meta property=\"og:image\" content=\"https:\/\/www.smokingpaper.com\/wp-content\/uploads\/2021\/12\/3d-smoking-deluxe-roll-librito.png\" \/>\n\t<meta property=\"og:image:width\" content=\"531\" \/>\n\t<meta property=\"og:image:height\" content=\"480\" \/>\n\t<meta property=\"og:image:type\" content=\"image\/png\" \/>\n<meta name=\"twitter:card\" content=\"summary_large_image\" \/>\n<meta name=\"twitter:label1\" content=\"Gesch\u00e4tzte Lesezeit\" \/>\n\t<meta name=\"twitter:data1\" content=\"1\u00a0Minute\" \/>\n<!-- \/ Yoast SEO plugin. -->","yoast_head_json":{"title":"Bl\u00e4ttchen Rolls Deluxe | Smoking Paper","description":"Finden Sie die Rolls Deluxe, die Raucherprodukte der besten Qualit\u00e4t beim Raucherpapier \u2705 zu Top-Preisen. Rolling Papers f\u00fcr Raucher!","robots":{"index":"index","follow":"follow","max-snippet":"max-snippet:-1","max-image-preview":"max-image-preview:large","max-video-preview":"max-video-preview:-1"},"canonical":"https:\/\/www.smokingpaper.com\/de\/deluxe-rolls\/","og_locale":"de_DE","og_type":"article","og_title":"Bl\u00e4ttchen Rolls Deluxe | Smoking Paper","og_description":"Finden Sie die Rolls Deluxe, die Raucherprodukte der besten Qualit\u00e4t beim Raucherpapier \u2705 zu Top-Preisen. Rolling Papers f\u00fcr Raucher!","og_url":"https:\/\/www.smokingpaper.com\/de\/deluxe-rolls\/","og_site_name":"Smoking","article_modified_time":"2023-12-18T16:25:15+00:00","og_image":[{"width":531,"height":480,"url":"https:\/\/www.smokingpaper.com\/wp-content\/uploads\/2021\/12\/3d-smoking-deluxe-roll-librito.png","type":"image\/png"}],"twitter_card":"summary_large_image","twitter_misc":{"Gesch\u00e4tzte Lesezeit":"1\u00a0Minute"},"schema":{"@context":"https:\/\/schema.org","@graph":[{"@type":"BreadcrumbList","@id":"https:\/\/www.smokingpaper.com\/de\/deluxe-rolls\/#breadcrumb","itemListElement":[{"@type":"ListItem","position":1,"name":"Home","item":"https:\/\/www.smokingpaper.com\/de\/"},{"@type":"ListItem","position":2,"name":"Produkte","item":"https:\/\/www.smokingpaper.com\/de\/shop\/"},{"@type":"ListItem","position":3,"name":"ZIGARETTENPAPIER","item":"https:\/\/www.smokingpaper.com\/de\/produkte\/blattchen\/"},{"@type":"ListItem","position":4,"name":"Deluxe Rolls"}]}]}},"_links":{"self":[{"href":"https:\/\/www.smokingpaper.com\/de\/wp-json\/wp\/v2\/product\/1075","targetHints":{"allow":["GET"]}}],"collection":[{"href":"https:\/\/www.smokingpaper.com\/de\/wp-json\/wp\/v2\/product"}],"about":[{"href":"https:\/\/www.smokingpaper.com\/de\/wp-json\/wp\/v2\/types\/product"}],"wp:featuredmedia":[{"embeddable":true,"href":"https:\/\/www.smokingpaper.com\/de\/wp-json\/wp\/v2\/media\/7199"}],"wp:attachment":[{"href":"https:\/\/www.smokingpaper.com\/de\/wp-json\/wp\/v2\/media?parent=1075"}],"wp:term":[{"taxonomy":"product_brand","embeddable":true,"href":"https:\/\/www.smokingpaper.com\/de\/wp-json\/wp\/v2\/product_brand?post=1075"},{"taxonomy":"product_cat","embeddable":true,"href":"https:\/\/www.smokingpaper.com\/de\/wp-json\/wp\/v2\/product_cat?post=1075"},{"taxonomy":"product_tag","embeddable":true,"href":"https:\/\/www.smokingpaper.com\/de\/wp-json\/wp\/v2\/product_tag?post=1075"}],"curies":[{"name":"wp","href":"https:\/\/api.w.org\/{rel}","templated":true}]}}