{"id":1070,"date":"2021-12-02T16:13:22","date_gmt":"2021-12-02T15:13:22","guid":{"rendered":"http:\/\/new.smokingpaper.com\/product\/brown-rolls\/"},"modified":"2023-12-18T17:10:43","modified_gmt":"2023-12-18T16:10:43","slug":"brown-rolls","status":"publish","type":"product","link":"https:\/\/www.smokingpaper.com\/de\/brown-rolls\/","title":{"rendered":"Brown Rolls"},"content":{"rendered":"","protected":false},"excerpt":{"rendered":"<p>F\u00fcr diejenigen, die es vorziehen, die L\u00e4nge ihrer Zigarette nach Belieben anzupassen. Das bevorzugte ungebleichte, also umweltvertr\u00e4glichere Papier. Ein ultrad\u00fcnnes Papier, mit einem hohen Ma\u00df an Transparenz. Langsame Verbrennung, wird in einer Pr\u00e4sentation von 4 Metern pro Rolle geliefert. FSC\u00ae-zertifiziert. 100% nat\u00fcrliches pflanzliches Gummi, ohne Farbstoffe oder andere Zusatzstoffe. Garantiert bessere Haftung in einem einzigen Durchgang.<\/p>\n","protected":false},"featured_media":2117,"template":"","meta":{"_acf_changed":false,"inline_featured_image":false},"product_brand":[],"product_cat":[112,368],"product_tag":[],"class_list":{"0":"post-1070","1":"product","2":"type-product","3":"status-publish","4":"has-post-thumbnail","6":"product_cat-blattchen","7":"product_cat-rolls","9":"first","10":"instock","11":"shipping-taxable","12":"product-type-simple"},"acf":[],"yoast_head":"<!-- This site is optimized with the Yoast SEO plugin v26.2 - https:\/\/yoast.com\/wordpress\/plugins\/seo\/ -->\n<title>Bl\u00e4ttchen Rolls Brown | Smoking Paper<\/title>\n<meta name=\"description\" content=\"Finden Sie die Rollen braun, rauchende Produkte der besten Qualit\u00e4tsqualit\u00e4t bei Rauchspapier \u2705 zu Top-Preisen. Raucherpapier!\" \/>\n<meta name=\"robots\" content=\"index, follow, max-snippet:-1, max-image-preview:large, max-video-preview:-1\" \/>\n<link rel=\"canonical\" href=\"https:\/\/www.smokingpaper.com\/de\/brown-rolls\/\" \/>\n<meta property=\"og:locale\" content=\"de_DE\" \/>\n<meta property=\"og:type\" content=\"article\" \/>\n<meta property=\"og:title\" content=\"Bl\u00e4ttchen Rolls Brown | Smoking Paper\" \/>\n<meta property=\"og:description\" content=\"Finden Sie die Rollen braun, rauchende Produkte der besten Qualit\u00e4tsqualit\u00e4t bei Rauchspapier \u2705 zu Top-Preisen. Raucherpapier!\" \/>\n<meta property=\"og:url\" content=\"https:\/\/www.smokingpaper.com\/de\/brown-rolls\/\" \/>\n<meta property=\"og:site_name\" content=\"Smoking\" \/>\n<meta property=\"article:modified_time\" content=\"2023-12-18T16:10:43+00:00\" \/>\n<meta property=\"og:image\" content=\"https:\/\/www.smokingpaper.com\/wp-content\/uploads\/2021\/12\/Nuevo_proyecto__15_-removebg-preview.png\" \/>\n\t<meta property=\"og:image:width\" content=\"667\" \/>\n\t<meta property=\"og:image:height\" content=\"374\" \/>\n\t<meta property=\"og:image:type\" content=\"image\/png\" \/>\n<meta name=\"twitter:card\" content=\"summary_large_image\" \/>\n<meta name=\"twitter:label1\" content=\"Gesch\u00e4tzte Lesezeit\" \/>\n\t<meta name=\"twitter:data1\" content=\"1\u00a0Minute\" \/>\n<!-- \/ Yoast SEO plugin. -->","yoast_head_json":{"title":"Bl\u00e4ttchen Rolls Brown | Smoking Paper","description":"Finden Sie die Rollen braun, rauchende Produkte der besten Qualit\u00e4tsqualit\u00e4t bei Rauchspapier \u2705 zu Top-Preisen. Raucherpapier!","robots":{"index":"index","follow":"follow","max-snippet":"max-snippet:-1","max-image-preview":"max-image-preview:large","max-video-preview":"max-video-preview:-1"},"canonical":"https:\/\/www.smokingpaper.com\/de\/brown-rolls\/","og_locale":"de_DE","og_type":"article","og_title":"Bl\u00e4ttchen Rolls Brown | Smoking Paper","og_description":"Finden Sie die Rollen braun, rauchende Produkte der besten Qualit\u00e4tsqualit\u00e4t bei Rauchspapier \u2705 zu Top-Preisen. Raucherpapier!","og_url":"https:\/\/www.smokingpaper.com\/de\/brown-rolls\/","og_site_name":"Smoking","article_modified_time":"2023-12-18T16:10:43+00:00","og_image":[{"width":667,"height":374,"url":"https:\/\/www.smokingpaper.com\/wp-content\/uploads\/2021\/12\/Nuevo_proyecto__15_-removebg-preview.png","type":"image\/png"}],"twitter_card":"summary_large_image","twitter_misc":{"Gesch\u00e4tzte Lesezeit":"1\u00a0Minute"},"schema":{"@context":"https:\/\/schema.org","@graph":[{"@type":"BreadcrumbList","@id":"https:\/\/www.smokingpaper.com\/de\/brown-rolls\/#breadcrumb","itemListElement":[{"@type":"ListItem","position":1,"name":"Home","item":"https:\/\/www.smokingpaper.com\/de\/"},{"@type":"ListItem","position":2,"name":"Produkte","item":"https:\/\/www.smokingpaper.com\/de\/shop\/"},{"@type":"ListItem","position":3,"name":"ZIGARETTENPAPIER","item":"https:\/\/www.smokingpaper.com\/de\/produkte\/blattchen\/"},{"@type":"ListItem","position":4,"name":"Brown Rolls"}]}]}},"_links":{"self":[{"href":"https:\/\/www.smokingpaper.com\/de\/wp-json\/wp\/v2\/product\/1070","targetHints":{"allow":["GET"]}}],"collection":[{"href":"https:\/\/www.smokingpaper.com\/de\/wp-json\/wp\/v2\/product"}],"about":[{"href":"https:\/\/www.smokingpaper.com\/de\/wp-json\/wp\/v2\/types\/product"}],"wp:featuredmedia":[{"embeddable":true,"href":"https:\/\/www.smokingpaper.com\/de\/wp-json\/wp\/v2\/media\/2117"}],"wp:attachment":[{"href":"https:\/\/www.smokingpaper.com\/de\/wp-json\/wp\/v2\/media?parent=1070"}],"wp:term":[{"taxonomy":"product_brand","embeddable":true,"href":"https:\/\/www.smokingpaper.com\/de\/wp-json\/wp\/v2\/product_brand?post=1070"},{"taxonomy":"product_cat","embeddable":true,"href":"https:\/\/www.smokingpaper.com\/de\/wp-json\/wp\/v2\/product_cat?post=1070"},{"taxonomy":"product_tag","embeddable":true,"href":"https:\/\/www.smokingpaper.com\/de\/wp-json\/wp\/v2\/product_tag?post=1070"}],"curies":[{"name":"wp","href":"https:\/\/api.w.org\/{rel}","templated":true}]}}