{"id":10411,"date":"2024-10-23T13:11:42","date_gmt":"2024-10-23T11:11:42","guid":{"rendered":"https:\/\/www.smokingpaper.com\/brown-tips-king-size-2\/"},"modified":"2025-05-19T10:53:38","modified_gmt":"2025-05-19T08:53:38","slug":"tips-brown-king-size","status":"publish","type":"product","link":"https:\/\/www.smokingpaper.com\/de\/tips-brown-king-size\/","title":{"rendered":"BROWN KING SIZE TIPS"},"content":{"rendered":"","protected":false},"excerpt":{"rendered":"<p><span style=\"font-weight: 400;\">Nutze die beliebten <\/span><b>Smoking\u00ae Brown Tips King Size Filter<\/b><span style=\"font-weight: 400;\"> und rolle deine Zigaretten schnell und bequem in der gew\u00fcnschten Gr\u00f6\u00dfe. Diese Smoking\u00ae Tips bestehen aus hochwertigem Karton und bieten mit den Ma\u00dfen 60 x 25 mm die ideale Gr\u00f6\u00dfe f\u00fcr jede Gelegenheit. In jeder Packung findest du 33 vorgefertigte Tips, die dir dank der praktischen W-Form ein einfaches Drehen und eine hervorragende Filterwirkung erm\u00f6glichen.<\/span><\/p>\n","protected":false},"featured_media":10409,"template":"","meta":{"_acf_changed":false,"inline_featured_image":false},"product_brand":[],"product_cat":[374,208],"product_tag":[],"class_list":{"0":"post-10411","1":"product","2":"type-product","3":"status-publish","4":"has-post-thumbnail","6":"product_cat-cones","7":"product_cat-filters","9":"first","10":"instock","11":"shipping-taxable","12":"product-type-simple"},"acf":[],"yoast_head":"<!-- This site is optimized with the Yoast SEO plugin v26.2 - https:\/\/yoast.com\/wordpress\/plugins\/seo\/ -->\n<title>Brown Tips King Size | Smoking Paper<\/title>\n<meta name=\"description\" content=\"Descubre los filtros de liar m\u00e1s famosos de Smoking paper: Filtros Brown Tips King Size. Con pliegues para un enrollado f\u00e1cil. \u00a1No te pierdas nuestro cat\u00e1logo!\" \/>\n<meta name=\"robots\" content=\"index, follow, max-snippet:-1, max-image-preview:large, max-video-preview:-1\" \/>\n<link rel=\"canonical\" href=\"https:\/\/www.smokingpaper.com\/de\/tips-brown-king-size\/\" \/>\n<meta property=\"og:locale\" content=\"de_DE\" \/>\n<meta property=\"og:type\" content=\"article\" \/>\n<meta property=\"og:title\" content=\"Brown Tips King Size | Smoking Paper\" \/>\n<meta property=\"og:description\" content=\"Descubre los filtros de liar m\u00e1s famosos de Smoking paper: Filtros Brown Tips King Size. Con pliegues para un enrollado f\u00e1cil. \u00a1No te pierdas nuestro cat\u00e1logo!\" \/>\n<meta property=\"og:url\" content=\"https:\/\/www.smokingpaper.com\/de\/tips-brown-king-size\/\" \/>\n<meta property=\"og:site_name\" content=\"Smoking\" \/>\n<meta property=\"article:modified_time\" content=\"2025-05-19T08:53:38+00:00\" \/>\n<meta property=\"og:image\" content=\"https:\/\/www.smokingpaper.com\/wp-content\/uploads\/2024\/10\/3D-Smoking-Brown-Filter-Tips-KS-33.png\" \/>\n\t<meta property=\"og:image:width\" content=\"500\" \/>\n\t<meta property=\"og:image:height\" content=\"328\" \/>\n\t<meta property=\"og:image:type\" content=\"image\/png\" \/>\n<meta name=\"twitter:card\" content=\"summary_large_image\" \/>\n<!-- \/ Yoast SEO plugin. -->","yoast_head_json":{"title":"Brown Tips King Size | Smoking Paper","description":"Descubre los filtros de liar m\u00e1s famosos de Smoking paper: Filtros Brown Tips King Size. Con pliegues para un enrollado f\u00e1cil. \u00a1No te pierdas nuestro cat\u00e1logo!","robots":{"index":"index","follow":"follow","max-snippet":"max-snippet:-1","max-image-preview":"max-image-preview:large","max-video-preview":"max-video-preview:-1"},"canonical":"https:\/\/www.smokingpaper.com\/de\/tips-brown-king-size\/","og_locale":"de_DE","og_type":"article","og_title":"Brown Tips King Size | Smoking Paper","og_description":"Descubre los filtros de liar m\u00e1s famosos de Smoking paper: Filtros Brown Tips King Size. Con pliegues para un enrollado f\u00e1cil. \u00a1No te pierdas nuestro cat\u00e1logo!","og_url":"https:\/\/www.smokingpaper.com\/de\/tips-brown-king-size\/","og_site_name":"Smoking","article_modified_time":"2025-05-19T08:53:38+00:00","og_image":[{"width":500,"height":328,"url":"https:\/\/www.smokingpaper.com\/wp-content\/uploads\/2024\/10\/3D-Smoking-Brown-Filter-Tips-KS-33.png","type":"image\/png"}],"twitter_card":"summary_large_image","schema":{"@context":"https:\/\/schema.org","@graph":[{"@type":"BreadcrumbList","@id":"https:\/\/www.smokingpaper.com\/de\/tips-brown-king-size\/#breadcrumb","itemListElement":[{"@type":"ListItem","position":1,"name":"Home","item":"https:\/\/www.smokingpaper.com\/de\/"},{"@type":"ListItem","position":2,"name":"Produkte","item":"https:\/\/www.smokingpaper.com\/de\/shop\/"},{"@type":"ListItem","position":3,"name":"Filter","item":"https:\/\/www.smokingpaper.com\/de\/produkte\/filters\/"},{"@type":"ListItem","position":4,"name":"BROWN KING SIZE TIPS"}]}]}},"_links":{"self":[{"href":"https:\/\/www.smokingpaper.com\/de\/wp-json\/wp\/v2\/product\/10411","targetHints":{"allow":["GET"]}}],"collection":[{"href":"https:\/\/www.smokingpaper.com\/de\/wp-json\/wp\/v2\/product"}],"about":[{"href":"https:\/\/www.smokingpaper.com\/de\/wp-json\/wp\/v2\/types\/product"}],"wp:featuredmedia":[{"embeddable":true,"href":"https:\/\/www.smokingpaper.com\/de\/wp-json\/wp\/v2\/media\/10409"}],"wp:attachment":[{"href":"https:\/\/www.smokingpaper.com\/de\/wp-json\/wp\/v2\/media?parent=10411"}],"wp:term":[{"taxonomy":"product_brand","embeddable":true,"href":"https:\/\/www.smokingpaper.com\/de\/wp-json\/wp\/v2\/product_brand?post=10411"},{"taxonomy":"product_cat","embeddable":true,"href":"https:\/\/www.smokingpaper.com\/de\/wp-json\/wp\/v2\/product_cat?post=10411"},{"taxonomy":"product_tag","embeddable":true,"href":"https:\/\/www.smokingpaper.com\/de\/wp-json\/wp\/v2\/product_tag?post=10411"}],"curies":[{"name":"wp","href":"https:\/\/api.w.org\/{rel}","templated":true}]}}