{"id":10339,"date":"2024-10-18T09:19:39","date_gmt":"2024-10-18T07:19:39","guid":{"rendered":"https:\/\/www.smokingpaper.com\/drehunterlage-skull-art-is-dead\/"},"modified":"2025-05-19T11:26:44","modified_gmt":"2025-05-19T09:26:44","slug":"drehunterlage-skull-art-is-dead","status":"publish","type":"product","link":"https:\/\/www.smokingpaper.com\/de\/drehunterlage-skull-art-is-dead\/","title":{"rendered":"Drehunterlage Skull Art is Dead"},"content":{"rendered":"","protected":false},"excerpt":{"rendered":"<p><span style=\"font-weight: 400;\">Stehst du auf Kunst? Dann ist diese Drehunterlage genau dein Ding. Und wenn nicht \u2013 auch cool! Die <\/span><b>Art is Dead Drehunterlage<\/b><span style=\"font-weight: 400;\"> aus unserer <\/span><b>Skull Collection<\/b><span style=\"font-weight: 400;\"> ist eine Hommage an einige der ber\u00fchmtesten Kunstwerke der Geschichte \u2013 mit dem ganz eigenen, rebellischen Touch von <\/span><b>Smoking Paper<\/b><span style=\"font-weight: 400;\">.<\/span><\/p>\n<p><span style=\"font-weight: 400;\">Erkennst du alle Anspielungen? Dieses kreative Design ist ein kleines R\u00e4tselspiel f\u00fcr zwischendurch \u2013 perfekt, w\u00e4hrend du deine Zigaretten drehst. Und das Beste: Du verschwendest dabei nichts! Wie in der Kunst gilt auch hier \u2013 alles ist erlaubt.<\/span><\/p>\n<p><span style=\"font-weight: 400;\">Die erh\u00f6hten R\u00e4nder sorgen f\u00fcr sauberes Arbeiten, und das Zinn macht die Unterlage superleicht und langlebig. Gib ihr einen Ehrenplatz \u2013 und lass deine G\u00e4ste raten, welche Meisterwerke sich darin verstecken.<\/span><\/p>\n","protected":false},"featured_media":11239,"template":"","meta":{"_acf_changed":false,"inline_featured_image":false},"product_brand":[],"product_cat":[776],"product_tag":[],"class_list":{"0":"post-10339","1":"product","2":"type-product","3":"status-publish","4":"has-post-thumbnail","6":"product_cat-drehunterlagen","8":"first","9":"instock","10":"shipping-taxable","11":"product-type-simple"},"acf":[],"yoast_head":"<!-- This site is optimized with the Yoast SEO plugin v26.2 - https:\/\/yoast.com\/wordpress\/plugins\/seo\/ -->\n<title>Drehunterlage Skull Art is Dead | Smoking Paper<\/title>\n<meta name=\"description\" content=\"Art of Death Rolling Tray, perfekt zum Rollen und zur Aufbewahrung Ihres Zubeh\u00f6rs. Verpassen Sie nicht die neue Smoking Paper Kollektion.\" \/>\n<meta name=\"robots\" content=\"index, follow, max-snippet:-1, max-image-preview:large, max-video-preview:-1\" \/>\n<link rel=\"canonical\" href=\"https:\/\/www.smokingpaper.com\/de\/drehunterlage-skull-art-is-dead\/\" \/>\n<meta property=\"og:locale\" content=\"de_DE\" \/>\n<meta property=\"og:type\" content=\"article\" \/>\n<meta property=\"og:title\" content=\"Drehunterlage Skull Art is Dead | Smoking Paper\" \/>\n<meta property=\"og:description\" content=\"Art of Death Rolling Tray, perfekt zum Rollen und zur Aufbewahrung Ihres Zubeh\u00f6rs. Verpassen Sie nicht die neue Smoking Paper Kollektion.\" \/>\n<meta property=\"og:url\" content=\"https:\/\/www.smokingpaper.com\/de\/drehunterlage-skull-art-is-dead\/\" \/>\n<meta property=\"og:site_name\" content=\"Smoking\" \/>\n<meta property=\"article:modified_time\" content=\"2025-05-19T09:26:44+00:00\" \/>\n<meta property=\"og:image\" content=\"https:\/\/www.smokingpaper.com\/wp-content\/uploads\/2024\/10\/Art-is-Dead-Skull-Rolling-Tray-2-670x1024.png\" \/>\n\t<meta property=\"og:image:width\" content=\"670\" \/>\n\t<meta property=\"og:image:height\" content=\"1024\" \/>\n\t<meta property=\"og:image:type\" content=\"image\/png\" \/>\n<meta name=\"twitter:card\" content=\"summary_large_image\" \/>\n<!-- \/ Yoast SEO plugin. -->","yoast_head_json":{"title":"Drehunterlage Skull Art is Dead | Smoking Paper","description":"Art of Death Rolling Tray, perfekt zum Rollen und zur Aufbewahrung Ihres Zubeh\u00f6rs. Verpassen Sie nicht die neue Smoking Paper Kollektion.","robots":{"index":"index","follow":"follow","max-snippet":"max-snippet:-1","max-image-preview":"max-image-preview:large","max-video-preview":"max-video-preview:-1"},"canonical":"https:\/\/www.smokingpaper.com\/de\/drehunterlage-skull-art-is-dead\/","og_locale":"de_DE","og_type":"article","og_title":"Drehunterlage Skull Art is Dead | Smoking Paper","og_description":"Art of Death Rolling Tray, perfekt zum Rollen und zur Aufbewahrung Ihres Zubeh\u00f6rs. Verpassen Sie nicht die neue Smoking Paper Kollektion.","og_url":"https:\/\/www.smokingpaper.com\/de\/drehunterlage-skull-art-is-dead\/","og_site_name":"Smoking","article_modified_time":"2025-05-19T09:26:44+00:00","og_image":[{"width":670,"height":1024,"url":"https:\/\/www.smokingpaper.com\/wp-content\/uploads\/2024\/10\/Art-is-Dead-Skull-Rolling-Tray-2-670x1024.png","type":"image\/png"}],"twitter_card":"summary_large_image","schema":{"@context":"https:\/\/schema.org","@graph":[{"@type":"BreadcrumbList","@id":"https:\/\/www.smokingpaper.com\/de\/drehunterlage-skull-art-is-dead\/#breadcrumb","itemListElement":[{"@type":"ListItem","position":1,"name":"Home","item":"https:\/\/www.smokingpaper.com\/de\/"},{"@type":"ListItem","position":2,"name":"Produkte","item":"https:\/\/www.smokingpaper.com\/de\/shop\/"},{"@type":"ListItem","position":3,"name":"Drehunterlagen","item":"https:\/\/www.smokingpaper.com\/de\/produkte\/drehunterlagen\/"},{"@type":"ListItem","position":4,"name":"Drehunterlage Skull Art is Dead"}]}]}},"_links":{"self":[{"href":"https:\/\/www.smokingpaper.com\/de\/wp-json\/wp\/v2\/product\/10339","targetHints":{"allow":["GET"]}}],"collection":[{"href":"https:\/\/www.smokingpaper.com\/de\/wp-json\/wp\/v2\/product"}],"about":[{"href":"https:\/\/www.smokingpaper.com\/de\/wp-json\/wp\/v2\/types\/product"}],"wp:featuredmedia":[{"embeddable":true,"href":"https:\/\/www.smokingpaper.com\/de\/wp-json\/wp\/v2\/media\/11239"}],"wp:attachment":[{"href":"https:\/\/www.smokingpaper.com\/de\/wp-json\/wp\/v2\/media?parent=10339"}],"wp:term":[{"taxonomy":"product_brand","embeddable":true,"href":"https:\/\/www.smokingpaper.com\/de\/wp-json\/wp\/v2\/product_brand?post=10339"},{"taxonomy":"product_cat","embeddable":true,"href":"https:\/\/www.smokingpaper.com\/de\/wp-json\/wp\/v2\/product_cat?post=10339"},{"taxonomy":"product_tag","embeddable":true,"href":"https:\/\/www.smokingpaper.com\/de\/wp-json\/wp\/v2\/product_tag?post=10339"}],"curies":[{"name":"wp","href":"https:\/\/api.w.org\/{rel}","templated":true}]}}