{"id":10258,"date":"2024-09-17T16:36:12","date_gmt":"2024-09-17T14:36:12","guid":{"rendered":"https:\/\/www.smokingpaper.com\/?post_type=product&#038;p=10258"},"modified":"2025-05-16T13:30:31","modified_gmt":"2025-05-16T11:30:31","slug":"papier-supreme-regular","status":"publish","type":"product","link":"https:\/\/www.smokingpaper.com\/de\/papier-supreme-regular\/","title":{"rendered":"SUPREME REGULAR PAPER"},"content":{"rendered":"","protected":false},"excerpt":{"rendered":"<p><span style=\"font-weight: 400;\">Entdecke die neue <\/span><b>Supreme-Produktreihe<\/b><span style=\"font-weight: 400;\"> von Smoking Paper \u2013 ultrafeines, besonders weiches Papier f\u00fcr ein au\u00dfergew\u00f6hnliches Raucherlebnis! <\/span><b>Mit 60 gebleichten Bl\u00e4ttchen pro Heft<\/b><span style=\"font-weight: 400;\">, nat\u00fcrlicher Gummierung ohne Farb- oder Zusatzstoffe und einem modernen Design bietet dieses Papier eine einzigartige Haptik \u2013 das einzige auf dem Markt in dieser speziellen Ausf\u00fchrung. Genie\u00dfe jeden Zug dank der samtigen Oberfl\u00e4che, der optimalen Klebeeigenschaften und dem FSC\u00ae-Zertifikat, das garantiert, dass das Papier aus nachhaltiger Forstwirtschaft stammt, bei der der Erhalt der Artenvielfalt oberste Priorit\u00e4t hat.<\/span><\/p>\n","protected":false},"featured_media":9851,"template":"","meta":{"_acf_changed":false,"inline_featured_image":false},"product_brand":[],"product_cat":[112,350],"product_tag":[],"class_list":{"0":"post-10258","1":"product","2":"type-product","3":"status-publish","4":"has-post-thumbnail","6":"product_cat-blattchen","7":"product_cat-regular","9":"first","10":"instock","11":"shipping-taxable","12":"product-type-simple"},"acf":[],"yoast_head":"<!-- This site is optimized with the Yoast SEO plugin v26.2 - https:\/\/yoast.com\/wordpress\/plugins\/seo\/ -->\n<title>SUPREME REGULAR PAPER | Smoking<\/title>\n<meta name=\"description\" content=\"Kennen Sie schon die neuen Supreme-Rauchpapiere mit einzigartiger Haptik? Smoking pr\u00e4sentiert Ihnen dieses Rauchwunder, mit einem brutalen Design und Gef\u00fchl - ein Supreme-Erlebnis! \u2705\" \/>\n<meta name=\"robots\" content=\"index, follow, max-snippet:-1, max-image-preview:large, max-video-preview:-1\" \/>\n<link rel=\"canonical\" href=\"https:\/\/www.smokingpaper.com\/de\/papier-supreme-regular\/\" \/>\n<meta property=\"og:locale\" content=\"de_DE\" \/>\n<meta property=\"og:type\" content=\"article\" \/>\n<meta property=\"og:title\" content=\"SUPREME REGULAR PAPER | Smoking\" \/>\n<meta property=\"og:description\" content=\"Kennen Sie schon die neuen Supreme-Rauchpapiere mit einzigartiger Haptik? Smoking pr\u00e4sentiert Ihnen dieses Rauchwunder, mit einem brutalen Design und Gef\u00fchl - ein Supreme-Erlebnis! \u2705\" \/>\n<meta property=\"og:url\" content=\"https:\/\/www.smokingpaper.com\/de\/papier-supreme-regular\/\" \/>\n<meta property=\"og:site_name\" content=\"Smoking\" \/>\n<meta property=\"article:modified_time\" content=\"2025-05-16T11:30:31+00:00\" \/>\n<meta property=\"og:image\" content=\"https:\/\/www.smokingpaper.com\/wp-content\/uploads\/2023\/12\/3D-LIBRITO-SMOKING-SUPREME-MEDIUM-01.png\" \/>\n\t<meta property=\"og:image:width\" content=\"2786\" \/>\n\t<meta property=\"og:image:height\" content=\"1563\" \/>\n\t<meta property=\"og:image:type\" content=\"image\/png\" \/>\n<meta name=\"twitter:card\" content=\"summary_large_image\" \/>\n<!-- \/ Yoast SEO plugin. -->","yoast_head_json":{"title":"SUPREME REGULAR PAPER | Smoking","description":"Kennen Sie schon die neuen Supreme-Rauchpapiere mit einzigartiger Haptik? Smoking pr\u00e4sentiert Ihnen dieses Rauchwunder, mit einem brutalen Design und Gef\u00fchl - ein Supreme-Erlebnis! \u2705","robots":{"index":"index","follow":"follow","max-snippet":"max-snippet:-1","max-image-preview":"max-image-preview:large","max-video-preview":"max-video-preview:-1"},"canonical":"https:\/\/www.smokingpaper.com\/de\/papier-supreme-regular\/","og_locale":"de_DE","og_type":"article","og_title":"SUPREME REGULAR PAPER | Smoking","og_description":"Kennen Sie schon die neuen Supreme-Rauchpapiere mit einzigartiger Haptik? Smoking pr\u00e4sentiert Ihnen dieses Rauchwunder, mit einem brutalen Design und Gef\u00fchl - ein Supreme-Erlebnis! \u2705","og_url":"https:\/\/www.smokingpaper.com\/de\/papier-supreme-regular\/","og_site_name":"Smoking","article_modified_time":"2025-05-16T11:30:31+00:00","og_image":[{"width":2786,"height":1563,"url":"https:\/\/www.smokingpaper.com\/wp-content\/uploads\/2023\/12\/3D-LIBRITO-SMOKING-SUPREME-MEDIUM-01.png","type":"image\/png"}],"twitter_card":"summary_large_image","schema":{"@context":"https:\/\/schema.org","@graph":[{"@type":"BreadcrumbList","@id":"https:\/\/www.smokingpaper.com\/de\/papier-supreme-regular\/#breadcrumb","itemListElement":[{"@type":"ListItem","position":1,"name":"Home","item":"https:\/\/www.smokingpaper.com\/de\/"},{"@type":"ListItem","position":2,"name":"Produkte","item":"https:\/\/www.smokingpaper.com\/de\/shop\/"},{"@type":"ListItem","position":3,"name":"ZIGARETTENPAPIER","item":"https:\/\/www.smokingpaper.com\/de\/produkte\/blattchen\/"},{"@type":"ListItem","position":4,"name":"SUPREME REGULAR PAPER"}]}]}},"_links":{"self":[{"href":"https:\/\/www.smokingpaper.com\/de\/wp-json\/wp\/v2\/product\/10258","targetHints":{"allow":["GET"]}}],"collection":[{"href":"https:\/\/www.smokingpaper.com\/de\/wp-json\/wp\/v2\/product"}],"about":[{"href":"https:\/\/www.smokingpaper.com\/de\/wp-json\/wp\/v2\/types\/product"}],"wp:featuredmedia":[{"embeddable":true,"href":"https:\/\/www.smokingpaper.com\/de\/wp-json\/wp\/v2\/media\/9851"}],"wp:attachment":[{"href":"https:\/\/www.smokingpaper.com\/de\/wp-json\/wp\/v2\/media?parent=10258"}],"wp:term":[{"taxonomy":"product_brand","embeddable":true,"href":"https:\/\/www.smokingpaper.com\/de\/wp-json\/wp\/v2\/product_brand?post=10258"},{"taxonomy":"product_cat","embeddable":true,"href":"https:\/\/www.smokingpaper.com\/de\/wp-json\/wp\/v2\/product_cat?post=10258"},{"taxonomy":"product_tag","embeddable":true,"href":"https:\/\/www.smokingpaper.com\/de\/wp-json\/wp\/v2\/product_tag?post=10258"}],"curies":[{"name":"wp","href":"https:\/\/api.w.org\/{rel}","templated":true}]}}