{"id":2636,"date":"2022-01-25T13:20:01","date_gmt":"2022-01-25T12:20:01","guid":{"rendered":"https:\/\/www.smokingpaper.com\/event\/"},"modified":"2024-03-06T15:57:21","modified_gmt":"2024-03-06T14:57:21","slug":"event","status":"publish","type":"page","link":"https:\/\/www.smokingpaper.com\/de\/event\/","title":{"rendered":"Veranstaltungen und Messen f\u00fcr Raucher"},"content":{"rendered":"","protected":false},"excerpt":{"rendered":"","protected":false},"author":2,"featured_media":0,"parent":0,"menu_order":0,"comment_status":"closed","ping_status":"closed","template":"","meta":{"_acf_changed":false,"inline_featured_image":false,"footnotes":""},"class_list":["post-2636","page","type-page","status-publish","hentry"],"acf":[],"yoast_head":"<!-- This site is optimized with the Yoast SEO plugin v26.2 - https:\/\/yoast.com\/wordpress\/plugins\/seo\/ -->\n<title>Veranstaltungen und Messen f\u00fcr Raucher | Smoking Paper<\/title>\n<meta name=\"description\" content=\"Informieren Sie sich \u00fcber die besten Veranstaltungen und Messen f\u00fcr Raucher. Raucherpapier ist auf vielen Veranstaltungen pr\u00e4sent, wir sind auf jeder dieser Messen vertreten.\" \/>\n<meta name=\"robots\" content=\"index, follow, max-snippet:-1, max-image-preview:large, max-video-preview:-1\" \/>\n<link rel=\"canonical\" href=\"https:\/\/www.smokingpaper.com\/de\/event\/\" \/>\n<meta property=\"og:locale\" content=\"de_DE\" \/>\n<meta property=\"og:type\" content=\"article\" \/>\n<meta property=\"og:title\" content=\"Veranstaltungen und Messen f\u00fcr Raucher | Smoking Paper\" \/>\n<meta property=\"og:description\" content=\"Informieren Sie sich \u00fcber die besten Veranstaltungen und Messen f\u00fcr Raucher. Raucherpapier ist auf vielen Veranstaltungen pr\u00e4sent, wir sind auf jeder dieser Messen vertreten.\" \/>\n<meta property=\"og:url\" content=\"https:\/\/www.smokingpaper.com\/de\/event\/\" \/>\n<meta property=\"og:site_name\" content=\"Smoking\" \/>\n<meta property=\"article:modified_time\" content=\"2024-03-06T14:57:21+00:00\" \/>\n<meta name=\"twitter:card\" content=\"summary_large_image\" \/>\n<!-- \/ Yoast SEO plugin. -->","yoast_head_json":{"title":"Veranstaltungen und Messen f\u00fcr Raucher | Smoking Paper","description":"Informieren Sie sich \u00fcber die besten Veranstaltungen und Messen f\u00fcr Raucher. Raucherpapier ist auf vielen Veranstaltungen pr\u00e4sent, wir sind auf jeder dieser Messen vertreten.","robots":{"index":"index","follow":"follow","max-snippet":"max-snippet:-1","max-image-preview":"max-image-preview:large","max-video-preview":"max-video-preview:-1"},"canonical":"https:\/\/www.smokingpaper.com\/de\/event\/","og_locale":"de_DE","og_type":"article","og_title":"Veranstaltungen und Messen f\u00fcr Raucher | Smoking Paper","og_description":"Informieren Sie sich \u00fcber die besten Veranstaltungen und Messen f\u00fcr Raucher. Raucherpapier ist auf vielen Veranstaltungen pr\u00e4sent, wir sind auf jeder dieser Messen vertreten.","og_url":"https:\/\/www.smokingpaper.com\/de\/event\/","og_site_name":"Smoking","article_modified_time":"2024-03-06T14:57:21+00:00","twitter_card":"summary_large_image","schema":{"@context":"https:\/\/schema.org","@graph":[{"@type":"BreadcrumbList","@id":"https:\/\/www.smokingpaper.com\/de\/event\/#breadcrumb","itemListElement":[{"@type":"ListItem","position":1,"name":"Home","item":"https:\/\/www.smokingpaper.com\/de\/"},{"@type":"ListItem","position":2,"name":"Veranstaltungen und Messen f\u00fcr Raucher"}]}]}},"_links":{"self":[{"href":"https:\/\/www.smokingpaper.com\/de\/wp-json\/wp\/v2\/pages\/2636","targetHints":{"allow":["GET"]}}],"collection":[{"href":"https:\/\/www.smokingpaper.com\/de\/wp-json\/wp\/v2\/pages"}],"about":[{"href":"https:\/\/www.smokingpaper.com\/de\/wp-json\/wp\/v2\/types\/page"}],"author":[{"embeddable":true,"href":"https:\/\/www.smokingpaper.com\/de\/wp-json\/wp\/v2\/users\/2"}],"replies":[{"embeddable":true,"href":"https:\/\/www.smokingpaper.com\/de\/wp-json\/wp\/v2\/comments?post=2636"}],"version-history":[{"count":2,"href":"https:\/\/www.smokingpaper.com\/de\/wp-json\/wp\/v2\/pages\/2636\/revisions"}],"predecessor-version":[{"id":9238,"href":"https:\/\/www.smokingpaper.com\/de\/wp-json\/wp\/v2\/pages\/2636\/revisions\/9238"}],"wp:attachment":[{"href":"https:\/\/www.smokingpaper.com\/de\/wp-json\/wp\/v2\/media?parent=2636"}],"curies":[{"name":"wp","href":"https:\/\/api.w.org\/{rel}","templated":true}]}}