{"id":1613,"date":"2021-12-09T12:02:10","date_gmt":"2021-12-09T11:02:10","guid":{"rendered":"http:\/\/new.smokingpaper.com\/?page_id=1613"},"modified":"2026-02-26T15:54:22","modified_gmt":"2026-02-26T14:54:22","slug":"kontact","status":"publish","type":"page","link":"https:\/\/www.smokingpaper.com\/de\/kontact\/","title":{"rendered":"Kontact"},"content":{"rendered":"","protected":false},"excerpt":{"rendered":"","protected":false},"author":2,"featured_media":0,"parent":0,"menu_order":0,"comment_status":"closed","ping_status":"closed","template":"template-pages\/contact.php","meta":{"_acf_changed":false,"inline_featured_image":false,"footnotes":""},"class_list":["post-1613","page","type-page","status-publish","hentry"],"acf":[],"yoast_head":"<!-- This site is optimized with the Yoast SEO plugin v26.2 - https:\/\/yoast.com\/wordpress\/plugins\/seo\/ -->\n<title>Kontact | Smoking Paper<\/title>\n<meta name=\"description\" content=\"Wenn duKommentare, Fragen, Vorschl\u00e4ge oder Ratschl\u00e4ge hasf, f\u00fcll bitte das folgende Formular mit deinen Angaben und Kommentaren aus.\" \/>\n<meta name=\"robots\" content=\"index, follow, max-snippet:-1, max-image-preview:large, max-video-preview:-1\" \/>\n<link rel=\"canonical\" href=\"https:\/\/www.smokingpaper.com\/de\/kontact\/\" \/>\n<meta property=\"og:locale\" content=\"de_DE\" \/>\n<meta property=\"og:type\" content=\"article\" \/>\n<meta property=\"og:title\" content=\"Kontact | Smoking Paper\" \/>\n<meta property=\"og:description\" content=\"Wenn duKommentare, Fragen, Vorschl\u00e4ge oder Ratschl\u00e4ge hasf, f\u00fcll bitte das folgende Formular mit deinen Angaben und Kommentaren aus.\" \/>\n<meta property=\"og:url\" content=\"https:\/\/www.smokingpaper.com\/de\/kontact\/\" \/>\n<meta property=\"og:site_name\" content=\"Smoking\" \/>\n<meta property=\"article:modified_time\" content=\"2026-02-26T14:54:22+00:00\" \/>\n<meta name=\"twitter:card\" content=\"summary_large_image\" \/>\n<!-- \/ Yoast SEO plugin. -->","yoast_head_json":{"title":"Kontact | Smoking Paper","description":"Wenn duKommentare, Fragen, Vorschl\u00e4ge oder Ratschl\u00e4ge hasf, f\u00fcll bitte das folgende Formular mit deinen Angaben und Kommentaren aus.","robots":{"index":"index","follow":"follow","max-snippet":"max-snippet:-1","max-image-preview":"max-image-preview:large","max-video-preview":"max-video-preview:-1"},"canonical":"https:\/\/www.smokingpaper.com\/de\/kontact\/","og_locale":"de_DE","og_type":"article","og_title":"Kontact | Smoking Paper","og_description":"Wenn duKommentare, Fragen, Vorschl\u00e4ge oder Ratschl\u00e4ge hasf, f\u00fcll bitte das folgende Formular mit deinen Angaben und Kommentaren aus.","og_url":"https:\/\/www.smokingpaper.com\/de\/kontact\/","og_site_name":"Smoking","article_modified_time":"2026-02-26T14:54:22+00:00","twitter_card":"summary_large_image","schema":{"@context":"https:\/\/schema.org","@graph":[{"@type":"BreadcrumbList","@id":"https:\/\/www.smokingpaper.com\/de\/kontact\/#breadcrumb","itemListElement":[{"@type":"ListItem","position":1,"name":"Home","item":"https:\/\/www.smokingpaper.com\/de\/"},{"@type":"ListItem","position":2,"name":"Kontact"}]}]}},"_links":{"self":[{"href":"https:\/\/www.smokingpaper.com\/de\/wp-json\/wp\/v2\/pages\/1613","targetHints":{"allow":["GET"]}}],"collection":[{"href":"https:\/\/www.smokingpaper.com\/de\/wp-json\/wp\/v2\/pages"}],"about":[{"href":"https:\/\/www.smokingpaper.com\/de\/wp-json\/wp\/v2\/types\/page"}],"author":[{"embeddable":true,"href":"https:\/\/www.smokingpaper.com\/de\/wp-json\/wp\/v2\/users\/2"}],"replies":[{"embeddable":true,"href":"https:\/\/www.smokingpaper.com\/de\/wp-json\/wp\/v2\/comments?post=1613"}],"version-history":[{"count":19,"href":"https:\/\/www.smokingpaper.com\/de\/wp-json\/wp\/v2\/pages\/1613\/revisions"}],"predecessor-version":[{"id":13925,"href":"https:\/\/www.smokingpaper.com\/de\/wp-json\/wp\/v2\/pages\/1613\/revisions\/13925"}],"wp:attachment":[{"href":"https:\/\/www.smokingpaper.com\/de\/wp-json\/wp\/v2\/media?parent=1613"}],"curies":[{"name":"wp","href":"https:\/\/api.w.org\/{rel}","templated":true}]}}