{"id":1551,"date":"2021-12-08T01:20:44","date_gmt":"2021-12-08T00:20:44","guid":{"rendered":"http:\/\/new.smokingpaper.com\/?page_id=1551"},"modified":"2024-11-04T08:49:58","modified_gmt":"2024-11-04T07:49:58","slug":"datenschutz-bestimmungen","status":"publish","type":"page","link":"https:\/\/www.smokingpaper.com\/de\/datenschutz-bestimmungen\/","title":{"rendered":"Datenschutz-Bestimmungen"},"content":{"rendered":"<h2 class=\"title\"><strong>1. BENUTZERINFORMATIONEN<\/strong><\/h2>\n<div class=\"content\">\n<p><strong>Warum k\u00f6nnen wir Ihre personenbezogenen Daten verarbeiten?<\/strong><\/p>\n<p>MIQUEL Y COSTAS &amp; MIQUEL, S.A. ist der VERANTWORTLICHE f\u00fcr die Behandlung der pers\u00f6nlichen Daten des BENUTZERS und informiert Sie, dass diese Daten in \u00dcbereinstimmung mit den Bestimmungen der Verordnung (EU) 2016\/679 vom 27. April (GDPR) und dem Organgesetz 3\/2018 vom 5. Dezember (LOPDGDD) behandelt werden.<\/p>\n<p><strong>Wozu verwenden wir Ihre pers\u00f6nlichen Daten?<\/strong><\/p>\n<p>Zur Aufrechterhaltung einer Gesch\u00e4ftsbeziehung mit dem Benutzer. Die f\u00fcr die Durchf\u00fchrung der Verarbeitung vorgesehenen Vorg\u00e4nge sind:<\/p>\n<ul>\n<li>Weiterleitung kommerzieller Werbemitteilungen per E-Mail, Fax, SMS, MMS, soziale Netzwerke oder jedes andere gegenw\u00e4rtige oder zuk\u00fcnftige elektronische oder physische Mittel, das die Durchf\u00fchrung kommerzieller Mitteilungen erm\u00f6glicht. Diese Mitteilungen werden von der VERANTWORTLICHEN PARTEI durchgef\u00fchrt und beziehen sich auf ihre Produkte und Dienstleistungen oder die ihrer Mitarbeiter oder Lieferanten, mit denen sie eine Werbevereinbarung getroffen hat. In diesem Fall haben Dritte niemals Zugriff auf die pers\u00f6nlichen Daten.<\/li>\n<li>Durchf\u00fchrung von Marktstudien und statistischen Analysen.<\/li>\n<li>Zur Bearbeitung von Bestellungen, Anfragen, Beantwortung von R\u00fcckfragen oder jeder Art von Anfragen, die vom BENUTZER \u00fcber eines der auf der Website des VERANTWORTLICHEN zur Verf\u00fcgung gestellten Kontaktformulare gestellt werden.<\/li>\n<li>Um den Online-Newsletter, \u00fcber Neuigkeiten, Angebote und Aktionen in unserer T\u00e4tigkeit zu senden.<\/li>\n<\/ul>\n<p><strong>Warum k\u00f6nnen wir Ihre personenbezogenen Daten verarbeiten?<\/strong><\/p>\n<p>Weil die Verarbeitung durch Artikel 6 der GDPR wie folgt legitimiert ist:<\/p>\n<ul>\n<li>Mit der Zustimmung des BENUTZERS: Zusendung von kommerziellen Mitteilungen und des Newsletters.<\/li>\n<li>Im berechtigten Interesse der VERANTWORTLICHEN PERSON: zur Durchf\u00fchrung von Marktstudien, statistischen Analysen usw. und zur Bearbeitung von Bestellungen, Anfragen usw. auf Wunsch des BENUTZERS.<\/li>\n<\/ul>\n<p><strong>Wie lange werden wir Ihre pers\u00f6nlichen Daten aufbewahren?<\/strong><\/p>\n<p>Sie werden nur so lange aufbewahrt, wie es f\u00fcr die Aufrechterhaltung des Zwecks der Verarbeitung erforderlich ist oder wie es gesetzliche Vorschriften f\u00fcr ihre Aufbewahrung vorsehen, und wenn sie f\u00fcr diesen Zweck nicht mehr ben\u00f6tigt werden, werden sie mit geeigneten Sicherheitsma\u00dfnahmen gel\u00f6scht, um sicherzustellen, dass die Daten anonymisiert oder vollst\u00e4ndig vernichtet werden.<\/p>\n<p><strong>An wen geben wir Ihre pers\u00f6nlichen Daten weiter?<\/strong><\/p>\n<p>Es ist keine Weitergabe personenbezogener Daten an Dritte vorgesehen, au\u00dfer, wenn dies f\u00fcr die Entwicklung und Ausf\u00fchrung der Behandlungszwecke erforderlich ist, an unsere Lieferanten von Dienstleistungen im Zusammenhang mit der Kommunikation, mit denen die BETROFFENE PERSON die von den geltenden Datenschutzbestimmungen vorgeschriebenen Vertraulichkeits- und Datenverarbeitungsvertr\u00e4ge unterzeichnet hat.<\/p>\n<p><strong>Was sind Ihre Rechte?<\/strong><\/p>\n<p>Die Rechte des BENUTZERS sind:<\/p>\n<ul>\n<li>Recht auf jederzeitigen Widerruf der Einwilligung.<\/li>\n<li>Recht auf Zugang, Berichtigung, \u00dcbertragbarkeit und L\u00f6schung Ihrer Daten sowie auf Einschr\u00e4nkung oder Widerspruch gegen deren Verarbeitung.<\/li>\n<li>Das Recht, eine Beschwerde bei der Aufsichtsbeh\u00f6rde (www.aepd.es) einzureichen, wenn Sie der Meinung sind, dass die Verarbeitung nicht im Einklang mit den geltenden Vorschriften steht.<\/li>\n<\/ul>\n<p><strong>Kontaktdaten zur Aus\u00fcbung Ihrer Rechte<\/strong>: MIQUEL Y COSTAS &amp; MIQUEL, S.A.. Tuset, 10 Stockwerk 7 &#8211; 08006 Barcelona. E-Mail: sistemas@miquelycostas.com<\/p>\n<p>&nbsp;<\/p>\n<h2><strong>2. OBLIGATORISCHER ODER FAKULTATIVER CHARAKTER DER VOM BENUTZER BEREITGESTELLTEN INFORMATIONEN<\/strong><\/h2>\n<p>&nbsp;<\/p>\n<p>Die BENUTZER akzeptieren durch das Ankreuzen der entsprechenden K\u00e4stchen und die Eingabe von Daten in die mit einem Sternchen (*) gekennzeichneten Felder im Kontaktformular oder in Download-Formularen ausdr\u00fccklich und frei und unmissverst\u00e4ndlich, dass ihre Daten zur Erf\u00fcllung ihrer Anfrage durch den Anbieter notwendig sind, wobei die Angabe von Daten in den \u00fcbrigen Feldern freiwillig ist. Der BENUTZER garantiert, dass die dem VERANTWORTLICHEN zur Verf\u00fcgung gestellten pers\u00f6nlichen Daten wahrheitsgem\u00e4\u00df sind und ist f\u00fcr die Mitteilung von \u00c4nderungen dieser Daten verantwortlich.<\/p>\n<p>Der HAFTUNGSVERWALTER informiert, dass alle \u00fcber die Website angeforderten Daten obligatorisch sind, da sie notwendig sind, um dem BENUTZER einen optimalen Service zu bieten. Falls nicht alle Daten angegeben werden, ist nicht gew\u00e4hrleistet, dass die bereitgestellten Informationen und Dienste vollst\u00e4ndig auf Ihre Bed\u00fcrfnisse abgestimmt sind.<\/p>\n<p>&nbsp;<\/p>\n<h2><strong>3. SICHERHEITSMASSNAHMEN<\/strong><\/h2>\n<p>&nbsp;<\/p>\n<p>dass die verantwortliche Person gem\u00e4\u00df den Bestimmungen der geltenden Vorschriften zum Schutz personenbezogener Daten alle Bestimmungen der GDPR und der LOPDGDD f\u00fcr die Verarbeitung personenbezogener Daten, f\u00fcr die sie verantwortlich ist, einh\u00e4lt und sich eindeutig an die in Artikel 5 der GDPR beschriebenen Grunds\u00e4tze h\u00e4lt, wonach die Daten auf rechtm\u00e4\u00dfige, loyale und transparente Weise in Bezug auf die betroffene Person und angemessen, relevant und auf das Notwendige in Bezug auf die Zwecke, f\u00fcr die sie verarbeitet werden, beschr\u00e4nkt werden.<\/p>\n<p>Der VERANTWORTLICHE garantiert, dass er geeignete technische und organisatorische Ma\u00dfnahmen zur Anwendung der von der DSGVO und der LOPDGDD festgelegten Sicherheitsma\u00dfnahmen getroffen hat, um die Rechte und Freiheiten der NUTZER zu sch\u00fctzen, und dass er ihnen die entsprechenden Informationen mitgeteilt hat, damit sie diese aus\u00fcben k\u00f6nnen.<\/p>\n<p>F\u00fcr weitere Informationen zu den Datenschutzgarantien k\u00f6nnen Sie sich \u00fcber MIQUEL Y COSTAS &amp; MIQUEL, S.A. an den Verantwortlichen wenden. Tuset, 10 Stockwerk 7 &#8211; 08006 Barcelona. E-Mail: sistemas@miquelycostas.com<\/p>\n<\/div>\n","protected":false},"excerpt":{"rendered":"<p>1. BENUTZERINFORMATIONEN Warum k\u00f6nnen wir Ihre personenbezogenen Daten verarbeiten? MIQUEL Y COSTAS &amp; MIQUEL, S.A. ist der VERANTWORTLICHE f\u00fcr die Behandlung der pers\u00f6nlichen Daten des BENUTZERS und informiert Sie, dass diese Daten in \u00dcbereinstimmung mit den Bestimmungen der Verordnung (EU) 2016\/679 vom 27. April (GDPR) und dem Organgesetz 3\/2018 vom 5. Dezember (LOPDGDD) behandelt werden. [&hellip;]<\/p>\n","protected":false},"author":2,"featured_media":0,"parent":0,"menu_order":0,"comment_status":"closed","ping_status":"closed","template":"template-pages\/privacy.php","meta":{"_acf_changed":false,"inline_featured_image":false,"footnotes":""},"class_list":["post-1551","page","type-page","status-publish","hentry"],"acf":[],"yoast_head":"<!-- This site is optimized with the Yoast SEO plugin v26.2 - https:\/\/yoast.com\/wordpress\/plugins\/seo\/ -->\n<title>Datenschutz-Bestimmungen | Smoking<\/title>\n<meta name=\"robots\" content=\"noindex, nofollow\" \/>\n<meta property=\"og:locale\" content=\"de_DE\" \/>\n<meta property=\"og:type\" content=\"article\" \/>\n<meta property=\"og:title\" content=\"Datenschutz-Bestimmungen | Smoking\" \/>\n<meta property=\"og:description\" content=\"1. BENUTZERINFORMATIONEN Warum k\u00f6nnen wir Ihre personenbezogenen Daten verarbeiten? MIQUEL Y COSTAS &amp; MIQUEL, S.A. ist der VERANTWORTLICHE f\u00fcr die Behandlung der pers\u00f6nlichen Daten des BENUTZERS und informiert Sie, dass diese Daten in \u00dcbereinstimmung mit den Bestimmungen der Verordnung (EU) 2016\/679 vom 27. April (GDPR) und dem Organgesetz 3\/2018 vom 5. Dezember (LOPDGDD) behandelt werden. [&hellip;]\" \/>\n<meta property=\"og:url\" content=\"https:\/\/www.smokingpaper.com\/de\/datenschutz-bestimmungen\/\" \/>\n<meta property=\"og:site_name\" content=\"Smoking\" \/>\n<meta property=\"article:modified_time\" content=\"2024-11-04T07:49:58+00:00\" \/>\n<meta name=\"twitter:card\" content=\"summary_large_image\" \/>\n<meta name=\"twitter:label1\" content=\"Gesch\u00e4tzte Lesezeit\" \/>\n\t<meta name=\"twitter:data1\" content=\"4\u00a0Minute\" \/>\n<!-- \/ Yoast SEO plugin. -->","yoast_head_json":{"title":"Datenschutz-Bestimmungen | Smoking","robots":{"index":"noindex","follow":"nofollow"},"og_locale":"de_DE","og_type":"article","og_title":"Datenschutz-Bestimmungen | Smoking","og_description":"1. BENUTZERINFORMATIONEN Warum k\u00f6nnen wir Ihre personenbezogenen Daten verarbeiten? MIQUEL Y COSTAS &amp; MIQUEL, S.A. ist der VERANTWORTLICHE f\u00fcr die Behandlung der pers\u00f6nlichen Daten des BENUTZERS und informiert Sie, dass diese Daten in \u00dcbereinstimmung mit den Bestimmungen der Verordnung (EU) 2016\/679 vom 27. April (GDPR) und dem Organgesetz 3\/2018 vom 5. Dezember (LOPDGDD) behandelt werden. [&hellip;]","og_url":"https:\/\/www.smokingpaper.com\/de\/datenschutz-bestimmungen\/","og_site_name":"Smoking","article_modified_time":"2024-11-04T07:49:58+00:00","twitter_card":"summary_large_image","twitter_misc":{"Gesch\u00e4tzte Lesezeit":"4\u00a0Minute"},"schema":{"@context":"https:\/\/schema.org","@graph":[{"@type":"BreadcrumbList","@id":"https:\/\/www.smokingpaper.com\/de\/datenschutz-bestimmungen\/#breadcrumb","itemListElement":[{"@type":"ListItem","position":1,"name":"Home","item":"https:\/\/www.smokingpaper.com\/de\/"},{"@type":"ListItem","position":2,"name":"Datenschutz-Bestimmungen"}]}]}},"_links":{"self":[{"href":"https:\/\/www.smokingpaper.com\/de\/wp-json\/wp\/v2\/pages\/1551","targetHints":{"allow":["GET"]}}],"collection":[{"href":"https:\/\/www.smokingpaper.com\/de\/wp-json\/wp\/v2\/pages"}],"about":[{"href":"https:\/\/www.smokingpaper.com\/de\/wp-json\/wp\/v2\/types\/page"}],"author":[{"embeddable":true,"href":"https:\/\/www.smokingpaper.com\/de\/wp-json\/wp\/v2\/users\/2"}],"replies":[{"embeddable":true,"href":"https:\/\/www.smokingpaper.com\/de\/wp-json\/wp\/v2\/comments?post=1551"}],"version-history":[{"count":4,"href":"https:\/\/www.smokingpaper.com\/de\/wp-json\/wp\/v2\/pages\/1551\/revisions"}],"predecessor-version":[{"id":10605,"href":"https:\/\/www.smokingpaper.com\/de\/wp-json\/wp\/v2\/pages\/1551\/revisions\/10605"}],"wp:attachment":[{"href":"https:\/\/www.smokingpaper.com\/de\/wp-json\/wp\/v2\/media?parent=1551"}],"curies":[{"name":"wp","href":"https:\/\/api.w.org\/{rel}","templated":true}]}}