{"id":1454,"date":"2021-12-07T13:55:13","date_gmt":"2021-12-07T12:55:13","guid":{"rendered":"http:\/\/new.smokingpaper.com\/home\/"},"modified":"2026-01-21T08:50:38","modified_gmt":"2026-01-21T07:50:38","slug":"home","status":"publish","type":"page","link":"https:\/\/www.smokingpaper.com\/de\/","title":{"rendered":"Home"},"content":{"rendered":"","protected":false},"excerpt":{"rendered":"","protected":false},"author":2,"featured_media":0,"parent":0,"menu_order":0,"comment_status":"closed","ping_status":"closed","template":"frontpage.php","meta":{"_acf_changed":false,"inline_featured_image":false,"footnotes":""},"class_list":["post-1454","page","type-page","status-publish","hentry"],"acf":[],"yoast_head":"<!-- This site is optimized with the Yoast SEO plugin v26.2 - https:\/\/yoast.com\/wordpress\/plugins\/seo\/ -->\n<title>Rolling Papers | Smoking<\/title>\n<meta name=\"description\" content=\"Smoking, Zigarettenpapier seit 1879, f\u00fcr alle Tabaksorten und mit verschiedenen Papiergr\u00f6\u00dfen, an verschiedenen Rauchern angepasst. Schauen Sie sich um!\" \/>\n<meta name=\"robots\" content=\"index, follow, max-snippet:-1, max-image-preview:large, max-video-preview:-1\" \/>\n<link rel=\"canonical\" href=\"https:\/\/www.smokingpaper.com\/de\/\" \/>\n<meta property=\"og:locale\" content=\"de_DE\" \/>\n<meta property=\"og:type\" content=\"article\" \/>\n<meta property=\"og:title\" content=\"Rolling Papers | Smoking\" \/>\n<meta property=\"og:description\" content=\"Smoking, Zigarettenpapier seit 1879, f\u00fcr alle Tabaksorten und mit verschiedenen Papiergr\u00f6\u00dfen, an verschiedenen Rauchern angepasst. Schauen Sie sich um!\" \/>\n<meta property=\"og:url\" content=\"https:\/\/www.smokingpaper.com\/de\/\" \/>\n<meta property=\"og:site_name\" content=\"Smoking\" \/>\n<meta property=\"article:modified_time\" content=\"2026-01-21T07:50:38+00:00\" \/>\n<meta name=\"twitter:card\" content=\"summary_large_image\" \/>\n<!-- \/ Yoast SEO plugin. -->","yoast_head_json":{"title":"Rolling Papers | Smoking","description":"Smoking, Zigarettenpapier seit 1879, f\u00fcr alle Tabaksorten und mit verschiedenen Papiergr\u00f6\u00dfen, an verschiedenen Rauchern angepasst. Schauen Sie sich um!","robots":{"index":"index","follow":"follow","max-snippet":"max-snippet:-1","max-image-preview":"max-image-preview:large","max-video-preview":"max-video-preview:-1"},"canonical":"https:\/\/www.smokingpaper.com\/de\/","og_locale":"de_DE","og_type":"article","og_title":"Rolling Papers | Smoking","og_description":"Smoking, Zigarettenpapier seit 1879, f\u00fcr alle Tabaksorten und mit verschiedenen Papiergr\u00f6\u00dfen, an verschiedenen Rauchern angepasst. Schauen Sie sich um!","og_url":"https:\/\/www.smokingpaper.com\/de\/","og_site_name":"Smoking","article_modified_time":"2026-01-21T07:50:38+00:00","twitter_card":"summary_large_image","schema":{"@context":"https:\/\/schema.org","@graph":[{"@type":"BreadcrumbList","@id":"https:\/\/www.smokingpaper.com\/de\/#breadcrumb","itemListElement":[{"@type":"ListItem","position":1,"name":"Home","item":"https:\/\/www.smokingpaper.com\/de\/"},{"@type":"ListItem","position":2,"name":"Home"}]}]}},"_links":{"self":[{"href":"https:\/\/www.smokingpaper.com\/de\/wp-json\/wp\/v2\/pages\/1454","targetHints":{"allow":["GET"]}}],"collection":[{"href":"https:\/\/www.smokingpaper.com\/de\/wp-json\/wp\/v2\/pages"}],"about":[{"href":"https:\/\/www.smokingpaper.com\/de\/wp-json\/wp\/v2\/types\/page"}],"author":[{"embeddable":true,"href":"https:\/\/www.smokingpaper.com\/de\/wp-json\/wp\/v2\/users\/2"}],"replies":[{"embeddable":true,"href":"https:\/\/www.smokingpaper.com\/de\/wp-json\/wp\/v2\/comments?post=1454"}],"version-history":[{"count":72,"href":"https:\/\/www.smokingpaper.com\/de\/wp-json\/wp\/v2\/pages\/1454\/revisions"}],"predecessor-version":[{"id":13692,"href":"https:\/\/www.smokingpaper.com\/de\/wp-json\/wp\/v2\/pages\/1454\/revisions\/13692"}],"wp:attachment":[{"href":"https:\/\/www.smokingpaper.com\/de\/wp-json\/wp\/v2\/media?parent=1454"}],"curies":[{"name":"wp","href":"https:\/\/api.w.org\/{rel}","templated":true}]}}